{"id":15623,"date":"2026-04-22T12:44:03","date_gmt":"2026-04-22T10:44:03","guid":{"rendered":"https:\/\/x-peptides.com\/?post_type=product&#038;p=15623"},"modified":"2026-04-22T12:45:47","modified_gmt":"2026-04-22T10:45:47","slug":"slu-pp","status":"publish","type":"product","link":"https:\/\/x-peptides.com\/fr\/produkt\/slu-pp\/","title":{"rendered":"SLU-PP 5 mg"},"content":{"rendered":"<p data-start=\"75\" data-end=\"379\"><strong>SLU-PP<\/strong> est un compos\u00e9 \u00e9tudi\u00e9 dans la recherche scientifique pour son lien avec la r\u00e9gulation du m\u00e9tabolisme et les processus li\u00e9s \u00e0 l\u2019\u00e9nergie. Il appartient \u00e0 un groupe de mol\u00e9cules analys\u00e9es pour leur r\u00f4le dans les voies de signalisation cellulaire associ\u00e9es au m\u00e9tabolisme et \u00e0 l\u2019\u00e9quilibre \u00e9nerg\u00e9tique.<\/p>\n<p data-start=\"381\" data-end=\"825\">Les observations issues de la recherche sugg\u00e8rent que des compos\u00e9s de ce type peuvent \u00eatre impliqu\u00e9s dans des voies li\u00e9es \u00e0 l\u2019activit\u00e9 mitochondriale, \u00e0 l\u2019utilisation des substrats \u00e9nerg\u00e9tiques et \u00e0 la dynamique \u00e9nerg\u00e9tique des cellules. Des \u00e9tudes ont explor\u00e9 leur interaction avec les processus m\u00e9taboliques, notamment des m\u00e9canismes associ\u00e9s \u00e0 la d\u00e9pense \u00e9nerg\u00e9tique et \u00e0 la r\u00e9gulation des fonctions m\u00e9taboliques dans diff\u00e9rentes conditions.<\/p>\n<p data-start=\"827\" data-end=\"1299\"><strong data-start=\"827\" data-end=\"898\">R\u00e9actif de laboratoire \u2013 r\u00e9serv\u00e9 \u00e0 un usage de recherche uniquement<\/strong><br data-start=\"898\" data-end=\"901\" \/>Ce produit est class\u00e9 comme r\u00e9actif chimique destin\u00e9 exclusivement \u00e0 un usage en recherche et doit \u00eatre manipul\u00e9 par des professionnels qualifi\u00e9s dans des conditions de laboratoire. Il ne s\u2019agit pas d\u2019un compl\u00e9ment alimentaire, d\u2019un m\u00e9dicament ni d\u2019un produit alimentaire, et il n\u2019est pas destin\u00e9 \u00e0 la consommation humaine. Toutes les informations fournies le sont \u00e0 des fins \u00e9ducatives uniquement.<\/p>\n","protected":false},"excerpt":{"rendered":"<p>SLU-PP est un compos\u00e9 \u00e9tudi\u00e9 dans la recherche scientifique pour son lien avec la r\u00e9gulation du m\u00e9tabolisme et les processus li\u00e9s \u00e0 l\u2019\u00e9nergie. Il appartient \u00e0 un groupe de mol\u00e9cules analys\u00e9es pour leur r\u00f4le dans les voies de signalisation cellulaire associ\u00e9es au m\u00e9tabolisme et \u00e0 l\u2019\u00e9quilibre \u00e9nerg\u00e9tique. Les observations issues de la recherche sugg\u00e8rent que&#8230;<\/p>\n","protected":false},"featured_media":15622,"comment_status":"open","ping_status":"closed","template":"","meta":{"_kadence_starter_templates_imported_post":false,"_kad_post_transparent":"default","_kad_post_title":"","_kad_post_layout":"default","_kad_post_sidebar_id":"","_kad_post_content_style":"default","_kad_post_vertical_padding":"default","_kad_post_feature":"","_kad_post_feature_position":"","_kad_post_header":false,"_kad_post_footer":false,"_kad_post_classname":""},"product_brand":[],"product_cat":[146,113,87,111,145],"product_tag":[],"class_list":{"0":"post-15623","1":"product","2":"type-product","3":"status-publish","4":"has-post-thumbnail","6":"product_cat-croissance-musculaire","7":"product_cat-fioles","8":"product_cat-non-classe","9":"product_cat-peptides","10":"product_cat-perte-de-poids","12":"first","13":"instock","14":"shipping-taxable","15":"purchasable","16":"product-type-simple","17":"entry","18":"content-bg","19":"loop-entry"},"_links":{"self":[{"href":"https:\/\/x-peptides.com\/fr\/wp-json\/wp\/v2\/product\/15623","targetHints":{"allow":["GET"]}}],"collection":[{"href":"https:\/\/x-peptides.com\/fr\/wp-json\/wp\/v2\/product"}],"about":[{"href":"https:\/\/x-peptides.com\/fr\/wp-json\/wp\/v2\/types\/product"}],"replies":[{"embeddable":true,"href":"https:\/\/x-peptides.com\/fr\/wp-json\/wp\/v2\/comments?post=15623"}],"wp:featuredmedia":[{"embeddable":true,"href":"https:\/\/x-peptides.com\/fr\/wp-json\/wp\/v2\/media\/15622"}],"wp:attachment":[{"href":"https:\/\/x-peptides.com\/fr\/wp-json\/wp\/v2\/media?parent=15623"}],"wp:term":[{"taxonomy":"product_brand","embeddable":true,"href":"https:\/\/x-peptides.com\/fr\/wp-json\/wp\/v2\/product_brand?post=15623"},{"taxonomy":"product_cat","embeddable":true,"href":"https:\/\/x-peptides.com\/fr\/wp-json\/wp\/v2\/product_cat?post=15623"},{"taxonomy":"product_tag","embeddable":true,"href":"https:\/\/x-peptides.com\/fr\/wp-json\/wp\/v2\/product_tag?post=15623"}],"curies":[{"name":"wp","href":"https:\/\/api.w.org\/{rel}","templated":true}]}}