{"id":15602,"date":"2026-04-20T10:13:03","date_gmt":"2026-04-20T08:13:03","guid":{"rendered":"https:\/\/x-peptides.com\/?post_type=product&#038;p=15602"},"modified":"2026-04-20T10:14:11","modified_gmt":"2026-04-20T08:14:11","slug":"vesugen-20-mg","status":"publish","type":"product","link":"https:\/\/x-peptides.com\/fr\/produkt\/vesugen-20-mg\/","title":{"rendered":"Vesugen 20 mg"},"content":{"rendered":"<p data-start=\"75\" data-end=\"317\"><strong>Vesugen<\/strong> est un peptide \u00e9tudi\u00e9 dans la recherche scientifique pour son lien avec les tissus vasculaires. Il appartient \u00e0 un groupe de peptides bioactifs analys\u00e9s pour leur r\u00f4le dans la r\u00e9gulation cellulaire et l\u2019activit\u00e9 sp\u00e9cifique des tissus.<\/p>\n<p data-start=\"319\" data-end=\"792\">Les observations issues de la recherche sugg\u00e8rent que des peptides de ce type peuvent \u00eatre impliqu\u00e9s dans des processus cellulaires li\u00e9s \u00e0 la structure et au fonctionnement des vaisseaux sanguins. Dans des conditions exp\u00e9rimentales, ils ont \u00e9t\u00e9 associ\u00e9s \u00e0 des voies impliquant l\u2019activit\u00e9 des cellules endoth\u00e9liales, la communication cellulaire ainsi que des m\u00e9canismes contribuant au maintien de l\u2019int\u00e9grit\u00e9 fonctionnelle des tissus vasculaires dans diff\u00e9rentes conditions.<\/p>\n<p data-start=\"794\" data-end=\"1266\"><strong data-start=\"794\" data-end=\"865\">R\u00e9actif de laboratoire \u2013 r\u00e9serv\u00e9 \u00e0 un usage de recherche uniquement<\/strong><br data-start=\"865\" data-end=\"868\" \/>Ce produit est class\u00e9 comme r\u00e9actif chimique destin\u00e9 exclusivement \u00e0 un usage en recherche et doit \u00eatre manipul\u00e9 par des professionnels qualifi\u00e9s dans des conditions de laboratoire. Il ne s\u2019agit pas d\u2019un compl\u00e9ment alimentaire, d\u2019un m\u00e9dicament ni d\u2019un produit alimentaire, et il n\u2019est pas destin\u00e9 \u00e0 la consommation humaine. Toutes les informations fournies le sont \u00e0 des fins \u00e9ducatives uniquement.<\/p>\n","protected":false},"excerpt":{"rendered":"<p>Vesugen est un peptide \u00e9tudi\u00e9 dans la recherche scientifique pour son lien avec les tissus vasculaires. Il appartient \u00e0 un groupe de peptides bioactifs analys\u00e9s pour leur r\u00f4le dans la r\u00e9gulation cellulaire et l\u2019activit\u00e9 sp\u00e9cifique des tissus. Les observations issues de la recherche sugg\u00e8rent que des peptides de ce type peuvent \u00eatre impliqu\u00e9s dans des&#8230;<\/p>\n","protected":false},"featured_media":15601,"comment_status":"open","ping_status":"closed","template":"","meta":{"_kadence_starter_templates_imported_post":false,"_kad_post_transparent":"default","_kad_post_title":"","_kad_post_layout":"default","_kad_post_sidebar_id":"","_kad_post_content_style":"default","_kad_post_vertical_padding":"default","_kad_post_feature":"","_kad_post_feature_position":"","_kad_post_header":false,"_kad_post_footer":false,"_kad_post_classname":""},"product_brand":[],"product_cat":[113,87,111,106],"product_tag":[],"class_list":{"0":"post-15602","1":"product","2":"type-product","3":"status-publish","4":"has-post-thumbnail","6":"product_cat-fioles","7":"product_cat-non-classe","8":"product_cat-peptides","9":"product_cat-recuperation","11":"first","12":"instock","13":"shipping-taxable","14":"purchasable","15":"product-type-simple","16":"entry","17":"content-bg","18":"loop-entry"},"_links":{"self":[{"href":"https:\/\/x-peptides.com\/fr\/wp-json\/wp\/v2\/product\/15602","targetHints":{"allow":["GET"]}}],"collection":[{"href":"https:\/\/x-peptides.com\/fr\/wp-json\/wp\/v2\/product"}],"about":[{"href":"https:\/\/x-peptides.com\/fr\/wp-json\/wp\/v2\/types\/product"}],"replies":[{"embeddable":true,"href":"https:\/\/x-peptides.com\/fr\/wp-json\/wp\/v2\/comments?post=15602"}],"wp:featuredmedia":[{"embeddable":true,"href":"https:\/\/x-peptides.com\/fr\/wp-json\/wp\/v2\/media\/15601"}],"wp:attachment":[{"href":"https:\/\/x-peptides.com\/fr\/wp-json\/wp\/v2\/media?parent=15602"}],"wp:term":[{"taxonomy":"product_brand","embeddable":true,"href":"https:\/\/x-peptides.com\/fr\/wp-json\/wp\/v2\/product_brand?post=15602"},{"taxonomy":"product_cat","embeddable":true,"href":"https:\/\/x-peptides.com\/fr\/wp-json\/wp\/v2\/product_cat?post=15602"},{"taxonomy":"product_tag","embeddable":true,"href":"https:\/\/x-peptides.com\/fr\/wp-json\/wp\/v2\/product_tag?post=15602"}],"curies":[{"name":"wp","href":"https:\/\/api.w.org\/{rel}","templated":true}]}}