{"id":15587,"date":"2026-04-20T10:03:20","date_gmt":"2026-04-20T08:03:20","guid":{"rendered":"https:\/\/x-peptides.com\/?post_type=product&#038;p=15587"},"modified":"2026-04-20T10:04:04","modified_gmt":"2026-04-20T08:04:04","slug":"p-21-10-mg","status":"publish","type":"product","link":"https:\/\/x-peptides.com\/fr\/produkt\/p-21-10-mg\/","title":{"rendered":"P-21 10 mg"},"content":{"rendered":"<p data-start=\"75\" data-end=\"399\"><strong>P-21<\/strong> est un peptide \u00e9tudi\u00e9 dans la recherche scientifique pour son lien avec les tissus neuronaux et les processus li\u00e9s \u00e0 la signalisation cellulaire dans le cerveau. Il appartient \u00e0 un groupe de peptides bioactifs analys\u00e9s pour leur r\u00f4le dans la r\u00e9gulation cellulaire et l\u2019activit\u00e9 sp\u00e9cifique des tissus du syst\u00e8me nerveux.<\/p>\n<p data-start=\"401\" data-end=\"837\">Les observations issues de la recherche sugg\u00e8rent que des peptides de ce type peuvent \u00eatre impliqu\u00e9s dans des voies li\u00e9es \u00e0 la communication neuronale, \u00e0 l\u2019activit\u00e9 synaptique ainsi qu\u2019aux processus cellulaires associ\u00e9s aux fonctions cognitives. Des \u00e9tudes ont explor\u00e9 leur interaction avec les cellules nerveuses, notamment des m\u00e9canismes li\u00e9s \u00e0 la transmission des signaux et au maintien de l\u2019\u00e9quilibre fonctionnel du syst\u00e8me nerveux.<\/p>\n<p data-start=\"839\" data-end=\"1311\"><strong data-start=\"839\" data-end=\"910\">R\u00e9actif de laboratoire \u2013 r\u00e9serv\u00e9 \u00e0 un usage de recherche uniquement<\/strong><br data-start=\"910\" data-end=\"913\" \/>Ce produit est class\u00e9 comme r\u00e9actif chimique destin\u00e9 exclusivement \u00e0 un usage en recherche et doit \u00eatre manipul\u00e9 par des professionnels qualifi\u00e9s dans des conditions de laboratoire. Il ne s\u2019agit pas d\u2019un compl\u00e9ment alimentaire, d\u2019un m\u00e9dicament ni d\u2019un produit alimentaire, et il n\u2019est pas destin\u00e9 \u00e0 la consommation humaine. Toutes les informations fournies le sont \u00e0 des fins \u00e9ducatives uniquement.<\/p>\n","protected":false},"excerpt":{"rendered":"<p>P-21 est un peptide \u00e9tudi\u00e9 dans la recherche scientifique pour son lien avec les tissus neuronaux et les processus li\u00e9s \u00e0 la signalisation cellulaire dans le cerveau. Il appartient \u00e0 un groupe de peptides bioactifs analys\u00e9s pour leur r\u00f4le dans la r\u00e9gulation cellulaire et l\u2019activit\u00e9 sp\u00e9cifique des tissus du syst\u00e8me nerveux. Les observations issues de&#8230;<\/p>\n","protected":false},"featured_media":15595,"comment_status":"open","ping_status":"closed","template":"","meta":{"_kadence_starter_templates_imported_post":false,"_kad_post_transparent":"default","_kad_post_title":"","_kad_post_layout":"default","_kad_post_sidebar_id":"","_kad_post_content_style":"default","_kad_post_vertical_padding":"default","_kad_post_feature":"","_kad_post_feature_position":"","_kad_post_header":false,"_kad_post_footer":false,"_kad_post_classname":""},"product_brand":[],"product_cat":[107,113,87,126,111],"product_tag":[],"class_list":{"0":"post-15587","1":"product","2":"type-product","3":"status-publish","4":"has-post-thumbnail","6":"product_cat-cerveau-memoire-et-concentration","7":"product_cat-fioles","8":"product_cat-non-classe","9":"product_cat-nootropics","10":"product_cat-peptides","12":"first","13":"instock","14":"shipping-taxable","15":"purchasable","16":"product-type-simple","17":"entry","18":"content-bg","19":"loop-entry"},"_links":{"self":[{"href":"https:\/\/x-peptides.com\/fr\/wp-json\/wp\/v2\/product\/15587","targetHints":{"allow":["GET"]}}],"collection":[{"href":"https:\/\/x-peptides.com\/fr\/wp-json\/wp\/v2\/product"}],"about":[{"href":"https:\/\/x-peptides.com\/fr\/wp-json\/wp\/v2\/types\/product"}],"replies":[{"embeddable":true,"href":"https:\/\/x-peptides.com\/fr\/wp-json\/wp\/v2\/comments?post=15587"}],"wp:featuredmedia":[{"embeddable":true,"href":"https:\/\/x-peptides.com\/fr\/wp-json\/wp\/v2\/media\/15595"}],"wp:attachment":[{"href":"https:\/\/x-peptides.com\/fr\/wp-json\/wp\/v2\/media?parent=15587"}],"wp:term":[{"taxonomy":"product_brand","embeddable":true,"href":"https:\/\/x-peptides.com\/fr\/wp-json\/wp\/v2\/product_brand?post=15587"},{"taxonomy":"product_cat","embeddable":true,"href":"https:\/\/x-peptides.com\/fr\/wp-json\/wp\/v2\/product_cat?post=15587"},{"taxonomy":"product_tag","embeddable":true,"href":"https:\/\/x-peptides.com\/fr\/wp-json\/wp\/v2\/product_tag?post=15587"}],"curies":[{"name":"wp","href":"https:\/\/api.w.org\/{rel}","templated":true}]}}