{"id":15576,"date":"2026-04-20T09:48:41","date_gmt":"2026-04-20T07:48:41","guid":{"rendered":"https:\/\/x-peptides.com\/?post_type=product&#038;p=15576"},"modified":"2026-04-20T09:50:38","modified_gmt":"2026-04-20T07:50:38","slug":"ovagen-20-mg","status":"publish","type":"product","link":"https:\/\/x-peptides.com\/fr\/produkt\/ovagen-20-mg\/","title":{"rendered":"Ovagen 20 mg"},"content":{"rendered":"<p data-start=\"75\" data-end=\"368\"><strong>Ovagen<\/strong> est un peptide \u00e9tudi\u00e9 dans la recherche scientifique pour son lien avec les tissus reproducteurs, en particulier ceux li\u00e9s \u00e0 la fonction ovarienne. Il appartient \u00e0 un groupe de peptides bioactifs analys\u00e9s pour leur r\u00f4le dans la r\u00e9gulation cellulaire et l\u2019activit\u00e9 sp\u00e9cifique des tissus.<\/p>\n<p data-start=\"370\" data-end=\"832\">Les observations issues de la recherche sugg\u00e8rent que des peptides de ce type peuvent \u00eatre impliqu\u00e9s dans des processus cellulaires li\u00e9s au fonctionnement des tissus ainsi qu\u2019\u00e0 la signalisation r\u00e9gulatrice au sein du syst\u00e8me reproducteur. Des \u00e9tudes ont explor\u00e9 leur interaction avec des cellules associ\u00e9es aux structures ovariennes, notamment des voies li\u00e9es \u00e0 la communication cellulaire et au maintien de l\u2019\u00e9quilibre physiologique dans diff\u00e9rentes conditions.<\/p>\n<p data-start=\"834\" data-end=\"1306\"><strong data-start=\"834\" data-end=\"905\">R\u00e9actif de laboratoire \u2013 r\u00e9serv\u00e9 \u00e0 un usage de recherche uniquement<\/strong><br data-start=\"905\" data-end=\"908\" \/>Ce produit est class\u00e9 comme r\u00e9actif chimique destin\u00e9 exclusivement \u00e0 un usage en recherche et doit \u00eatre manipul\u00e9 par des professionnels qualifi\u00e9s dans des conditions de laboratoire. Il ne s\u2019agit pas d\u2019un compl\u00e9ment alimentaire, d\u2019un m\u00e9dicament ni d\u2019un produit alimentaire, et il n\u2019est pas destin\u00e9 \u00e0 la consommation humaine. Toutes les informations fournies le sont \u00e0 des fins \u00e9ducatives uniquement.<\/p>\n","protected":false},"excerpt":{"rendered":"<p>Ovagen est un peptide \u00e9tudi\u00e9 dans la recherche scientifique pour son lien avec les tissus reproducteurs, en particulier ceux li\u00e9s \u00e0 la fonction ovarienne. Il appartient \u00e0 un groupe de peptides bioactifs analys\u00e9s pour leur r\u00f4le dans la r\u00e9gulation cellulaire et l\u2019activit\u00e9 sp\u00e9cifique des tissus. Les observations issues de la recherche sugg\u00e8rent que des peptides&#8230;<\/p>\n","protected":false},"featured_media":15575,"comment_status":"open","ping_status":"closed","template":"","meta":{"_kadence_starter_templates_imported_post":false,"_kad_post_transparent":"default","_kad_post_title":"","_kad_post_layout":"default","_kad_post_sidebar_id":"","_kad_post_content_style":"default","_kad_post_vertical_padding":"default","_kad_post_feature":"","_kad_post_feature_position":"","_kad_post_header":false,"_kad_post_footer":false,"_kad_post_classname":""},"product_brand":[],"product_cat":[113,87,111],"product_tag":[],"class_list":{"0":"post-15576","1":"product","2":"type-product","3":"status-publish","4":"has-post-thumbnail","6":"product_cat-fioles","7":"product_cat-non-classe","8":"product_cat-peptides","10":"first","11":"instock","12":"shipping-taxable","13":"purchasable","14":"product-type-simple","15":"entry","16":"content-bg","17":"loop-entry"},"_links":{"self":[{"href":"https:\/\/x-peptides.com\/fr\/wp-json\/wp\/v2\/product\/15576","targetHints":{"allow":["GET"]}}],"collection":[{"href":"https:\/\/x-peptides.com\/fr\/wp-json\/wp\/v2\/product"}],"about":[{"href":"https:\/\/x-peptides.com\/fr\/wp-json\/wp\/v2\/types\/product"}],"replies":[{"embeddable":true,"href":"https:\/\/x-peptides.com\/fr\/wp-json\/wp\/v2\/comments?post=15576"}],"wp:featuredmedia":[{"embeddable":true,"href":"https:\/\/x-peptides.com\/fr\/wp-json\/wp\/v2\/media\/15575"}],"wp:attachment":[{"href":"https:\/\/x-peptides.com\/fr\/wp-json\/wp\/v2\/media?parent=15576"}],"wp:term":[{"taxonomy":"product_brand","embeddable":true,"href":"https:\/\/x-peptides.com\/fr\/wp-json\/wp\/v2\/product_brand?post=15576"},{"taxonomy":"product_cat","embeddable":true,"href":"https:\/\/x-peptides.com\/fr\/wp-json\/wp\/v2\/product_cat?post=15576"},{"taxonomy":"product_tag","embeddable":true,"href":"https:\/\/x-peptides.com\/fr\/wp-json\/wp\/v2\/product_tag?post=15576"}],"curies":[{"name":"wp","href":"https:\/\/api.w.org\/{rel}","templated":true}]}}