{"id":15554,"date":"2026-04-20T09:18:17","date_gmt":"2026-04-20T07:18:17","guid":{"rendered":"https:\/\/x-peptides.com\/?post_type=product&#038;p=15554"},"modified":"2026-04-20T09:20:11","modified_gmt":"2026-04-20T07:20:11","slug":"cartalax-20-mg","status":"publish","type":"product","link":"https:\/\/x-peptides.com\/fr\/produkt\/cartalax-20-mg\/","title":{"rendered":"Cartalax 20 mg"},"content":{"rendered":"<p data-start=\"75\" data-end=\"480\"><strong>Cartalax<\/strong> est un peptide \u00e9tudi\u00e9 dans la recherche scientifique pour sa relation avec le cartilage et les tissus conjonctifs, notamment dans le contexte du maintien de l\u2019int\u00e9grit\u00e9 structurelle au niveau cellulaire. Il appartient \u00e0 un groupe de peptides bioactifs analys\u00e9s pour leur r\u00f4le dans la r\u00e9gulation sp\u00e9cifique des tissus et la modulation des processus cellulaires au sein des structures conjonctives.<\/p>\n<p data-start=\"482\" data-end=\"777\">Les observations issues de la recherche sugg\u00e8rent que des peptides de ce type peuvent \u00eatre associ\u00e9s \u00e0 des voies impliqu\u00e9es dans l\u2019organisation de la matrice extracellulaire ainsi que dans la communication cellulaire, essentielles au maintien des propri\u00e9t\u00e9s fonctionnelles des tissus conjonctifs.<\/p>\n<p data-start=\"779\" data-end=\"1251\"><strong data-start=\"779\" data-end=\"850\">R\u00e9actif de laboratoire \u2013 r\u00e9serv\u00e9 \u00e0 un usage de recherche uniquement<\/strong><br data-start=\"850\" data-end=\"853\" \/>Ce produit est class\u00e9 comme r\u00e9actif chimique destin\u00e9 exclusivement \u00e0 un usage en recherche et doit \u00eatre manipul\u00e9 par des professionnels qualifi\u00e9s dans des conditions de laboratoire. Il ne s\u2019agit pas d\u2019un compl\u00e9ment alimentaire, d\u2019un m\u00e9dicament ni d\u2019un produit alimentaire, et il n\u2019est pas destin\u00e9 \u00e0 la consommation humaine. Toutes les informations fournies le sont \u00e0 des fins \u00e9ducatives uniquement.<\/p>\n","protected":false},"excerpt":{"rendered":"<p>Cartalax est un peptide \u00e9tudi\u00e9 dans la recherche scientifique pour sa relation avec le cartilage et les tissus conjonctifs, notamment dans le contexte du maintien de l\u2019int\u00e9grit\u00e9 structurelle au niveau cellulaire. Il appartient \u00e0 un groupe de peptides bioactifs analys\u00e9s pour leur r\u00f4le dans la r\u00e9gulation sp\u00e9cifique des tissus et la modulation des processus cellulaires&#8230;<\/p>\n","protected":false},"featured_media":15553,"comment_status":"open","ping_status":"closed","template":"","meta":{"_kadence_starter_templates_imported_post":false,"_kad_post_transparent":"default","_kad_post_title":"","_kad_post_layout":"default","_kad_post_sidebar_id":"","_kad_post_content_style":"default","_kad_post_vertical_padding":"default","_kad_post_feature":"","_kad_post_feature_position":"","_kad_post_header":false,"_kad_post_footer":false,"_kad_post_classname":""},"product_brand":[],"product_cat":[109,134,113,87,111,106],"product_tag":[],"class_list":{"0":"post-15554","1":"product","2":"type-product","3":"status-publish","4":"has-post-thumbnail","6":"product_cat-anti-age","7":"product_cat-articulations-et-tendons","8":"product_cat-fioles","9":"product_cat-non-classe","10":"product_cat-peptides","11":"product_cat-recuperation","13":"first","14":"instock","15":"shipping-taxable","16":"purchasable","17":"product-type-simple","18":"entry","19":"content-bg","20":"loop-entry"},"_links":{"self":[{"href":"https:\/\/x-peptides.com\/fr\/wp-json\/wp\/v2\/product\/15554","targetHints":{"allow":["GET"]}}],"collection":[{"href":"https:\/\/x-peptides.com\/fr\/wp-json\/wp\/v2\/product"}],"about":[{"href":"https:\/\/x-peptides.com\/fr\/wp-json\/wp\/v2\/types\/product"}],"replies":[{"embeddable":true,"href":"https:\/\/x-peptides.com\/fr\/wp-json\/wp\/v2\/comments?post=15554"}],"wp:featuredmedia":[{"embeddable":true,"href":"https:\/\/x-peptides.com\/fr\/wp-json\/wp\/v2\/media\/15553"}],"wp:attachment":[{"href":"https:\/\/x-peptides.com\/fr\/wp-json\/wp\/v2\/media?parent=15554"}],"wp:term":[{"taxonomy":"product_brand","embeddable":true,"href":"https:\/\/x-peptides.com\/fr\/wp-json\/wp\/v2\/product_brand?post=15554"},{"taxonomy":"product_cat","embeddable":true,"href":"https:\/\/x-peptides.com\/fr\/wp-json\/wp\/v2\/product_cat?post=15554"},{"taxonomy":"product_tag","embeddable":true,"href":"https:\/\/x-peptides.com\/fr\/wp-json\/wp\/v2\/product_tag?post=15554"}],"curies":[{"name":"wp","href":"https:\/\/api.w.org\/{rel}","templated":true}]}}