{"id":15451,"date":"2026-04-17T11:57:50","date_gmt":"2026-04-17T09:57:50","guid":{"rendered":"https:\/\/x-peptides.com\/?post_type=product&#038;p=15451"},"modified":"2026-04-17T12:11:19","modified_gmt":"2026-04-17T10:11:19","slug":"cardiogen-20-mg","status":"publish","type":"product","link":"https:\/\/x-peptides.com\/fr\/produkt\/cardiogen-20-mg\/","title":{"rendered":"Cardiogen 20 mg"},"content":{"rendered":"<p data-start=\"71\" data-end=\"324\"><strong>Cardiogen<\/strong> est un peptide \u00e9tudi\u00e9 dans la recherche scientifique pour sa relation avec les tissus cardiovasculaires. Il appartient \u00e0 un groupe de peptides bioactifs analys\u00e9s pour leur r\u00f4le dans la r\u00e9gulation cellulaire et l\u2019activit\u00e9 sp\u00e9cifique des tissus.<\/p>\n<p data-start=\"326\" data-end=\"959\">Les observations issues de la recherche sugg\u00e8rent que des peptides de ce type peuvent influencer les processus cellulaires au sein du syst\u00e8me cardiovasculaire, notamment l\u2019activit\u00e9 cellulaire, le maintien de la structure ainsi que les voies de signalisation impliqu\u00e9es dans le fonctionnement des tissus. Des \u00e9tudes ont explor\u00e9 son interaction avec les cellules cardiaques ainsi que les m\u00e9canismes li\u00e9s \u00e0 l\u2019\u00e9quilibre cellulaire et \u00e0 la communication intercellulaire. Cardiogen fait partie d\u2019une classe plus large de peptides \u00e9tudi\u00e9s pour leur interaction cibl\u00e9e avec des tissus sp\u00e9cifiques, notamment le c\u0153ur et le syst\u00e8me vasculaire.<\/p>\n<p data-start=\"961\" data-end=\"1433\"><strong data-start=\"961\" data-end=\"1032\">R\u00e9actif de laboratoire \u2013 r\u00e9serv\u00e9 \u00e0 un usage de recherche uniquement<\/strong><br data-start=\"1032\" data-end=\"1035\" \/>Ce produit est class\u00e9 comme r\u00e9actif chimique destin\u00e9 exclusivement \u00e0 un usage en recherche et doit \u00eatre manipul\u00e9 par des professionnels qualifi\u00e9s dans des conditions de laboratoire. Il ne s\u2019agit pas d\u2019un compl\u00e9ment alimentaire, d\u2019un m\u00e9dicament ni d\u2019un produit alimentaire, et il n\u2019est pas destin\u00e9 \u00e0 la consommation humaine. Toutes les informations fournies le sont \u00e0 des fins \u00e9ducatives uniquement.<\/p>\n","protected":false},"excerpt":{"rendered":"<p>Cardiogen est un peptide \u00e9tudi\u00e9 dans la recherche scientifique pour sa relation avec les tissus cardiovasculaires. Il appartient \u00e0 un groupe de peptides bioactifs analys\u00e9s pour leur r\u00f4le dans la r\u00e9gulation cellulaire et l\u2019activit\u00e9 sp\u00e9cifique des tissus. Les observations issues de la recherche sugg\u00e8rent que des peptides de ce type peuvent influencer les processus cellulaires&#8230;<\/p>\n","protected":false},"featured_media":15450,"comment_status":"open","ping_status":"closed","template":"","meta":{"_kadence_starter_templates_imported_post":false,"_kad_post_transparent":"default","_kad_post_title":"","_kad_post_layout":"default","_kad_post_sidebar_id":"","_kad_post_content_style":"default","_kad_post_vertical_padding":"default","_kad_post_feature":"","_kad_post_feature_position":"","_kad_post_header":false,"_kad_post_footer":false,"_kad_post_classname":""},"product_brand":[],"product_cat":[109,113,87,111,106],"product_tag":[],"class_list":{"0":"post-15451","1":"product","2":"type-product","3":"status-publish","4":"has-post-thumbnail","6":"product_cat-anti-age","7":"product_cat-fioles","8":"product_cat-non-classe","9":"product_cat-peptides","10":"product_cat-recuperation","12":"first","13":"instock","14":"shipping-taxable","15":"purchasable","16":"product-type-simple","17":"entry","18":"content-bg","19":"loop-entry"},"_links":{"self":[{"href":"https:\/\/x-peptides.com\/fr\/wp-json\/wp\/v2\/product\/15451","targetHints":{"allow":["GET"]}}],"collection":[{"href":"https:\/\/x-peptides.com\/fr\/wp-json\/wp\/v2\/product"}],"about":[{"href":"https:\/\/x-peptides.com\/fr\/wp-json\/wp\/v2\/types\/product"}],"replies":[{"embeddable":true,"href":"https:\/\/x-peptides.com\/fr\/wp-json\/wp\/v2\/comments?post=15451"}],"wp:featuredmedia":[{"embeddable":true,"href":"https:\/\/x-peptides.com\/fr\/wp-json\/wp\/v2\/media\/15450"}],"wp:attachment":[{"href":"https:\/\/x-peptides.com\/fr\/wp-json\/wp\/v2\/media?parent=15451"}],"wp:term":[{"taxonomy":"product_brand","embeddable":true,"href":"https:\/\/x-peptides.com\/fr\/wp-json\/wp\/v2\/product_brand?post=15451"},{"taxonomy":"product_cat","embeddable":true,"href":"https:\/\/x-peptides.com\/fr\/wp-json\/wp\/v2\/product_cat?post=15451"},{"taxonomy":"product_tag","embeddable":true,"href":"https:\/\/x-peptides.com\/fr\/wp-json\/wp\/v2\/product_tag?post=15451"}],"curies":[{"name":"wp","href":"https:\/\/api.w.org\/{rel}","templated":true}]}}