{"id":15429,"date":"2026-04-17T11:34:13","date_gmt":"2026-04-17T09:34:13","guid":{"rendered":"https:\/\/x-peptides.com\/?post_type=product&#038;p=15429"},"modified":"2026-04-17T11:36:22","modified_gmt":"2026-04-17T09:36:22","slug":"vilon-20-mg","status":"publish","type":"product","link":"https:\/\/x-peptides.com\/fr\/produkt\/vilon-20-mg\/","title":{"rendered":"Vilon 20 mg"},"content":{"rendered":"<p data-start=\"83\" data-end=\"389\"><strong>Vilon<\/strong> est un peptide \u00e0 cha\u00eene courte \u00e9tudi\u00e9 dans la recherche scientifique pour son r\u00f4le dans la signalisation cellulaire et les processus de r\u00e9gulation. Il appartient \u00e0 une classe de peptides bioactifs analys\u00e9s pour leur interaction avec le mat\u00e9riel g\u00e9n\u00e9tique et leur influence sur la fonction cellulaire.<\/p>\n<p data-start=\"391\" data-end=\"643\">Les observations issues de la recherche sugg\u00e8rent que des peptides de ce type peuvent affecter l\u2019expression des g\u00e8nes et la synth\u00e8se des prot\u00e9ines, soutenant des m\u00e9canismes cl\u00e9s impliqu\u00e9s dans l\u2019\u00e9quilibre cellulaire et la communication intercellulaire.<\/p>\n<p data-start=\"645\" data-end=\"1117\"><strong data-start=\"645\" data-end=\"716\">R\u00e9actif de laboratoire \u2013 r\u00e9serv\u00e9 \u00e0 un usage de recherche uniquement<\/strong><br data-start=\"716\" data-end=\"719\" \/>Ce produit est class\u00e9 comme r\u00e9actif chimique destin\u00e9 exclusivement \u00e0 un usage en recherche et doit \u00eatre manipul\u00e9 par des professionnels qualifi\u00e9s dans des conditions de laboratoire. Il ne s\u2019agit pas d\u2019un compl\u00e9ment alimentaire, d\u2019un m\u00e9dicament ni d\u2019un produit alimentaire, et il n\u2019est pas destin\u00e9 \u00e0 la consommation humaine. Toutes les informations fournies le sont \u00e0 des fins \u00e9ducatives uniquement.<\/p>\n","protected":false},"excerpt":{"rendered":"<p>Vilon est un peptide \u00e0 cha\u00eene courte \u00e9tudi\u00e9 dans la recherche scientifique pour son r\u00f4le dans la signalisation cellulaire et les processus de r\u00e9gulation. Il appartient \u00e0 une classe de peptides bioactifs analys\u00e9s pour leur interaction avec le mat\u00e9riel g\u00e9n\u00e9tique et leur influence sur la fonction cellulaire. Les observations issues de la recherche sugg\u00e8rent que&#8230;<\/p>\n","protected":false},"featured_media":15426,"comment_status":"open","ping_status":"closed","template":"","meta":{"_kadence_starter_templates_imported_post":false,"_kad_post_transparent":"default","_kad_post_title":"","_kad_post_layout":"default","_kad_post_sidebar_id":"","_kad_post_content_style":"default","_kad_post_vertical_padding":"default","_kad_post_feature":"","_kad_post_feature_position":"","_kad_post_header":false,"_kad_post_footer":false,"_kad_post_classname":""},"product_brand":[],"product_cat":[109,113,87,111,106],"product_tag":[],"class_list":{"0":"post-15429","1":"product","2":"type-product","3":"status-publish","4":"has-post-thumbnail","6":"product_cat-anti-age","7":"product_cat-fioles","8":"product_cat-non-classe","9":"product_cat-peptides","10":"product_cat-recuperation","12":"first","13":"instock","14":"shipping-taxable","15":"purchasable","16":"product-type-simple","17":"entry","18":"content-bg","19":"loop-entry"},"_links":{"self":[{"href":"https:\/\/x-peptides.com\/fr\/wp-json\/wp\/v2\/product\/15429","targetHints":{"allow":["GET"]}}],"collection":[{"href":"https:\/\/x-peptides.com\/fr\/wp-json\/wp\/v2\/product"}],"about":[{"href":"https:\/\/x-peptides.com\/fr\/wp-json\/wp\/v2\/types\/product"}],"replies":[{"embeddable":true,"href":"https:\/\/x-peptides.com\/fr\/wp-json\/wp\/v2\/comments?post=15429"}],"wp:featuredmedia":[{"embeddable":true,"href":"https:\/\/x-peptides.com\/fr\/wp-json\/wp\/v2\/media\/15426"}],"wp:attachment":[{"href":"https:\/\/x-peptides.com\/fr\/wp-json\/wp\/v2\/media?parent=15429"}],"wp:term":[{"taxonomy":"product_brand","embeddable":true,"href":"https:\/\/x-peptides.com\/fr\/wp-json\/wp\/v2\/product_brand?post=15429"},{"taxonomy":"product_cat","embeddable":true,"href":"https:\/\/x-peptides.com\/fr\/wp-json\/wp\/v2\/product_cat?post=15429"},{"taxonomy":"product_tag","embeddable":true,"href":"https:\/\/x-peptides.com\/fr\/wp-json\/wp\/v2\/product_tag?post=15429"}],"curies":[{"name":"wp","href":"https:\/\/api.w.org\/{rel}","templated":true}]}}