{"id":15416,"date":"2026-04-17T11:24:42","date_gmt":"2026-04-17T09:24:42","guid":{"rendered":"https:\/\/x-peptides.com\/?post_type=product&#038;p=15416"},"modified":"2026-04-17T11:28:28","modified_gmt":"2026-04-17T09:28:28","slug":"bronchogen-20-mg","status":"publish","type":"product","link":"https:\/\/x-peptides.com\/fr\/produkt\/bronchogen-20-mg\/","title":{"rendered":"Bronchogen 20 mg"},"content":{"rendered":"<p data-start=\"145\" data-end=\"447\"><strong>Bronchogen<\/strong> est un complexe peptidique \u00e0 cha\u00eene courte qui a \u00e9t\u00e9 \u00e9tudi\u00e9 dans le cadre de recherches scientifiques pour sa relation avec les tissus bronchiques et pulmonaires. Il appartient \u00e0 un groupe de peptides analys\u00e9s pour leur r\u00f4le dans la r\u00e9gulation cellulaire et l\u2019activit\u00e9 sp\u00e9cifique des tissus.<\/p>\n<p data-start=\"449\" data-end=\"719\">Les observations issues de la recherche sugg\u00e8rent que des peptides de ce type peuvent influencer les processus cellulaires au sein des tissus respiratoires, notamment l\u2019activit\u00e9 cellulaire, le maintien de la structure ainsi que la r\u00e9g\u00e9n\u00e9ration au niveau de l\u2019\u00e9pith\u00e9lium.<\/p>\n<p data-start=\"721\" data-end=\"1193\"><strong data-start=\"721\" data-end=\"792\">R\u00e9actif de laboratoire \u2013 r\u00e9serv\u00e9 \u00e0 un usage de recherche uniquement<\/strong><br data-start=\"792\" data-end=\"795\" \/>Ce produit est class\u00e9 comme r\u00e9actif chimique destin\u00e9 exclusivement \u00e0 un usage en recherche et doit \u00eatre manipul\u00e9 par des professionnels qualifi\u00e9s dans des conditions de laboratoire. Il ne s\u2019agit pas d\u2019un compl\u00e9ment alimentaire, d\u2019un m\u00e9dicament ni d\u2019un produit alimentaire, et il n\u2019est pas destin\u00e9 \u00e0 la consommation humaine. Toutes les informations fournies le sont \u00e0 des fins \u00e9ducatives uniquement.<\/p>\n","protected":false},"excerpt":{"rendered":"<p>Bronchogen est un complexe peptidique \u00e0 cha\u00eene courte qui a \u00e9t\u00e9 \u00e9tudi\u00e9 dans le cadre de recherches scientifiques pour sa relation avec les tissus bronchiques et pulmonaires. Il appartient \u00e0 un groupe de peptides analys\u00e9s pour leur r\u00f4le dans la r\u00e9gulation cellulaire et l\u2019activit\u00e9 sp\u00e9cifique des tissus. Les observations issues de la recherche sugg\u00e8rent que&#8230;<\/p>\n","protected":false},"featured_media":15415,"comment_status":"open","ping_status":"closed","template":"","meta":{"_kadence_starter_templates_imported_post":false,"_kad_post_transparent":"default","_kad_post_title":"","_kad_post_layout":"default","_kad_post_sidebar_id":"","_kad_post_content_style":"default","_kad_post_vertical_padding":"default","_kad_post_feature":"","_kad_post_feature_position":"","_kad_post_header":false,"_kad_post_footer":false,"_kad_post_classname":""},"product_brand":[],"product_cat":[113,87,111,106],"product_tag":[],"class_list":{"0":"post-15416","1":"product","2":"type-product","3":"status-publish","4":"has-post-thumbnail","6":"product_cat-fioles","7":"product_cat-non-classe","8":"product_cat-peptides","9":"product_cat-recuperation","11":"first","12":"instock","13":"shipping-taxable","14":"purchasable","15":"product-type-simple","16":"entry","17":"content-bg","18":"loop-entry"},"_links":{"self":[{"href":"https:\/\/x-peptides.com\/fr\/wp-json\/wp\/v2\/product\/15416","targetHints":{"allow":["GET"]}}],"collection":[{"href":"https:\/\/x-peptides.com\/fr\/wp-json\/wp\/v2\/product"}],"about":[{"href":"https:\/\/x-peptides.com\/fr\/wp-json\/wp\/v2\/types\/product"}],"replies":[{"embeddable":true,"href":"https:\/\/x-peptides.com\/fr\/wp-json\/wp\/v2\/comments?post=15416"}],"wp:featuredmedia":[{"embeddable":true,"href":"https:\/\/x-peptides.com\/fr\/wp-json\/wp\/v2\/media\/15415"}],"wp:attachment":[{"href":"https:\/\/x-peptides.com\/fr\/wp-json\/wp\/v2\/media?parent=15416"}],"wp:term":[{"taxonomy":"product_brand","embeddable":true,"href":"https:\/\/x-peptides.com\/fr\/wp-json\/wp\/v2\/product_brand?post=15416"},{"taxonomy":"product_cat","embeddable":true,"href":"https:\/\/x-peptides.com\/fr\/wp-json\/wp\/v2\/product_cat?post=15416"},{"taxonomy":"product_tag","embeddable":true,"href":"https:\/\/x-peptides.com\/fr\/wp-json\/wp\/v2\/product_tag?post=15416"}],"curies":[{"name":"wp","href":"https:\/\/api.w.org\/{rel}","templated":true}]}}