{"id":14481,"date":"2026-03-31T13:38:48","date_gmt":"2026-03-31T11:38:48","guid":{"rendered":"https:\/\/x-peptides.com\/?post_type=product&#038;p=14481"},"modified":"2026-03-31T13:42:16","modified_gmt":"2026-03-31T11:42:16","slug":"vitamine-a","status":"publish","type":"product","link":"https:\/\/x-peptides.com\/fr\/produkt\/vitamine-a\/","title":{"rendered":"Vitamine A"},"content":{"rendered":"<p data-start=\"0\" data-end=\"552\">La <strong>vitamine A<\/strong> est un compos\u00e9 liposoluble appartenant au groupe des r\u00e9tino\u00efdes, couramment \u00e9tudi\u00e9 pour son r\u00f4le dans les processus cellulaires et les syst\u00e8mes biologiques. En laboratoire, elle est utilis\u00e9e dans des recherches portant sur la diff\u00e9renciation cellulaire, l\u2019expression g\u00e9nique et la fonction des tissus \u00e9pith\u00e9liaux. Gr\u00e2ce \u00e0 ses propri\u00e9t\u00e9s chimiques, la vitamine A est fr\u00e9quemment utilis\u00e9e dans des \u00e9tudes li\u00e9es \u00e0 l\u2019\u00e9quilibre oxydatif, \u00e0 la stabilit\u00e9 des formulations et aux interactions au sein des voies biologiques.<\/p>\n<p data-start=\"554\" data-end=\"607\"><strong>Produit destin\u00e9 uniquement \u00e0 un usage de recherche.<\/strong><\/p>\n","protected":false},"excerpt":{"rendered":"<p>La vitamine A est un compos\u00e9 liposoluble appartenant au groupe des r\u00e9tino\u00efdes, couramment \u00e9tudi\u00e9 pour son r\u00f4le dans les processus cellulaires et les syst\u00e8mes biologiques. En laboratoire, elle est utilis\u00e9e dans des recherches portant sur la diff\u00e9renciation cellulaire, l\u2019expression g\u00e9nique et la fonction des tissus \u00e9pith\u00e9liaux. Gr\u00e2ce \u00e0 ses propri\u00e9t\u00e9s chimiques, la vitamine A est&#8230;<\/p>\n","protected":false},"featured_media":14480,"comment_status":"open","ping_status":"closed","template":"","meta":{"_kadence_starter_templates_imported_post":false,"_kad_post_transparent":"default","_kad_post_title":"","_kad_post_layout":"default","_kad_post_sidebar_id":"","_kad_post_content_style":"default","_kad_post_vertical_padding":"default","_kad_post_feature":"","_kad_post_feature_position":"","_kad_post_header":false,"_kad_post_footer":false,"_kad_post_classname":""},"product_brand":[],"product_cat":[109,87,138,105],"product_tag":[],"class_list":{"0":"post-14481","1":"product","2":"type-product","3":"status-publish","4":"has-post-thumbnail","6":"product_cat-anti-age","7":"product_cat-non-classe","8":"product_cat-peau-cheveux-ongles","9":"product_cat-supplements","11":"first","12":"instock","13":"shipping-taxable","14":"purchasable","15":"product-type-simple","16":"entry","17":"content-bg","18":"loop-entry"},"_links":{"self":[{"href":"https:\/\/x-peptides.com\/fr\/wp-json\/wp\/v2\/product\/14481","targetHints":{"allow":["GET"]}}],"collection":[{"href":"https:\/\/x-peptides.com\/fr\/wp-json\/wp\/v2\/product"}],"about":[{"href":"https:\/\/x-peptides.com\/fr\/wp-json\/wp\/v2\/types\/product"}],"replies":[{"embeddable":true,"href":"https:\/\/x-peptides.com\/fr\/wp-json\/wp\/v2\/comments?post=14481"}],"wp:featuredmedia":[{"embeddable":true,"href":"https:\/\/x-peptides.com\/fr\/wp-json\/wp\/v2\/media\/14480"}],"wp:attachment":[{"href":"https:\/\/x-peptides.com\/fr\/wp-json\/wp\/v2\/media?parent=14481"}],"wp:term":[{"taxonomy":"product_brand","embeddable":true,"href":"https:\/\/x-peptides.com\/fr\/wp-json\/wp\/v2\/product_brand?post=14481"},{"taxonomy":"product_cat","embeddable":true,"href":"https:\/\/x-peptides.com\/fr\/wp-json\/wp\/v2\/product_cat?post=14481"},{"taxonomy":"product_tag","embeddable":true,"href":"https:\/\/x-peptides.com\/fr\/wp-json\/wp\/v2\/product_tag?post=14481"}],"curies":[{"name":"wp","href":"https:\/\/api.w.org\/{rel}","templated":true}]}}