{"id":14468,"date":"2026-03-31T13:29:13","date_gmt":"2026-03-31T11:29:13","guid":{"rendered":"https:\/\/x-peptides.com\/?post_type=product&#038;p=14468"},"modified":"2026-03-31T13:31:00","modified_gmt":"2026-03-31T11:31:00","slug":"vitamine-e","status":"publish","type":"product","link":"https:\/\/x-peptides.com\/fr\/produkt\/vitamine-e\/","title":{"rendered":"Vitamine E"},"content":{"rendered":"<div class=\"flex flex-col text-sm pb-25\">\n<section class=\"text-token-text-primary w-full focus:outline-none [--shadow-height:45px] has-data-writing-block:pointer-events-none has-data-writing-block:-mt-(--shadow-height) has-data-writing-block:pt-(--shadow-height) [&amp;:has([data-writing-block])&gt;*]:pointer-events-auto scroll-mt-[calc(var(--header-height)+min(200px,max(70px,20svh)))]\" dir=\"auto\" data-turn-id=\"request-WEB:5dbee0c5-892c-4963-83fa-d62fb15b8b11-11\" data-testid=\"conversation-turn-24\" data-scroll-anchor=\"true\" data-turn=\"assistant\">\n<div class=\"text-base my-auto mx-auto pb-10 [--thread-content-margin:var(--thread-content-margin-xs,calc(var(--spacing)*4))] @w-sm\/main:[--thread-content-margin:var(--thread-content-margin-sm,calc(var(--spacing)*6))] @w-lg\/main:[--thread-content-margin:var(--thread-content-margin-lg,calc(var(--spacing)*16))] px-(--thread-content-margin)\">\n<div class=\"[--thread-content-max-width:40rem] @w-lg\/main:[--thread-content-max-width:48rem] mx-auto max-w-(--thread-content-max-width) flex-1 group\/turn-messages focus-visible:outline-hidden relative flex w-full min-w-0 flex-col agent-turn\">\n<div class=\"flex max-w-full flex-col gap-4 grow\">\n<div class=\"min-h-8 text-message relative flex w-full flex-col items-end gap-2 text-start break-words whitespace-normal outline-none keyboard-focused:focus-ring [.text-message+&amp;]:mt-1\" dir=\"auto\" tabindex=\"0\" data-message-author-role=\"assistant\" data-message-id=\"c8754665-fd64-40e4-8224-f87dd6ee79c4\" data-message-model-slug=\"gpt-5-3\" data-turn-start-message=\"true\">\n<div class=\"flex w-full flex-col gap-1 empty:hidden\">\n<div class=\"markdown prose dark:prose-invert w-full wrap-break-word light markdown-new-styling\">\n<p data-start=\"0\" data-end=\"560\">La<strong> vitamine E<\/strong> est un compos\u00e9 liposoluble appartenant au groupe des tocoph\u00e9rols et des tocotri\u00e9nols, largement \u00e9tudi\u00e9 pour ses propri\u00e9t\u00e9s antioxydantes. En milieu de laboratoire, elle est utilis\u00e9e dans des recherches portant sur les processus oxydatifs, la stabilit\u00e9 des lipides et l\u2019int\u00e9grit\u00e9 des membranes cellulaires. Gr\u00e2ce \u00e0 ses caract\u00e9ristiques chimiques, la vitamine E est couramment appliqu\u00e9e dans des \u00e9tudes li\u00e9es \u00e0 la protection mol\u00e9culaire, \u00e0 la stabilit\u00e9 des formulations et aux interactions biologiques impliquant les esp\u00e8ces r\u00e9actives de l\u2019oxyg\u00e8ne.<\/p>\n<p data-start=\"562\" data-end=\"613\" data-is-last-node=\"\" data-is-only-node=\"\"><strong>Produit destin\u00e9 uniquement \u00e0 un usage de recherche.<\/strong><\/p>\n<\/div>\n<\/div>\n<\/div>\n<\/div>\n<div class=\"z-0 flex min-h-[46px] justify-start\"><\/div>\n<div class=\"mt-3 w-full empty:hidden\">\n<div class=\"text-center\"><\/div>\n<\/div>\n<\/div>\n<\/div>\n<\/section>\n<\/div>\n<div class=\"pointer-events-none h-px w-px absolute bottom-0\" aria-hidden=\"true\" data-edge=\"true\"><\/div>\n","protected":false},"excerpt":{"rendered":"<p>La vitamine E est un compos\u00e9 liposoluble appartenant au groupe des tocoph\u00e9rols et des tocotri\u00e9nols, largement \u00e9tudi\u00e9 pour ses propri\u00e9t\u00e9s antioxydantes. En milieu de laboratoire, elle est utilis\u00e9e dans des recherches portant sur les processus oxydatifs, la stabilit\u00e9 des lipides et l\u2019int\u00e9grit\u00e9 des membranes cellulaires. Gr\u00e2ce \u00e0 ses caract\u00e9ristiques chimiques, la vitamine E est couramment&#8230;<\/p>\n","protected":false},"featured_media":14467,"comment_status":"open","ping_status":"closed","template":"","meta":{"_kadence_starter_templates_imported_post":false,"_kad_post_transparent":"default","_kad_post_title":"","_kad_post_layout":"default","_kad_post_sidebar_id":"","_kad_post_content_style":"default","_kad_post_vertical_padding":"default","_kad_post_feature":"","_kad_post_feature_position":"","_kad_post_header":false,"_kad_post_footer":false,"_kad_post_classname":""},"product_brand":[],"product_cat":[109,87,138,106,105],"product_tag":[],"class_list":{"0":"post-14468","1":"product","2":"type-product","3":"status-publish","4":"has-post-thumbnail","6":"product_cat-anti-age","7":"product_cat-non-classe","8":"product_cat-peau-cheveux-ongles","9":"product_cat-recuperation","10":"product_cat-supplements","12":"first","13":"instock","14":"shipping-taxable","15":"purchasable","16":"product-type-simple","17":"entry","18":"content-bg","19":"loop-entry"},"_links":{"self":[{"href":"https:\/\/x-peptides.com\/fr\/wp-json\/wp\/v2\/product\/14468","targetHints":{"allow":["GET"]}}],"collection":[{"href":"https:\/\/x-peptides.com\/fr\/wp-json\/wp\/v2\/product"}],"about":[{"href":"https:\/\/x-peptides.com\/fr\/wp-json\/wp\/v2\/types\/product"}],"replies":[{"embeddable":true,"href":"https:\/\/x-peptides.com\/fr\/wp-json\/wp\/v2\/comments?post=14468"}],"wp:featuredmedia":[{"embeddable":true,"href":"https:\/\/x-peptides.com\/fr\/wp-json\/wp\/v2\/media\/14467"}],"wp:attachment":[{"href":"https:\/\/x-peptides.com\/fr\/wp-json\/wp\/v2\/media?parent=14468"}],"wp:term":[{"taxonomy":"product_brand","embeddable":true,"href":"https:\/\/x-peptides.com\/fr\/wp-json\/wp\/v2\/product_brand?post=14468"},{"taxonomy":"product_cat","embeddable":true,"href":"https:\/\/x-peptides.com\/fr\/wp-json\/wp\/v2\/product_cat?post=14468"},{"taxonomy":"product_tag","embeddable":true,"href":"https:\/\/x-peptides.com\/fr\/wp-json\/wp\/v2\/product_tag?post=14468"}],"curies":[{"name":"wp","href":"https:\/\/api.w.org\/{rel}","templated":true}]}}