{"id":14455,"date":"2026-03-31T13:06:59","date_gmt":"2026-03-31T11:06:59","guid":{"rendered":"https:\/\/x-peptides.com\/?post_type=product&#038;p=14455"},"modified":"2026-03-31T13:12:37","modified_gmt":"2026-03-31T11:12:37","slug":"astaxanthine","status":"publish","type":"product","link":"https:\/\/x-peptides.com\/fr\/produkt\/astaxanthine\/","title":{"rendered":"Astaxanthine"},"content":{"rendered":"<p data-start=\"0\" data-end=\"436\"><strong>L\u2019astaxanthine<\/strong> est un puissant antioxydant naturel appartenant \u00e0 la famille des carot\u00e9no\u00efdes. Elle aide \u00e0 prot\u00e9ger les cellules contre le stress oxydatif, soutient la sant\u00e9 de la peau ainsi que les processus anti-\u00e2ge, et peut contribuer \u00e0 une meilleure r\u00e9cup\u00e9ration et \u00e0 des performances globales am\u00e9lior\u00e9es. Elle est \u00e9galement reconnue pour ses bienfaits sur la sant\u00e9 oculaire, le syst\u00e8me immunitaire et la r\u00e9duction de l\u2019inflammation.<\/p>\n<p data-start=\"438\" data-end=\"489\" data-is-last-node=\"\" data-is-only-node=\"\"><strong>Produit destin\u00e9 uniquement \u00e0 un usage de recherche.<\/strong><\/p>\n","protected":false},"excerpt":{"rendered":"<p>L\u2019astaxanthine est un puissant antioxydant naturel appartenant \u00e0 la famille des carot\u00e9no\u00efdes. Elle aide \u00e0 prot\u00e9ger les cellules contre le stress oxydatif, soutient la sant\u00e9 de la peau ainsi que les processus anti-\u00e2ge, et peut contribuer \u00e0 une meilleure r\u00e9cup\u00e9ration et \u00e0 des performances globales am\u00e9lior\u00e9es. Elle est \u00e9galement reconnue pour ses bienfaits sur la&#8230;<\/p>\n","protected":false},"featured_media":14454,"comment_status":"open","ping_status":"closed","template":"","meta":{"_kadence_starter_templates_imported_post":false,"_kad_post_transparent":"default","_kad_post_title":"","_kad_post_layout":"default","_kad_post_sidebar_id":"","_kad_post_content_style":"default","_kad_post_vertical_padding":"default","_kad_post_feature":"","_kad_post_feature_position":"","_kad_post_header":false,"_kad_post_footer":false,"_kad_post_classname":""},"product_brand":[],"product_cat":[109,87,138,106,105],"product_tag":[],"class_list":{"0":"post-14455","1":"product","2":"type-product","3":"status-publish","4":"has-post-thumbnail","6":"product_cat-anti-age","7":"product_cat-non-classe","8":"product_cat-peau-cheveux-ongles","9":"product_cat-recuperation","10":"product_cat-supplements","12":"first","13":"instock","14":"shipping-taxable","15":"purchasable","16":"product-type-simple","17":"entry","18":"content-bg","19":"loop-entry"},"_links":{"self":[{"href":"https:\/\/x-peptides.com\/fr\/wp-json\/wp\/v2\/product\/14455","targetHints":{"allow":["GET"]}}],"collection":[{"href":"https:\/\/x-peptides.com\/fr\/wp-json\/wp\/v2\/product"}],"about":[{"href":"https:\/\/x-peptides.com\/fr\/wp-json\/wp\/v2\/types\/product"}],"replies":[{"embeddable":true,"href":"https:\/\/x-peptides.com\/fr\/wp-json\/wp\/v2\/comments?post=14455"}],"wp:featuredmedia":[{"embeddable":true,"href":"https:\/\/x-peptides.com\/fr\/wp-json\/wp\/v2\/media\/14454"}],"wp:attachment":[{"href":"https:\/\/x-peptides.com\/fr\/wp-json\/wp\/v2\/media?parent=14455"}],"wp:term":[{"taxonomy":"product_brand","embeddable":true,"href":"https:\/\/x-peptides.com\/fr\/wp-json\/wp\/v2\/product_brand?post=14455"},{"taxonomy":"product_cat","embeddable":true,"href":"https:\/\/x-peptides.com\/fr\/wp-json\/wp\/v2\/product_cat?post=14455"},{"taxonomy":"product_tag","embeddable":true,"href":"https:\/\/x-peptides.com\/fr\/wp-json\/wp\/v2\/product_tag?post=14455"}],"curies":[{"name":"wp","href":"https:\/\/api.w.org\/{rel}","templated":true}]}}