{"id":14109,"date":"2026-03-20T11:20:12","date_gmt":"2026-03-20T10:20:12","guid":{"rendered":"https:\/\/x-peptides.com\/?post_type=product&#038;p=14109"},"modified":"2026-03-20T11:21:23","modified_gmt":"2026-03-20T10:21:23","slug":"benfotiamine","status":"publish","type":"product","link":"https:\/\/x-peptides.com\/fr\/produkt\/benfotiamine\/","title":{"rendered":"Benfotiamine"},"content":{"rendered":"<p data-start=\"0\" data-end=\"333\">La <strong>benfotiamine<\/strong> est un d\u00e9riv\u00e9 liposoluble de la thiamine (vitamine B1), appr\u00e9ci\u00e9 en laboratoire pour sa stabilit\u00e9 et son profil chimique bien d\u00e9fini. Elle est couramment utilis\u00e9e dans la recherche biochimique et exp\u00e9rimentale portant sur le m\u00e9tabolisme \u00e9nerg\u00e9tique, les processus cellulaires et les mod\u00e8les li\u00e9s au syst\u00e8me nerveux.<\/p>\n<p data-start=\"335\" data-end=\"498\">Ce compos\u00e9 est \u00e9tudi\u00e9 dans le contexte des interactions mol\u00e9culaires et des voies biochimiques associ\u00e9es aux domaines de recherche m\u00e9taboliques et neurologiques.<\/p>\n<p data-start=\"500\" data-end=\"551\" data-is-last-node=\"\" data-is-only-node=\"\"><strong>Produit destin\u00e9 uniquement \u00e0 un usage de recherche.<\/strong><\/p>\n","protected":false},"excerpt":{"rendered":"<p>La benfotiamine est un d\u00e9riv\u00e9 liposoluble de la thiamine (vitamine B1), appr\u00e9ci\u00e9 en laboratoire pour sa stabilit\u00e9 et son profil chimique bien d\u00e9fini. Elle est couramment utilis\u00e9e dans la recherche biochimique et exp\u00e9rimentale portant sur le m\u00e9tabolisme \u00e9nerg\u00e9tique, les processus cellulaires et les mod\u00e8les li\u00e9s au syst\u00e8me nerveux. Ce compos\u00e9 est \u00e9tudi\u00e9 dans le contexte&#8230;<\/p>\n","protected":false},"featured_media":14108,"comment_status":"open","ping_status":"closed","template":"","meta":{"_kadence_starter_templates_imported_post":false,"_kad_post_transparent":"default","_kad_post_title":"","_kad_post_layout":"default","_kad_post_sidebar_id":"","_kad_post_content_style":"default","_kad_post_vertical_padding":"default","_kad_post_feature":"","_kad_post_feature_position":"","_kad_post_header":false,"_kad_post_footer":false,"_kad_post_classname":""},"product_brand":[],"product_cat":[87,126,106],"product_tag":[],"class_list":{"0":"post-14109","1":"product","2":"type-product","3":"status-publish","4":"has-post-thumbnail","6":"product_cat-non-classe","7":"product_cat-nootropics","8":"product_cat-recuperation","10":"first","11":"instock","12":"shipping-taxable","13":"purchasable","14":"product-type-simple","15":"entry","16":"content-bg","17":"loop-entry"},"_links":{"self":[{"href":"https:\/\/x-peptides.com\/fr\/wp-json\/wp\/v2\/product\/14109","targetHints":{"allow":["GET"]}}],"collection":[{"href":"https:\/\/x-peptides.com\/fr\/wp-json\/wp\/v2\/product"}],"about":[{"href":"https:\/\/x-peptides.com\/fr\/wp-json\/wp\/v2\/types\/product"}],"replies":[{"embeddable":true,"href":"https:\/\/x-peptides.com\/fr\/wp-json\/wp\/v2\/comments?post=14109"}],"wp:featuredmedia":[{"embeddable":true,"href":"https:\/\/x-peptides.com\/fr\/wp-json\/wp\/v2\/media\/14108"}],"wp:attachment":[{"href":"https:\/\/x-peptides.com\/fr\/wp-json\/wp\/v2\/media?parent=14109"}],"wp:term":[{"taxonomy":"product_brand","embeddable":true,"href":"https:\/\/x-peptides.com\/fr\/wp-json\/wp\/v2\/product_brand?post=14109"},{"taxonomy":"product_cat","embeddable":true,"href":"https:\/\/x-peptides.com\/fr\/wp-json\/wp\/v2\/product_cat?post=14109"},{"taxonomy":"product_tag","embeddable":true,"href":"https:\/\/x-peptides.com\/fr\/wp-json\/wp\/v2\/product_tag?post=14109"}],"curies":[{"name":"wp","href":"https:\/\/api.w.org\/{rel}","templated":true}]}}