{"id":14097,"date":"2026-03-20T11:12:04","date_gmt":"2026-03-20T10:12:04","guid":{"rendered":"https:\/\/x-peptides.com\/?post_type=product&#038;p=14097"},"modified":"2026-03-20T11:13:06","modified_gmt":"2026-03-20T10:13:06","slug":"chlorophylle","status":"publish","type":"product","link":"https:\/\/x-peptides.com\/fr\/produkt\/chlorophylle\/","title":{"rendered":"Chlorophylle"},"content":{"rendered":"<p data-start=\"0\" data-end=\"335\">La <strong>chlorophylle<\/strong> est un pigment v\u00e9g\u00e9tal naturellement pr\u00e9sent, g\u00e9n\u00e9ralement extrait de plantes vertes et utilis\u00e9 en recherche sous forme de chlorophylline sodique cuivr\u00e9e. Elle est appr\u00e9ci\u00e9e en laboratoire pour ses propri\u00e9t\u00e9s chimiques bien d\u00e9finies, sa stabilit\u00e9 et sa compatibilit\u00e9 avec divers syst\u00e8mes analytiques et exp\u00e9rimentaux.<\/p>\n<p data-start=\"337\" data-end=\"553\">Ce compos\u00e9 est \u00e9tudi\u00e9 dans le contexte des processus biochimiques, des interactions mol\u00e9culaires et des syst\u00e8mes oxydatifs, ce qui le rend pertinent pour un large \u00e9ventail d\u2019applications in vitro et exp\u00e9rimentales.<\/p>\n<p data-start=\"555\" data-end=\"606\" data-is-last-node=\"\" data-is-only-node=\"\"><strong>Produit destin\u00e9 uniquement \u00e0 un usage de recherche.<\/strong><\/p>\n","protected":false},"excerpt":{"rendered":"<p>La chlorophylle est un pigment v\u00e9g\u00e9tal naturellement pr\u00e9sent, g\u00e9n\u00e9ralement extrait de plantes vertes et utilis\u00e9 en recherche sous forme de chlorophylline sodique cuivr\u00e9e. Elle est appr\u00e9ci\u00e9e en laboratoire pour ses propri\u00e9t\u00e9s chimiques bien d\u00e9finies, sa stabilit\u00e9 et sa compatibilit\u00e9 avec divers syst\u00e8mes analytiques et exp\u00e9rimentaux. Ce compos\u00e9 est \u00e9tudi\u00e9 dans le contexte des processus biochimiques,&#8230;<\/p>\n","protected":false},"featured_media":14096,"comment_status":"open","ping_status":"closed","template":"","meta":{"_kadence_starter_templates_imported_post":false,"_kad_post_transparent":"default","_kad_post_title":"","_kad_post_layout":"default","_kad_post_sidebar_id":"","_kad_post_content_style":"default","_kad_post_vertical_padding":"default","_kad_post_feature":"","_kad_post_feature_position":"","_kad_post_header":false,"_kad_post_footer":false,"_kad_post_classname":""},"product_brand":[],"product_cat":[109,87,106],"product_tag":[],"class_list":{"0":"post-14097","1":"product","2":"type-product","3":"status-publish","4":"has-post-thumbnail","6":"product_cat-anti-age","7":"product_cat-non-classe","8":"product_cat-recuperation","10":"first","11":"instock","12":"shipping-taxable","13":"purchasable","14":"product-type-simple","15":"entry","16":"content-bg","17":"loop-entry"},"_links":{"self":[{"href":"https:\/\/x-peptides.com\/fr\/wp-json\/wp\/v2\/product\/14097","targetHints":{"allow":["GET"]}}],"collection":[{"href":"https:\/\/x-peptides.com\/fr\/wp-json\/wp\/v2\/product"}],"about":[{"href":"https:\/\/x-peptides.com\/fr\/wp-json\/wp\/v2\/types\/product"}],"replies":[{"embeddable":true,"href":"https:\/\/x-peptides.com\/fr\/wp-json\/wp\/v2\/comments?post=14097"}],"wp:featuredmedia":[{"embeddable":true,"href":"https:\/\/x-peptides.com\/fr\/wp-json\/wp\/v2\/media\/14096"}],"wp:attachment":[{"href":"https:\/\/x-peptides.com\/fr\/wp-json\/wp\/v2\/media?parent=14097"}],"wp:term":[{"taxonomy":"product_brand","embeddable":true,"href":"https:\/\/x-peptides.com\/fr\/wp-json\/wp\/v2\/product_brand?post=14097"},{"taxonomy":"product_cat","embeddable":true,"href":"https:\/\/x-peptides.com\/fr\/wp-json\/wp\/v2\/product_cat?post=14097"},{"taxonomy":"product_tag","embeddable":true,"href":"https:\/\/x-peptides.com\/fr\/wp-json\/wp\/v2\/product_tag?post=14097"}],"curies":[{"name":"wp","href":"https:\/\/api.w.org\/{rel}","templated":true}]}}