{"id":14082,"date":"2026-03-20T10:57:15","date_gmt":"2026-03-20T09:57:15","guid":{"rendered":"https:\/\/x-peptides.com\/?post_type=product&#038;p=14082"},"modified":"2026-03-20T10:59:34","modified_gmt":"2026-03-20T09:59:34","slug":"prostacare","status":"publish","type":"product","link":"https:\/\/x-peptides.com\/fr\/produkt\/prostacare\/","title":{"rendered":"ProstaCare"},"content":{"rendered":"<section class=\"text-token-text-primary w-full focus:outline-none [--shadow-height:45px] has-data-writing-block:pointer-events-none has-data-writing-block:-mt-(--shadow-height) has-data-writing-block:pt-(--shadow-height) [&amp;:has([data-writing-block])&gt;*]:pointer-events-auto scroll-mt-(--header-height)\" dir=\"auto\" data-turn-id=\"45a63dba-0343-43cb-81d6-fb67b4574866\" data-testid=\"conversation-turn-107\" data-scroll-anchor=\"false\" data-turn=\"user\"><\/section>\n<section class=\"text-token-text-primary w-full focus:outline-none [--shadow-height:45px] has-data-writing-block:pointer-events-none has-data-writing-block:-mt-(--shadow-height) has-data-writing-block:pt-(--shadow-height) [&amp;:has([data-writing-block])&gt;*]:pointer-events-auto scroll-mt-[calc(var(--header-height)+min(200px,max(70px,20svh)))]\" dir=\"auto\" data-turn-id=\"request-WEB:e309a644-2b00-48fb-aca9-96e88eb78008-54\" data-testid=\"conversation-turn-108\" data-scroll-anchor=\"true\" data-turn=\"assistant\">\n<div class=\"text-base my-auto mx-auto pb-10 [--thread-content-margin:var(--thread-content-margin-xs,calc(var(--spacing)*4))] @w-sm\/main:[--thread-content-margin:var(--thread-content-margin-sm,calc(var(--spacing)*6))] @w-lg\/main:[--thread-content-margin:var(--thread-content-margin-lg,calc(var(--spacing)*16))] px-(--thread-content-margin)\">\n<div class=\"[--thread-content-max-width:40rem] @w-lg\/main:[--thread-content-max-width:48rem] mx-auto max-w-(--thread-content-max-width) flex-1 group\/turn-messages focus-visible:outline-hidden relative flex w-full min-w-0 flex-col agent-turn\">\n<div class=\"flex max-w-full flex-col gap-4 grow\">\n<div class=\"min-h-8 text-message relative flex w-full flex-col items-end gap-2 text-start break-words whitespace-normal outline-none keyboard-focused:focus-ring [.text-message+&amp;]:mt-1\" dir=\"auto\" tabindex=\"0\" data-message-author-role=\"assistant\" data-message-id=\"c3937e7e-dc71-4b2b-b95d-9ea5f58f953d\" data-message-model-slug=\"gpt-5-3\" data-turn-start-message=\"true\">\n<div class=\"flex w-full flex-col gap-1 empty:hidden\">\n<div class=\"markdown prose dark:prose-invert w-full wrap-break-word light markdown-new-styling\">\n<p data-start=\"0\" data-end=\"426\"><strong>ProstaCare<\/strong> est une formulation de recherche multi-composants contenant une combinaison de compos\u00e9s d\u2019origine v\u00e9g\u00e9tale et d\u2019ingr\u00e9dients bioactifs s\u00e9lectionn\u00e9s. Chaque capsule contient un extrait de fruit de tomate (<em data-start=\"214\" data-end=\"236\">Solanum lycopersicum<\/em>) \u2013 200 mg (dont 20 mg de lycop\u00e8ne), de la palmitoyl\u00e9thanolamide (PEA) \u2013 350 mg, du picolinate de zinc \u2013 10 mg, de l\u2019apig\u00e9nine \u2013 50 mg, ainsi que du s\u00e9l\u00e9nium (L-s\u00e9l\u00e9nom\u00e9thionine) \u2013 200 \u00b5g.<\/p>\n<p data-start=\"428\" data-end=\"697\">Ces compos\u00e9s sont \u00e9tudi\u00e9s dans le contexte des voies biochimiques, des interactions mol\u00e9culaires et des processus cellulaires, y compris dans des domaines de recherche li\u00e9s \u00e0 la physiologie g\u00e9n\u00e9rale et \u00e0 des mod\u00e8les biologiques orient\u00e9s vers la physiologie masculine.<\/p>\n<p data-start=\"699\" data-end=\"750\" data-is-last-node=\"\" data-is-only-node=\"\"><strong>Produit destin\u00e9 uniquement \u00e0 un usage de recherche.<\/strong><\/p>\n<\/div>\n<\/div>\n<\/div>\n<\/div>\n<\/div>\n<\/div>\n<\/section>\n","protected":false},"excerpt":{"rendered":"<p>ProstaCare est une formulation de recherche multi-composants contenant une combinaison de compos\u00e9s d\u2019origine v\u00e9g\u00e9tale et d\u2019ingr\u00e9dients bioactifs s\u00e9lectionn\u00e9s. Chaque capsule contient un extrait de fruit de tomate (Solanum lycopersicum) \u2013 200 mg (dont 20 mg de lycop\u00e8ne), de la palmitoyl\u00e9thanolamide (PEA) \u2013 350 mg, du picolinate de zinc \u2013 10 mg, de l\u2019apig\u00e9nine \u2013 50&#8230;<\/p>\n","protected":false},"featured_media":14081,"comment_status":"open","ping_status":"closed","template":"","meta":{"_kadence_starter_templates_imported_post":false,"_kad_post_transparent":"default","_kad_post_title":"","_kad_post_layout":"default","_kad_post_sidebar_id":"","_kad_post_content_style":"default","_kad_post_vertical_padding":"default","_kad_post_feature":"","_kad_post_feature_position":"","_kad_post_header":false,"_kad_post_footer":false,"_kad_post_classname":""},"product_brand":[],"product_cat":[109,87],"product_tag":[],"class_list":{"0":"post-14082","1":"product","2":"type-product","3":"status-publish","4":"has-post-thumbnail","6":"product_cat-anti-age","7":"product_cat-non-classe","9":"first","10":"instock","11":"shipping-taxable","12":"purchasable","13":"product-type-simple","14":"entry","15":"content-bg","16":"loop-entry"},"_links":{"self":[{"href":"https:\/\/x-peptides.com\/fr\/wp-json\/wp\/v2\/product\/14082","targetHints":{"allow":["GET"]}}],"collection":[{"href":"https:\/\/x-peptides.com\/fr\/wp-json\/wp\/v2\/product"}],"about":[{"href":"https:\/\/x-peptides.com\/fr\/wp-json\/wp\/v2\/types\/product"}],"replies":[{"embeddable":true,"href":"https:\/\/x-peptides.com\/fr\/wp-json\/wp\/v2\/comments?post=14082"}],"wp:featuredmedia":[{"embeddable":true,"href":"https:\/\/x-peptides.com\/fr\/wp-json\/wp\/v2\/media\/14081"}],"wp:attachment":[{"href":"https:\/\/x-peptides.com\/fr\/wp-json\/wp\/v2\/media?parent=14082"}],"wp:term":[{"taxonomy":"product_brand","embeddable":true,"href":"https:\/\/x-peptides.com\/fr\/wp-json\/wp\/v2\/product_brand?post=14082"},{"taxonomy":"product_cat","embeddable":true,"href":"https:\/\/x-peptides.com\/fr\/wp-json\/wp\/v2\/product_cat?post=14082"},{"taxonomy":"product_tag","embeddable":true,"href":"https:\/\/x-peptides.com\/fr\/wp-json\/wp\/v2\/product_tag?post=14082"}],"curies":[{"name":"wp","href":"https:\/\/api.w.org\/{rel}","templated":true}]}}