{"id":14001,"date":"2026-03-19T09:43:26","date_gmt":"2026-03-19T08:43:26","guid":{"rendered":"https:\/\/x-peptides.com\/?post_type=product&#038;p=14001"},"modified":"2026-03-19T09:45:16","modified_gmt":"2026-03-19T08:45:16","slug":"agmatine","status":"publish","type":"product","link":"https:\/\/x-peptides.com\/fr\/produkt\/agmatine\/","title":{"rendered":"Agmatine"},"content":{"rendered":"<div class=\"flex max-w-full flex-col gap-4 grow\">\n<div class=\"min-h-8 text-message relative flex w-full flex-col items-end gap-2 text-start break-words whitespace-normal outline-none keyboard-focused:focus-ring [.text-message+&amp;]:mt-1\" dir=\"auto\" tabindex=\"0\" data-message-author-role=\"assistant\" data-message-id=\"d74a3ccd-3e59-49f5-aedf-bec1a735ca0d\" data-message-model-slug=\"gpt-5-3\" data-turn-start-message=\"true\">\n<div class=\"flex w-full flex-col gap-1 empty:hidden\">\n<div class=\"markdown prose dark:prose-invert w-full wrap-break-word light markdown-new-styling\">\n<p data-start=\"14\" data-end=\"272\"><strong>L\u2019agmatine<\/strong> est un compos\u00e9 naturellement pr\u00e9sent, d\u00e9riv\u00e9 de la d\u00e9carboxylation de l\u2019arginine. Elle est largement \u00e9tudi\u00e9e dans la recherche biochimique et mol\u00e9culaire en raison de sa structure chimique d\u00e9finie et de son r\u00f4le dans divers syst\u00e8mes exp\u00e9rimentaux.<\/p>\n<p data-start=\"274\" data-end=\"477\">Elle est analys\u00e9e dans le contexte des processus cellulaires et des interactions mol\u00e9culaires, ce qui la rend pertinente pour les recherches portant sur les voies biochimiques et les m\u00e9canismes associ\u00e9s.<\/p>\n<p data-start=\"479\" data-end=\"530\" data-is-last-node=\"\" data-is-only-node=\"\"><strong>Produit destin\u00e9 uniquement \u00e0 des fins de recherche.<\/strong><\/p>\n<\/div>\n<\/div>\n<\/div>\n<\/div>\n<div class=\"z-0 flex min-h-[46px] justify-start\"><\/div>\n<div class=\"mt-3 w-full empty:hidden\">\n<div class=\"text-center\">\n<div>\n<div class=\"inline-flex border border-gray-100 dark:border-gray-700 rounded-xl\">\n<div class=\"bg-token-main-surface-tertiary w-px flex-1 self-stretch\"><\/div>\n<\/div>\n<\/div>\n<\/div>\n<\/div>\n","protected":false},"excerpt":{"rendered":"<p>L\u2019agmatine est un compos\u00e9 naturellement pr\u00e9sent, d\u00e9riv\u00e9 de la d\u00e9carboxylation de l\u2019arginine. Elle est largement \u00e9tudi\u00e9e dans la recherche biochimique et mol\u00e9culaire en raison de sa structure chimique d\u00e9finie et de son r\u00f4le dans divers syst\u00e8mes exp\u00e9rimentaux. Elle est analys\u00e9e dans le contexte des processus cellulaires et des interactions mol\u00e9culaires, ce qui la rend pertinente&#8230;<\/p>\n","protected":false},"featured_media":14000,"comment_status":"open","ping_status":"closed","template":"","meta":{"_kadence_starter_templates_imported_post":false,"_kad_post_transparent":"default","_kad_post_title":"","_kad_post_layout":"default","_kad_post_sidebar_id":"","_kad_post_content_style":"default","_kad_post_vertical_padding":"default","_kad_post_feature":"","_kad_post_feature_position":"","_kad_post_header":false,"_kad_post_footer":false,"_kad_post_classname":""},"product_brand":[],"product_cat":[87,126],"product_tag":[],"class_list":{"0":"post-14001","1":"product","2":"type-product","3":"status-publish","4":"has-post-thumbnail","6":"product_cat-non-classe","7":"product_cat-nootropics","9":"first","10":"instock","11":"shipping-taxable","12":"purchasable","13":"product-type-simple","14":"entry","15":"content-bg","16":"loop-entry"},"_links":{"self":[{"href":"https:\/\/x-peptides.com\/fr\/wp-json\/wp\/v2\/product\/14001","targetHints":{"allow":["GET"]}}],"collection":[{"href":"https:\/\/x-peptides.com\/fr\/wp-json\/wp\/v2\/product"}],"about":[{"href":"https:\/\/x-peptides.com\/fr\/wp-json\/wp\/v2\/types\/product"}],"replies":[{"embeddable":true,"href":"https:\/\/x-peptides.com\/fr\/wp-json\/wp\/v2\/comments?post=14001"}],"wp:featuredmedia":[{"embeddable":true,"href":"https:\/\/x-peptides.com\/fr\/wp-json\/wp\/v2\/media\/14000"}],"wp:attachment":[{"href":"https:\/\/x-peptides.com\/fr\/wp-json\/wp\/v2\/media?parent=14001"}],"wp:term":[{"taxonomy":"product_brand","embeddable":true,"href":"https:\/\/x-peptides.com\/fr\/wp-json\/wp\/v2\/product_brand?post=14001"},{"taxonomy":"product_cat","embeddable":true,"href":"https:\/\/x-peptides.com\/fr\/wp-json\/wp\/v2\/product_cat?post=14001"},{"taxonomy":"product_tag","embeddable":true,"href":"https:\/\/x-peptides.com\/fr\/wp-json\/wp\/v2\/product_tag?post=14001"}],"curies":[{"name":"wp","href":"https:\/\/api.w.org\/{rel}","templated":true}]}}