{"id":13887,"date":"2026-03-13T13:10:43","date_gmt":"2026-03-13T12:10:43","guid":{"rendered":"https:\/\/x-peptides.com\/?post_type=product&#038;p=13887"},"modified":"2026-03-16T13:20:04","modified_gmt":"2026-03-16T12:20:04","slug":"acide-folique","status":"publish","type":"product","link":"https:\/\/x-peptides.com\/fr\/produkt\/acide-folique\/","title":{"rendered":"Acide folique"},"content":{"rendered":"<p data-start=\"90\" data-end=\"430\"><strong data-start=\"90\" data-end=\"109\">L\u2019acide folique<\/strong> est une forme synth\u00e9tique du folate, un compos\u00e9 hydrosoluble du groupe des vitamines B largement \u00e9tudi\u00e9 dans la recherche biochimique et mol\u00e9culaire. Il est couramment utilis\u00e9 dans les environnements de laboratoire et d\u2019analyse en raison de sa structure bien caract\u00e9ris\u00e9e et de son r\u00f4le dans diverses voies biochimiques.<\/p>\n<p data-start=\"432\" data-end=\"461\"><strong data-start=\"432\" data-end=\"461\">Chaque capsule contient :<\/strong><\/p>\n<ul data-start=\"463\" data-end=\"552\">\n<li data-section-id=\"1n806l6\" data-start=\"463\" data-end=\"504\">\n<p data-start=\"465\" data-end=\"504\">600 \u00b5g de L-m\u00e9thylfolate (5-MTHF)<\/p>\n<\/li>\n<li data-section-id=\"10wmh97\" data-start=\"505\" data-end=\"552\">\n<p data-start=\"507\" data-end=\"552\">200 mg de vitamine C (acide L-ascorbique)<\/p>\n<\/li>\n<\/ul>\n<p data-start=\"554\" data-end=\"609\">Produit destin\u00e9 uniquement \u00e0 des fins de recherche.<\/p>\n","protected":false},"excerpt":{"rendered":"<p>L\u2019acide folique est une forme synth\u00e9tique du folate, un compos\u00e9 hydrosoluble du groupe des vitamines B largement \u00e9tudi\u00e9 dans la recherche biochimique et mol\u00e9culaire. Il est couramment utilis\u00e9 dans les environnements de laboratoire et d\u2019analyse en raison de sa structure bien caract\u00e9ris\u00e9e et de son r\u00f4le dans diverses voies biochimiques. Chaque capsule contient : 600&#8230;<\/p>\n","protected":false},"featured_media":13886,"comment_status":"open","ping_status":"closed","template":"","meta":{"_kadence_starter_templates_imported_post":false,"_kad_post_transparent":"default","_kad_post_title":"","_kad_post_layout":"default","_kad_post_sidebar_id":"","_kad_post_content_style":"default","_kad_post_vertical_padding":"default","_kad_post_feature":"","_kad_post_feature_position":"","_kad_post_header":false,"_kad_post_footer":false,"_kad_post_classname":""},"product_brand":[],"product_cat":[109,107,87],"product_tag":[],"class_list":{"0":"post-13887","1":"product","2":"type-product","3":"status-publish","4":"has-post-thumbnail","6":"product_cat-anti-age","7":"product_cat-cerveau-memoire-et-concentration","8":"product_cat-non-classe","10":"first","11":"instock","12":"shipping-taxable","13":"purchasable","14":"product-type-simple","15":"entry","16":"content-bg","17":"loop-entry"},"_links":{"self":[{"href":"https:\/\/x-peptides.com\/fr\/wp-json\/wp\/v2\/product\/13887","targetHints":{"allow":["GET"]}}],"collection":[{"href":"https:\/\/x-peptides.com\/fr\/wp-json\/wp\/v2\/product"}],"about":[{"href":"https:\/\/x-peptides.com\/fr\/wp-json\/wp\/v2\/types\/product"}],"replies":[{"embeddable":true,"href":"https:\/\/x-peptides.com\/fr\/wp-json\/wp\/v2\/comments?post=13887"}],"wp:featuredmedia":[{"embeddable":true,"href":"https:\/\/x-peptides.com\/fr\/wp-json\/wp\/v2\/media\/13886"}],"wp:attachment":[{"href":"https:\/\/x-peptides.com\/fr\/wp-json\/wp\/v2\/media?parent=13887"}],"wp:term":[{"taxonomy":"product_brand","embeddable":true,"href":"https:\/\/x-peptides.com\/fr\/wp-json\/wp\/v2\/product_brand?post=13887"},{"taxonomy":"product_cat","embeddable":true,"href":"https:\/\/x-peptides.com\/fr\/wp-json\/wp\/v2\/product_cat?post=13887"},{"taxonomy":"product_tag","embeddable":true,"href":"https:\/\/x-peptides.com\/fr\/wp-json\/wp\/v2\/product_tag?post=13887"}],"curies":[{"name":"wp","href":"https:\/\/api.w.org\/{rel}","templated":true}]}}