{"id":13834,"date":"2026-03-13T12:46:36","date_gmt":"2026-03-13T11:46:36","guid":{"rendered":"https:\/\/x-peptides.com\/?post_type=product&#038;p=13834"},"modified":"2026-04-17T14:11:25","modified_gmt":"2026-04-17T12:11:25","slug":"tmg-betaine-anhydre","status":"publish","type":"product","link":"https:\/\/x-peptides.com\/fr\/produkt\/tmg-betaine-anhydre\/","title":{"rendered":"TMG (B\u00e9ta\u00efne anhydre)"},"content":{"rendered":"<p data-start=\"0\" data-end=\"590\"><strong data-start=\"0\" data-end=\"29\">Le TMG (trim\u00e9thylglycine)<\/strong>, \u00e9galement connu sous le nom de <strong data-start=\"62\" data-end=\"81\" data-is-only-node=\"\">b\u00e9ta\u00efne anhydre<\/strong>, est un compos\u00e9 naturellement pr\u00e9sent d\u00e9riv\u00e9 de la glycine et que l\u2019on retrouve dans diverses plantes et micro-organismes. Il est largement utilis\u00e9 dans la recherche biochimique et en laboratoire en raison de son r\u00f4le de donneur de groupes m\u00e9thyle dans diff\u00e9rents syst\u00e8mes exp\u00e9rimentaux. Gr\u00e2ce \u00e0 sa structure chimique bien caract\u00e9ris\u00e9e et \u00e0 sa stabilit\u00e9, le TMG est couramment employ\u00e9 dans des \u00e9tudes portant sur les voies m\u00e9taboliques, les processus de m\u00e9thylation et les r\u00e9actions biochimiques cellulaires.<\/p>\n<p data-start=\"592\" data-end=\"647\" data-is-last-node=\"\" data-is-only-node=\"\">Produit destin\u00e9 uniquement \u00e0 des fins de recherche.<\/p>\n","protected":false},"excerpt":{"rendered":"<p>Le TMG (trim\u00e9thylglycine), \u00e9galement connu sous le nom de b\u00e9ta\u00efne anhydre, est un compos\u00e9 naturellement pr\u00e9sent d\u00e9riv\u00e9 de la glycine et que l\u2019on retrouve dans diverses plantes et micro-organismes. Il est largement utilis\u00e9 dans la recherche biochimique et en laboratoire en raison de son r\u00f4le de donneur de groupes m\u00e9thyle dans diff\u00e9rents syst\u00e8mes exp\u00e9rimentaux. Gr\u00e2ce&#8230;<\/p>\n","protected":false},"featured_media":13833,"comment_status":"open","ping_status":"closed","template":"","meta":{"_kadence_starter_templates_imported_post":false,"_kad_post_transparent":"default","_kad_post_title":"","_kad_post_layout":"default","_kad_post_sidebar_id":"","_kad_post_content_style":"default","_kad_post_vertical_padding":"default","_kad_post_feature":"","_kad_post_feature_position":"","_kad_post_header":false,"_kad_post_footer":false,"_kad_post_classname":""},"product_brand":[],"product_cat":[104,102,88,101],"product_tag":[],"class_list":{"0":"post-13834","1":"product","2":"type-product","3":"status-publish","4":"has-post-thumbnail","6":"product_cat-anti-aging","7":"product_cat-gehirn-gedachtnis-konzentration","8":"product_cat-unkategorisiert","9":"product_cat-erholung","11":"first","12":"instock","13":"shipping-taxable","14":"purchasable","15":"product-type-simple","16":"entry","17":"content-bg","18":"loop-entry"},"_links":{"self":[{"href":"https:\/\/x-peptides.com\/fr\/wp-json\/wp\/v2\/product\/13834","targetHints":{"allow":["GET"]}}],"collection":[{"href":"https:\/\/x-peptides.com\/fr\/wp-json\/wp\/v2\/product"}],"about":[{"href":"https:\/\/x-peptides.com\/fr\/wp-json\/wp\/v2\/types\/product"}],"replies":[{"embeddable":true,"href":"https:\/\/x-peptides.com\/fr\/wp-json\/wp\/v2\/comments?post=13834"}],"wp:featuredmedia":[{"embeddable":true,"href":"https:\/\/x-peptides.com\/fr\/wp-json\/wp\/v2\/media\/13833"}],"wp:attachment":[{"href":"https:\/\/x-peptides.com\/fr\/wp-json\/wp\/v2\/media?parent=13834"}],"wp:term":[{"taxonomy":"product_brand","embeddable":true,"href":"https:\/\/x-peptides.com\/fr\/wp-json\/wp\/v2\/product_brand?post=13834"},{"taxonomy":"product_cat","embeddable":true,"href":"https:\/\/x-peptides.com\/fr\/wp-json\/wp\/v2\/product_cat?post=13834"},{"taxonomy":"product_tag","embeddable":true,"href":"https:\/\/x-peptides.com\/fr\/wp-json\/wp\/v2\/product_tag?post=13834"}],"curies":[{"name":"wp","href":"https:\/\/api.w.org\/{rel}","templated":true}]}}