{"id":13816,"date":"2026-03-13T12:42:44","date_gmt":"2026-03-13T11:42:44","guid":{"rendered":"https:\/\/x-peptides.com\/?post_type=product&#038;p=13816"},"modified":"2026-03-16T12:29:23","modified_gmt":"2026-03-16T11:29:23","slug":"extrait-decorce-de-pin","status":"publish","type":"product","link":"https:\/\/x-peptides.com\/fr\/produkt\/extrait-decorce-de-pin\/","title":{"rendered":"Extrait d\u2019\u00e9corce de pin"},"content":{"rendered":"<p data-start=\"0\" data-end=\"616\"><strong data-start=\"0\" data-end=\"40\">L\u2019extrait d\u2019\u00e9corce de pin (95 % OPC)<\/strong> est un extrait d\u2019origine v\u00e9g\u00e9tale obtenu \u00e0 partir de l\u2019\u00e9corce d\u2019esp\u00e8ces du genre <em data-start=\"122\" data-end=\"129\" data-is-only-node=\"\">Pinus<\/em>. Il est standardis\u00e9 pour contenir une forte concentration d\u2019oligom\u00e8res de proanthocyanidines (OPC), un groupe de compos\u00e9s polyph\u00e9noliques naturellement pr\u00e9sents et largement \u00e9tudi\u00e9s dans la recherche biochimique et les \u00e9tudes sur les compos\u00e9s v\u00e9g\u00e9taux. Gr\u00e2ce \u00e0 sa composition bien d\u00e9finie et \u00e0 sa teneur \u00e9lev\u00e9e en OPC, l\u2019extrait d\u2019\u00e9corce de pin est couramment utilis\u00e9 dans des \u00e9tudes de laboratoire portant sur les polyph\u00e9nols v\u00e9g\u00e9taux et les mod\u00e8les de recherche li\u00e9s aux antioxydants.<\/p>\n<p data-start=\"618\" data-end=\"673\" data-is-last-node=\"\" data-is-only-node=\"\">Produit destin\u00e9 uniquement \u00e0 des fins de recherche.<\/p>\n","protected":false},"excerpt":{"rendered":"<p>L\u2019extrait d\u2019\u00e9corce de pin (95 % OPC) est un extrait d\u2019origine v\u00e9g\u00e9tale obtenu \u00e0 partir de l\u2019\u00e9corce d\u2019esp\u00e8ces du genre Pinus. Il est standardis\u00e9 pour contenir une forte concentration d\u2019oligom\u00e8res de proanthocyanidines (OPC), un groupe de compos\u00e9s polyph\u00e9noliques naturellement pr\u00e9sents et largement \u00e9tudi\u00e9s dans la recherche biochimique et les \u00e9tudes sur les compos\u00e9s v\u00e9g\u00e9taux. Gr\u00e2ce&#8230;<\/p>\n","protected":false},"featured_media":13815,"comment_status":"open","ping_status":"closed","template":"","meta":{"_kadence_starter_templates_imported_post":false,"_kad_post_transparent":"default","_kad_post_title":"","_kad_post_layout":"default","_kad_post_sidebar_id":"","_kad_post_content_style":"default","_kad_post_vertical_padding":"default","_kad_post_feature":"","_kad_post_feature_position":"","_kad_post_header":false,"_kad_post_footer":false,"_kad_post_classname":""},"product_brand":[],"product_cat":[109,107,87,138],"product_tag":[],"class_list":{"0":"post-13816","1":"product","2":"type-product","3":"status-publish","4":"has-post-thumbnail","6":"product_cat-anti-age","7":"product_cat-cerveau-memoire-et-concentration","8":"product_cat-non-classe","9":"product_cat-peau-cheveux-ongles","11":"first","12":"instock","13":"shipping-taxable","14":"purchasable","15":"product-type-simple","16":"entry","17":"content-bg","18":"loop-entry"},"_links":{"self":[{"href":"https:\/\/x-peptides.com\/fr\/wp-json\/wp\/v2\/product\/13816","targetHints":{"allow":["GET"]}}],"collection":[{"href":"https:\/\/x-peptides.com\/fr\/wp-json\/wp\/v2\/product"}],"about":[{"href":"https:\/\/x-peptides.com\/fr\/wp-json\/wp\/v2\/types\/product"}],"replies":[{"embeddable":true,"href":"https:\/\/x-peptides.com\/fr\/wp-json\/wp\/v2\/comments?post=13816"}],"wp:featuredmedia":[{"embeddable":true,"href":"https:\/\/x-peptides.com\/fr\/wp-json\/wp\/v2\/media\/13815"}],"wp:attachment":[{"href":"https:\/\/x-peptides.com\/fr\/wp-json\/wp\/v2\/media?parent=13816"}],"wp:term":[{"taxonomy":"product_brand","embeddable":true,"href":"https:\/\/x-peptides.com\/fr\/wp-json\/wp\/v2\/product_brand?post=13816"},{"taxonomy":"product_cat","embeddable":true,"href":"https:\/\/x-peptides.com\/fr\/wp-json\/wp\/v2\/product_cat?post=13816"},{"taxonomy":"product_tag","embeddable":true,"href":"https:\/\/x-peptides.com\/fr\/wp-json\/wp\/v2\/product_tag?post=13816"}],"curies":[{"name":"wp","href":"https:\/\/api.w.org\/{rel}","templated":true}]}}