{"id":13792,"date":"2026-03-13T12:23:41","date_gmt":"2026-03-13T11:23:41","guid":{"rendered":"https:\/\/x-peptides.com\/?post_type=product&#038;p=13792"},"modified":"2026-03-16T12:18:45","modified_gmt":"2026-03-16T11:18:45","slug":"berberine","status":"publish","type":"product","link":"https:\/\/x-peptides.com\/fr\/produkt\/berberine\/","title":{"rendered":"Berb\u00e9rine"},"content":{"rendered":"<p data-start=\"0\" data-end=\"513\"><strong data-start=\"0\" data-end=\"16\">La berb\u00e9rine<\/strong> est un alcalo\u00efde naturellement pr\u00e9sent dans plusieurs esp\u00e8ces de plantes, notamment du genre <em data-start=\"110\" data-end=\"120\" data-is-only-node=\"\">Berberis<\/em>. Elle est largement \u00e9tudi\u00e9e dans la recherche biochimique et en laboratoire en raison de sa structure chimique bien caract\u00e9ris\u00e9e et de ses interactions dans divers syst\u00e8mes exp\u00e9rimentaux. Gr\u00e2ce \u00e0 ses propri\u00e9t\u00e9s mol\u00e9culaires sp\u00e9cifiques, la berb\u00e9rine est fr\u00e9quemment utilis\u00e9e dans des recherches portant sur les voies m\u00e9taboliques, les processus cellulaires et les compos\u00e9s v\u00e9g\u00e9taux bioactifs.<\/p>\n<p data-start=\"515\" data-end=\"570\" data-is-last-node=\"\" data-is-only-node=\"\">Produit destin\u00e9 uniquement \u00e0 des fins de recherche.<\/p>\n","protected":false},"excerpt":{"rendered":"<p>La berb\u00e9rine est un alcalo\u00efde naturellement pr\u00e9sent dans plusieurs esp\u00e8ces de plantes, notamment du genre Berberis. Elle est largement \u00e9tudi\u00e9e dans la recherche biochimique et en laboratoire en raison de sa structure chimique bien caract\u00e9ris\u00e9e et de ses interactions dans divers syst\u00e8mes exp\u00e9rimentaux. Gr\u00e2ce \u00e0 ses propri\u00e9t\u00e9s mol\u00e9culaires sp\u00e9cifiques, la berb\u00e9rine est fr\u00e9quemment utilis\u00e9e dans&#8230;<\/p>\n","protected":false},"featured_media":13791,"comment_status":"open","ping_status":"closed","template":"","meta":{"_kadence_starter_templates_imported_post":false,"_kad_post_transparent":"default","_kad_post_title":"","_kad_post_layout":"default","_kad_post_sidebar_id":"","_kad_post_content_style":"default","_kad_post_vertical_padding":"default","_kad_post_feature":"","_kad_post_feature_position":"","_kad_post_header":false,"_kad_post_footer":false,"_kad_post_classname":""},"product_brand":[],"product_cat":[109,107,87],"product_tag":[],"class_list":{"0":"post-13792","1":"product","2":"type-product","3":"status-publish","4":"has-post-thumbnail","6":"product_cat-anti-age","7":"product_cat-cerveau-memoire-et-concentration","8":"product_cat-non-classe","10":"first","11":"instock","12":"shipping-taxable","13":"purchasable","14":"product-type-simple","15":"entry","16":"content-bg","17":"loop-entry"},"_links":{"self":[{"href":"https:\/\/x-peptides.com\/fr\/wp-json\/wp\/v2\/product\/13792","targetHints":{"allow":["GET"]}}],"collection":[{"href":"https:\/\/x-peptides.com\/fr\/wp-json\/wp\/v2\/product"}],"about":[{"href":"https:\/\/x-peptides.com\/fr\/wp-json\/wp\/v2\/types\/product"}],"replies":[{"embeddable":true,"href":"https:\/\/x-peptides.com\/fr\/wp-json\/wp\/v2\/comments?post=13792"}],"wp:featuredmedia":[{"embeddable":true,"href":"https:\/\/x-peptides.com\/fr\/wp-json\/wp\/v2\/media\/13791"}],"wp:attachment":[{"href":"https:\/\/x-peptides.com\/fr\/wp-json\/wp\/v2\/media?parent=13792"}],"wp:term":[{"taxonomy":"product_brand","embeddable":true,"href":"https:\/\/x-peptides.com\/fr\/wp-json\/wp\/v2\/product_brand?post=13792"},{"taxonomy":"product_cat","embeddable":true,"href":"https:\/\/x-peptides.com\/fr\/wp-json\/wp\/v2\/product_cat?post=13792"},{"taxonomy":"product_tag","embeddable":true,"href":"https:\/\/x-peptides.com\/fr\/wp-json\/wp\/v2\/product_tag?post=13792"}],"curies":[{"name":"wp","href":"https:\/\/api.w.org\/{rel}","templated":true}]}}