{"id":13773,"date":"2026-03-13T12:16:30","date_gmt":"2026-03-13T11:16:30","guid":{"rendered":"https:\/\/x-peptides.com\/?post_type=product&#038;p=13773"},"modified":"2026-03-16T11:47:10","modified_gmt":"2026-03-16T10:47:10","slug":"uridine","status":"publish","type":"product","link":"https:\/\/x-peptides.com\/fr\/produkt\/uridine\/","title":{"rendered":"Uridine"},"content":{"rendered":"<p data-start=\"0\" data-end=\"370\"><strong data-start=\"0\" data-end=\"13\">L\u2019uridine<\/strong> est une combinaison de compos\u00e9s couramment utilis\u00e9e dans la recherche biochimique et en laboratoire. L\u2019uridine est un nucl\u00e9oside naturellement pr\u00e9sent dans l\u2019ARN et impliqu\u00e9 dans divers processus cellulaires, tandis que le citrate de magn\u00e9sium constitue une source d\u2019ions magn\u00e9sium fr\u00e9quemment utilis\u00e9e dans les environnements exp\u00e9rimentaux et analytiques.<\/p>\n<p data-start=\"372\" data-end=\"401\"><strong data-start=\"372\" data-end=\"401\">Chaque capsule contient :<\/strong><\/p>\n<ul data-start=\"403\" data-end=\"464\">\n<li data-section-id=\"tom10k\" data-start=\"403\" data-end=\"427\">\n<p data-start=\"405\" data-end=\"427\">300 mg d\u2019uridine<\/p>\n<\/li>\n<li data-section-id=\"1xpk2qq\" data-start=\"428\" data-end=\"464\">\n<p data-start=\"430\" data-end=\"464\">200 mg de citrate de magn\u00e9sium<\/p>\n<\/li>\n<\/ul>\n<p data-start=\"466\" data-end=\"521\" data-is-last-node=\"\" data-is-only-node=\"\">Produit destin\u00e9 uniquement \u00e0 des fins de recherche.<\/p>\n","protected":false},"excerpt":{"rendered":"<p>L\u2019uridine est une combinaison de compos\u00e9s couramment utilis\u00e9e dans la recherche biochimique et en laboratoire. L\u2019uridine est un nucl\u00e9oside naturellement pr\u00e9sent dans l\u2019ARN et impliqu\u00e9 dans divers processus cellulaires, tandis que le citrate de magn\u00e9sium constitue une source d\u2019ions magn\u00e9sium fr\u00e9quemment utilis\u00e9e dans les environnements exp\u00e9rimentaux et analytiques. Chaque capsule contient : 300 mg d\u2019uridine&#8230;<\/p>\n","protected":false},"featured_media":13772,"comment_status":"open","ping_status":"closed","template":"","meta":{"_kadence_starter_templates_imported_post":false,"_kad_post_transparent":"default","_kad_post_title":"","_kad_post_layout":"default","_kad_post_sidebar_id":"","_kad_post_content_style":"default","_kad_post_vertical_padding":"default","_kad_post_feature":"","_kad_post_feature_position":"","_kad_post_header":false,"_kad_post_footer":false,"_kad_post_classname":""},"product_brand":[],"product_cat":[107,87,126],"product_tag":[],"class_list":{"0":"post-13773","1":"product","2":"type-product","3":"status-publish","4":"has-post-thumbnail","6":"product_cat-cerveau-memoire-et-concentration","7":"product_cat-non-classe","8":"product_cat-nootropics","10":"first","11":"instock","12":"shipping-taxable","13":"purchasable","14":"product-type-simple","15":"entry","16":"content-bg","17":"loop-entry"},"_links":{"self":[{"href":"https:\/\/x-peptides.com\/fr\/wp-json\/wp\/v2\/product\/13773","targetHints":{"allow":["GET"]}}],"collection":[{"href":"https:\/\/x-peptides.com\/fr\/wp-json\/wp\/v2\/product"}],"about":[{"href":"https:\/\/x-peptides.com\/fr\/wp-json\/wp\/v2\/types\/product"}],"replies":[{"embeddable":true,"href":"https:\/\/x-peptides.com\/fr\/wp-json\/wp\/v2\/comments?post=13773"}],"wp:featuredmedia":[{"embeddable":true,"href":"https:\/\/x-peptides.com\/fr\/wp-json\/wp\/v2\/media\/13772"}],"wp:attachment":[{"href":"https:\/\/x-peptides.com\/fr\/wp-json\/wp\/v2\/media?parent=13773"}],"wp:term":[{"taxonomy":"product_brand","embeddable":true,"href":"https:\/\/x-peptides.com\/fr\/wp-json\/wp\/v2\/product_brand?post=13773"},{"taxonomy":"product_cat","embeddable":true,"href":"https:\/\/x-peptides.com\/fr\/wp-json\/wp\/v2\/product_cat?post=13773"},{"taxonomy":"product_tag","embeddable":true,"href":"https:\/\/x-peptides.com\/fr\/wp-json\/wp\/v2\/product_tag?post=13773"}],"curies":[{"name":"wp","href":"https:\/\/api.w.org\/{rel}","templated":true}]}}