{"id":13739,"date":"2026-03-13T12:05:33","date_gmt":"2026-03-13T11:05:33","guid":{"rendered":"https:\/\/x-peptides.com\/?post_type=product&#038;p=13739"},"modified":"2026-04-17T13:47:55","modified_gmt":"2026-04-17T11:47:55","slug":"glycine","status":"publish","type":"product","link":"https:\/\/x-peptides.com\/fr\/produkt\/glycine\/","title":{"rendered":"Glycine"},"content":{"rendered":"<div class=\"flex flex-col text-sm pb-25\">\n<article class=\"text-token-text-primary w-full focus:outline-none [--shadow-height:45px] has-data-writing-block:pointer-events-none has-data-writing-block:-mt-(--shadow-height) has-data-writing-block:pt-(--shadow-height) [&amp;:has([data-writing-block])&gt;*]:pointer-events-auto scroll-mt-[calc(var(--header-height)+min(200px,max(70px,20svh)))]\" dir=\"auto\" tabindex=\"-1\" data-turn-id=\"request-WEB:f0138b7a-753e-401e-bf27-fcf40ca66616-20\" data-testid=\"conversation-turn-42\" data-scroll-anchor=\"true\" data-turn=\"assistant\">\n<div class=\"text-base my-auto mx-auto pb-10 [--thread-content-margin:var(--thread-content-margin-xs,calc(var(--spacing)*4))] @w-sm\/main:[--thread-content-margin:var(--thread-content-margin-sm,calc(var(--spacing)*6))] @w-lg\/main:[--thread-content-margin:var(--thread-content-margin-lg,calc(var(--spacing)*16))] px-(--thread-content-margin)\">\n<div class=\"[--thread-content-max-width:40rem] @w-lg\/main:[--thread-content-max-width:48rem] mx-auto max-w-(--thread-content-max-width) flex-1 group\/turn-messages focus-visible:outline-hidden relative flex w-full min-w-0 flex-col agent-turn\" tabindex=\"-1\">\n<div class=\"flex max-w-full flex-col gap-4 grow\">\n<div class=\"min-h-8 text-message relative flex w-full flex-col items-end gap-2 text-start break-words whitespace-normal [.text-message+&amp;]:mt-1\" dir=\"auto\" data-message-author-role=\"assistant\" data-message-id=\"dbc4fa88-9637-4f3c-a49a-169c578af59e\" data-message-model-slug=\"gpt-5-3\">\n<div class=\"flex w-full flex-col gap-1 empty:hidden\">\n<div class=\"markdown prose dark:prose-invert w-full wrap-break-word light markdown-new-styling\">\n<p data-start=\"0\" data-end=\"533\"><strong data-start=\"0\" data-end=\"14\">La glycine<\/strong> est un acide amin\u00e9 simple naturellement pr\u00e9sent dans les prot\u00e9ines et largement utilis\u00e9 dans la recherche biochimique et en laboratoire. Elle joue un r\u00f4le important dans de nombreux processus biologiques et est couramment utilis\u00e9e dans des \u00e9tudes exp\u00e9rimentales portant sur le m\u00e9tabolisme, les syst\u00e8mes cellulaires et les interactions mol\u00e9culaires. En raison de ses propri\u00e9t\u00e9s chimiques bien caract\u00e9ris\u00e9es, la glycine est fr\u00e9quemment employ\u00e9e dans les environnements de laboratoire et dans les protocoles de recherche.<\/p>\n<p data-start=\"535\" data-end=\"590\" data-is-last-node=\"\" data-is-only-node=\"\">Produit destin\u00e9 uniquement \u00e0 des fins de recherche.<\/p>\n<\/div>\n<\/div>\n<\/div>\n<\/div>\n<div class=\"z-0 flex min-h-[46px] justify-start\"><\/div>\n<div class=\"mt-3 w-full empty:hidden\">\n<div class=\"text-center\"><\/div>\n<\/div>\n<\/div>\n<\/div>\n<\/article>\n<\/div>\n<div class=\"pointer-events-none h-px w-px absolute bottom-0\" aria-hidden=\"true\" data-edge=\"true\"><\/div>\n","protected":false},"excerpt":{"rendered":"<p>La glycine est un acide amin\u00e9 simple naturellement pr\u00e9sent dans les prot\u00e9ines et largement utilis\u00e9 dans la recherche biochimique et en laboratoire. Elle joue un r\u00f4le important dans de nombreux processus biologiques et est couramment utilis\u00e9e dans des \u00e9tudes exp\u00e9rimentales portant sur le m\u00e9tabolisme, les syst\u00e8mes cellulaires et les interactions mol\u00e9culaires. En raison de ses&#8230;<\/p>\n","protected":false},"featured_media":13738,"comment_status":"open","ping_status":"closed","template":"","meta":{"_kadence_starter_templates_imported_post":false,"_kad_post_transparent":"default","_kad_post_title":"","_kad_post_layout":"default","_kad_post_sidebar_id":"","_kad_post_content_style":"default","_kad_post_vertical_padding":"default","_kad_post_feature":"","_kad_post_feature_position":"","_kad_post_header":false,"_kad_post_footer":false,"_kad_post_classname":""},"product_brand":[],"product_cat":[102,88,125,101],"product_tag":[],"class_list":{"0":"post-13739","1":"product","2":"type-product","3":"status-publish","4":"has-post-thumbnail","6":"product_cat-gehirn-gedachtnis-konzentration","7":"product_cat-unkategorisiert","8":"product_cat-nootropics","9":"product_cat-erholung","11":"first","12":"instock","13":"shipping-taxable","14":"purchasable","15":"product-type-simple","16":"entry","17":"content-bg","18":"loop-entry"},"_links":{"self":[{"href":"https:\/\/x-peptides.com\/fr\/wp-json\/wp\/v2\/product\/13739","targetHints":{"allow":["GET"]}}],"collection":[{"href":"https:\/\/x-peptides.com\/fr\/wp-json\/wp\/v2\/product"}],"about":[{"href":"https:\/\/x-peptides.com\/fr\/wp-json\/wp\/v2\/types\/product"}],"replies":[{"embeddable":true,"href":"https:\/\/x-peptides.com\/fr\/wp-json\/wp\/v2\/comments?post=13739"}],"wp:featuredmedia":[{"embeddable":true,"href":"https:\/\/x-peptides.com\/fr\/wp-json\/wp\/v2\/media\/13738"}],"wp:attachment":[{"href":"https:\/\/x-peptides.com\/fr\/wp-json\/wp\/v2\/media?parent=13739"}],"wp:term":[{"taxonomy":"product_brand","embeddable":true,"href":"https:\/\/x-peptides.com\/fr\/wp-json\/wp\/v2\/product_brand?post=13739"},{"taxonomy":"product_cat","embeddable":true,"href":"https:\/\/x-peptides.com\/fr\/wp-json\/wp\/v2\/product_cat?post=13739"},{"taxonomy":"product_tag","embeddable":true,"href":"https:\/\/x-peptides.com\/fr\/wp-json\/wp\/v2\/product_tag?post=13739"}],"curies":[{"name":"wp","href":"https:\/\/api.w.org\/{rel}","templated":true}]}}