{"id":12080,"date":"2024-09-04T10:54:29","date_gmt":"2024-09-04T08:54:29","guid":{"rendered":"https:\/\/x-peptides.com\/produkt\/sem-glp-1-5mg-10mg\/"},"modified":"2026-02-25T10:53:43","modified_gmt":"2026-02-25T09:53:43","slug":"sem-glp-1-5mg-10mg","status":"publish","type":"product","link":"https:\/\/x-peptides.com\/fr\/produkt\/sem-glp-1-5mg-10mg\/","title":{"rendered":"Sem (GLP-1) 5mg\/10mg"},"content":{"rendered":"<p data-start=\"52\" data-end=\"315\"><strong data-start=\"52\" data-end=\"67\">Sem (GLP-1<\/strong> ) est un compos\u00e9 de recherche et un analogue du GLP-1 (glucagon-like peptide-1) naturel, une hormone impliqu\u00e9e dans la r\u00e9gulation du m\u00e9tabolisme. En laboratoire, il est utilis\u00e9 pour \u00e9tudier le m\u00e9tabolisme du glucose, le contr\u00f4le de l&rsquo;app\u00e9tit et la s\u00e9cr\u00e9tion d&rsquo;insuline. <\/p>\n<p data-start=\"317\" data-end=\"416\">Sem interagit avec les r\u00e9cepteurs GLP-1, ce qui permet une analyse d\u00e9taill\u00e9e des r\u00e9ponses hormonales et m\u00e9taboliques.<\/p>\n<p data-start=\"418\" data-end=\"470\"><strong data-start=\"418\" data-end=\"470\">Dans les mod\u00e8les pr\u00e9cliniques, Sem a \u00e9t\u00e9 observ\u00e9 pour :<\/strong><\/p>\n<ul data-start=\"471\" data-end=\"660\">\n<li data-start=\"471\" data-end=\"506\">\n<p data-start=\"473\" data-end=\"506\">influencent les niveaux de glucose dans le sang,<\/p>\n<\/li>\n<li data-start=\"507\" data-end=\"552\">\n<p data-start=\"509\" data-end=\"552\">moduler les m\u00e9canismes de l&rsquo;app\u00e9tit et de la sati\u00e9t\u00e9,<\/p>\n<\/li>\n<li data-start=\"553\" data-end=\"595\">\n<p data-start=\"555\" data-end=\"595\">soutenir la recherche sur la s\u00e9cr\u00e9tion d&rsquo;insuline,<\/p>\n<\/li>\n<li data-start=\"596\" data-end=\"660\">\n<p data-start=\"598\" data-end=\"660\">aider \u00e0 \u00e9valuer les r\u00e9ponses m\u00e9taboliques dans des conditions contr\u00f4l\u00e9es.<\/p>\n<\/li>\n<\/ul>\n<p data-start=\"662\" data-end=\"1028\"><strong data-start=\"662\" data-end=\"714\">R\u00e9actif de laboratoire &#8211; \u00e0 des fins de recherche uniquement.<\/strong><br data-start=\"714\" data-end=\"717\">Ce produit est class\u00e9 comme un r\u00e9actif chimique strictement destin\u00e9 \u00e0 la recherche et doit \u00eatre manipul\u00e9 par des professionnels qualifi\u00e9s dans des conditions de laboratoire. Il ne s&rsquo;agit pas d&rsquo;un compl\u00e9ment alimentaire, d&rsquo;un m\u00e9dicament ou d&rsquo;un produit alimentaire et il n&rsquo;est pas destin\u00e9 \u00e0 la consommation humaine. Toutes les informations fournies le sont \u00e0 des fins \u00e9ducatives uniquement.  <\/p>\n","protected":false},"excerpt":{"rendered":"<p>Sem (GLP-1 ) est un compos\u00e9 de recherche et un analogue du GLP-1 (glucagon-like peptide-1) naturel, une hormone impliqu\u00e9e dans la r\u00e9gulation du m\u00e9tabolisme. En laboratoire, il est utilis\u00e9 pour \u00e9tudier le m\u00e9tabolisme du glucose, le contr\u00f4le de l&rsquo;app\u00e9tit et la s\u00e9cr\u00e9tion d&rsquo;insuline. Sem interagit avec les r\u00e9cepteurs GLP-1, ce qui permet une analyse d\u00e9taill\u00e9e&#8230;<\/p>\n","protected":false},"featured_media":12087,"comment_status":"open","ping_status":"closed","template":"","meta":{"_kadence_starter_templates_imported_post":false,"_kad_post_transparent":"","_kad_post_title":"","_kad_post_layout":"","_kad_post_sidebar_id":"","_kad_post_content_style":"","_kad_post_vertical_padding":"","_kad_post_feature":"","_kad_post_feature_position":"","_kad_post_header":false,"_kad_post_footer":false,"_kad_post_classname":""},"product_brand":[],"product_cat":[113,87,111,145],"product_tag":[],"class_list":{"0":"post-12080","1":"product","2":"type-product","3":"status-publish","4":"has-post-thumbnail","6":"product_cat-fioles","7":"product_cat-non-classe","8":"product_cat-peptides","9":"product_cat-perte-de-poids","11":"first","12":"instock","13":"sale","14":"featured","15":"shipping-taxable","16":"purchasable","17":"product-type-variable","18":"has-default-attributes","19":"entry","20":"content-bg","21":"loop-entry"},"_links":{"self":[{"href":"https:\/\/x-peptides.com\/fr\/wp-json\/wp\/v2\/product\/12080","targetHints":{"allow":["GET"]}}],"collection":[{"href":"https:\/\/x-peptides.com\/fr\/wp-json\/wp\/v2\/product"}],"about":[{"href":"https:\/\/x-peptides.com\/fr\/wp-json\/wp\/v2\/types\/product"}],"replies":[{"embeddable":true,"href":"https:\/\/x-peptides.com\/fr\/wp-json\/wp\/v2\/comments?post=12080"}],"wp:featuredmedia":[{"embeddable":true,"href":"https:\/\/x-peptides.com\/fr\/wp-json\/wp\/v2\/media\/12087"}],"wp:attachment":[{"href":"https:\/\/x-peptides.com\/fr\/wp-json\/wp\/v2\/media?parent=12080"}],"wp:term":[{"taxonomy":"product_brand","embeddable":true,"href":"https:\/\/x-peptides.com\/fr\/wp-json\/wp\/v2\/product_brand?post=12080"},{"taxonomy":"product_cat","embeddable":true,"href":"https:\/\/x-peptides.com\/fr\/wp-json\/wp\/v2\/product_cat?post=12080"},{"taxonomy":"product_tag","embeddable":true,"href":"https:\/\/x-peptides.com\/fr\/wp-json\/wp\/v2\/product_tag?post=12080"}],"curies":[{"name":"wp","href":"https:\/\/api.w.org\/{rel}","templated":true}]}}