{"id":11976,"date":"2024-07-01T19:39:51","date_gmt":"2024-07-01T17:39:51","guid":{"rendered":"https:\/\/x-peptides.com\/produkt\/pqq-pyrroloquinoline-quinone-coenzyme-q10-ubiquinone\/"},"modified":"2026-04-17T14:05:56","modified_gmt":"2026-04-17T12:05:56","slug":"pqq-pyrroloquinoline-quinone-coenzyme-q10-ubiquinone","status":"publish","type":"product","link":"https:\/\/x-peptides.com\/fr\/produkt\/pqq-pyrroloquinoline-quinone-coenzyme-q10-ubiquinone\/","title":{"rendered":"PQQ (Pyrroloquinoline Quinone) + Coenzyme Q10 Ubiquinone"},"content":{"rendered":"<p data-start=\"42\" data-end=\"318\">La <strong data-start=\"42\" data-end=\"205\">PQQ + Q10 <\/strong>a \u00e9t\u00e9 d\u00e9velopp\u00e9e pour soutenir la sant\u00e9 mitochondriale, stimuler la production d&rsquo;\u00e9nergie cellulaire et favoriser le bien-\u00eatre cardiovasculaire et neurologique g\u00e9n\u00e9ral. L&rsquo;association de la PQQ et de la coenzyme Q10 produit un effet synergique qui renforce leurs avantages individuels.<\/p>\n<p data-start=\"320\" data-end=\"855\">Cette formule soutient la fonction mitochondriale, augmente la production d&rsquo;ATP et aide \u00e0 prot\u00e9ger les cellules contre le stress oxydatif. La <strong data-start=\"439\" data-end=\"488\">PQQ favorise la cr\u00e9ation de nouvelles mitochondries<\/strong>, am\u00e9liorant ainsi l&rsquo;efficacit\u00e9 \u00e9nerg\u00e9tique, tandis que la <strong data-start=\"525\" data-end=\"581\">CoQ10 joue un r\u00f4le cl\u00e9 dans la production d&rsquo;\u00e9nergie cellulaire<\/strong> et soutient la sant\u00e9 cardiaque et circulatoire. Ces deux compos\u00e9s agissent comme de puissants antioxydants, contribuant \u00e0 ralentir les processus de vieillissement et \u00e0 prot\u00e9ger les cellules contre les dommages.<br data-start=\"736\" data-end=\"739\" \/>En outre, la <strong data-start=\"753\" data-end=\"787\" data-is-only-node=\"\">PQQ peut soutenir les fonctions c\u00e9r\u00e9brales<\/strong>, contribuant \u00e0 am\u00e9liorer la m\u00e9moire, la concentration et les performances cognitives.<\/p>\n<p data-start=\"857\" data-end=\"1087\" data-is-last-node=\"\" data-is-only-node=\"\">A <strong data-start=\"857\" data-end=\"888\">des fins de recherche uniquement.<\/strong><br data-start=\"888\" data-end=\"891\" \/>Ce produit est class\u00e9 comme un r\u00e9actif chimique destin\u00e9 \u00e0 \u00eatre utilis\u00e9 en laboratoire par des professionnels qualifi\u00e9s. Il ne s&rsquo;agit pas d&rsquo;un compl\u00e9ment alimentaire, d&rsquo;un m\u00e9dicament ou d&rsquo;un produit alimentaire et il n&rsquo;est pas destin\u00e9 \u00e0 la consommation humaine.<\/p>\n","protected":false},"excerpt":{"rendered":"<p>La PQQ + Q10 a \u00e9t\u00e9 d\u00e9velopp\u00e9e pour soutenir la sant\u00e9 mitochondriale, stimuler la production d&rsquo;\u00e9nergie cellulaire et favoriser le bien-\u00eatre cardiovasculaire et neurologique g\u00e9n\u00e9ral. L&rsquo;association de la PQQ et de la coenzyme Q10 produit un effet synergique qui renforce leurs avantages individuels. Cette formule soutient la fonction mitochondriale, augmente la production d&rsquo;ATP et aide&#8230;<\/p>\n","protected":false},"featured_media":11980,"comment_status":"open","ping_status":"closed","template":"","meta":{"_kadence_starter_templates_imported_post":false,"_kad_post_transparent":"default","_kad_post_title":"","_kad_post_layout":"default","_kad_post_sidebar_id":"","_kad_post_content_style":"default","_kad_post_vertical_padding":"default","_kad_post_feature":"","_kad_post_feature_position":"","_kad_post_header":false,"_kad_post_footer":false,"_kad_post_classname":""},"product_brand":[],"product_cat":[109,87,105],"product_tag":[],"class_list":{"0":"post-11976","1":"product","2":"type-product","3":"status-publish","4":"has-post-thumbnail","6":"product_cat-anti-age","7":"product_cat-non-classe","8":"product_cat-supplements","10":"first","11":"instock","12":"featured","13":"shipping-taxable","14":"purchasable","15":"product-type-variable","16":"has-default-attributes","17":"entry","18":"content-bg","19":"loop-entry"},"_links":{"self":[{"href":"https:\/\/x-peptides.com\/fr\/wp-json\/wp\/v2\/product\/11976","targetHints":{"allow":["GET"]}}],"collection":[{"href":"https:\/\/x-peptides.com\/fr\/wp-json\/wp\/v2\/product"}],"about":[{"href":"https:\/\/x-peptides.com\/fr\/wp-json\/wp\/v2\/types\/product"}],"replies":[{"embeddable":true,"href":"https:\/\/x-peptides.com\/fr\/wp-json\/wp\/v2\/comments?post=11976"}],"wp:featuredmedia":[{"embeddable":true,"href":"https:\/\/x-peptides.com\/fr\/wp-json\/wp\/v2\/media\/11980"}],"wp:attachment":[{"href":"https:\/\/x-peptides.com\/fr\/wp-json\/wp\/v2\/media?parent=11976"}],"wp:term":[{"taxonomy":"product_brand","embeddable":true,"href":"https:\/\/x-peptides.com\/fr\/wp-json\/wp\/v2\/product_brand?post=11976"},{"taxonomy":"product_cat","embeddable":true,"href":"https:\/\/x-peptides.com\/fr\/wp-json\/wp\/v2\/product_cat?post=11976"},{"taxonomy":"product_tag","embeddable":true,"href":"https:\/\/x-peptides.com\/fr\/wp-json\/wp\/v2\/product_tag?post=11976"}],"curies":[{"name":"wp","href":"https:\/\/api.w.org\/{rel}","templated":true}]}}