{"id":11956,"date":"2024-06-11T14:21:23","date_gmt":"2024-06-11T12:21:23","guid":{"rendered":"https:\/\/x-peptides.com\/produkt\/flmodafinil-crl-40940-bisfluoromodafinil\/"},"modified":"2026-02-25T10:53:13","modified_gmt":"2026-02-25T09:53:13","slug":"flmodafinil-crl-40940-bisfluoromodafinil","status":"publish","type":"product","link":"https:\/\/x-peptides.com\/fr\/produkt\/flmodafinil-crl-40940-bisfluoromodafinil\/","title":{"rendered":"Flmodafinil (CRL-40940) bisfluoromodafinil"},"content":{"rendered":"<p data-start=\"66\" data-end=\"123\"><strong data-start=\"66\" data-end=\"123\">Flmodafinil (CRL-40940) bisfluoromodafinil \/ g\u00e9lules<\/strong><\/p>\n<p data-start=\"125\" data-end=\"167\"><strong data-start=\"125\" data-end=\"167\">Produit destin\u00e9 \u00e0 la recherche<\/strong><\/p>\n<p data-start=\"169\" data-end=\"375\">Ce produit est class\u00e9 comme un r\u00e9actif chimique \/ mat\u00e9riel de r\u00e9f\u00e9rence dont la distribution est autoris\u00e9e au sein de l&rsquo;UE. Il peut \u00eatre utilis\u00e9 exclusivement pour la recherche scientifique. Il n&rsquo;est pas destin\u00e9 \u00e0 la consommation humaine.  <\/p>\n","protected":false},"excerpt":{"rendered":"<p>Flmodafinil (CRL-40940) bisfluoromodafinil \/ g\u00e9lules Produit destin\u00e9 \u00e0 la recherche Ce produit est class\u00e9 comme un r\u00e9actif chimique \/ mat\u00e9riel de r\u00e9f\u00e9rence dont la distribution est autoris\u00e9e au sein de l&rsquo;UE. Il peut \u00eatre utilis\u00e9 exclusivement pour la recherche scientifique. Il n&rsquo;est pas destin\u00e9 \u00e0 la consommation humaine.<\/p>\n","protected":false},"featured_media":2137,"comment_status":"open","ping_status":"closed","template":"","meta":{"_kadence_starter_templates_imported_post":false,"_kad_post_transparent":"","_kad_post_title":"","_kad_post_layout":"","_kad_post_sidebar_id":"","_kad_post_content_style":"","_kad_post_vertical_padding":"","_kad_post_feature":"","_kad_post_feature_position":"","_kad_post_header":false,"_kad_post_footer":false,"_kad_post_classname":""},"product_brand":[],"product_cat":[107,87,126,178],"product_tag":[],"class_list":{"0":"post-11956","1":"product","2":"type-product","3":"status-publish","4":"has-post-thumbnail","6":"product_cat-cerveau-memoire-et-concentration","7":"product_cat-non-classe","8":"product_cat-nootropics","9":"product_cat-sarms","11":"first","12":"instock","13":"featured","14":"shipping-taxable","15":"purchasable","16":"product-type-variable","17":"has-default-attributes","18":"entry","19":"content-bg","20":"loop-entry"},"_links":{"self":[{"href":"https:\/\/x-peptides.com\/fr\/wp-json\/wp\/v2\/product\/11956","targetHints":{"allow":["GET"]}}],"collection":[{"href":"https:\/\/x-peptides.com\/fr\/wp-json\/wp\/v2\/product"}],"about":[{"href":"https:\/\/x-peptides.com\/fr\/wp-json\/wp\/v2\/types\/product"}],"replies":[{"embeddable":true,"href":"https:\/\/x-peptides.com\/fr\/wp-json\/wp\/v2\/comments?post=11956"}],"wp:featuredmedia":[{"embeddable":true,"href":"https:\/\/x-peptides.com\/fr\/wp-json\/wp\/v2\/media\/2137"}],"wp:attachment":[{"href":"https:\/\/x-peptides.com\/fr\/wp-json\/wp\/v2\/media?parent=11956"}],"wp:term":[{"taxonomy":"product_brand","embeddable":true,"href":"https:\/\/x-peptides.com\/fr\/wp-json\/wp\/v2\/product_brand?post=11956"},{"taxonomy":"product_cat","embeddable":true,"href":"https:\/\/x-peptides.com\/fr\/wp-json\/wp\/v2\/product_cat?post=11956"},{"taxonomy":"product_tag","embeddable":true,"href":"https:\/\/x-peptides.com\/fr\/wp-json\/wp\/v2\/product_tag?post=11956"}],"curies":[{"name":"wp","href":"https:\/\/api.w.org\/{rel}","templated":true}]}}