{"id":11907,"date":"2024-06-11T11:29:31","date_gmt":"2024-06-11T09:29:31","guid":{"rendered":"https:\/\/x-peptides.com\/produkt\/poudre-dapigenine\/"},"modified":"2026-04-17T13:12:03","modified_gmt":"2026-04-17T11:12:03","slug":"poudre-dapigenine","status":"publish","type":"product","link":"https:\/\/x-peptides.com\/fr\/produkt\/poudre-dapigenine\/","title":{"rendered":"Poudre d&rsquo;apig\u00e9nine"},"content":{"rendered":"<p data-start=\"78\" data-end=\"126\"><strong data-start=\"82\" data-end=\"126\">Apig\u00e9nine &#8211; Un soutien naturel pour votre corps<\/strong><\/p>\n<p data-start=\"128\" data-end=\"381\">L&rsquo;apig\u00e9nine est un flavono\u00efde naturel pr\u00e9sent dans le persil, le c\u00e9leri et la camomille, bien connu pour ses nombreux bienfaits pour la sant\u00e9. Elle soutient les syst\u00e8mes nerveux, immunitaire et cardiovasculaire, tout en ayant de puissants effets antioxydants et anti-inflammatoires.<\/p>\n<p data-start=\"383\" data-end=\"403\"><strong data-start=\"387\" data-end=\"403\">Principaux avantages<\/strong><\/p>\n<p data-start=\"405\" data-end=\"875\">\u2714 <strong data-start=\"407\" data-end=\"436\">Neutralise les radicaux libres<\/strong> &#8211; prot\u00e8ge les cellules du stress oxydatif.<br data-start=\"476\" data-end=\"479\" \/>\u2714 <strong data-start=\"481\" data-end=\"505\">R\u00e9duit l&rsquo;inflammation<\/strong> &#8211; aide l&rsquo;organisme \u00e0 g\u00e9rer les maladies chroniques.<br data-start=\"557\" data-end=\"560\" \/>\u2714 <strong data-start=\"562\" data-end=\"589\">Favorise le fonctionnement du cerveau<\/strong> &#8211; peut am\u00e9liorer la m\u00e9moire et r\u00e9duire l&rsquo;anxi\u00e9t\u00e9.<br data-start=\"630\" data-end=\"633\" \/>\u2714 <strong data-start=\"635\" data-end=\"651\">Sant\u00e9 cardiaque<\/strong> &#8211; aide \u00e0 r\u00e9guler la tension art\u00e9rielle et le taux de cholest\u00e9rol.<br data-start=\"707\" data-end=\"710\" \/>\u2714 <strong data-start=\"712\" data-end=\"747\">Propri\u00e9t\u00e9s anticanc\u00e9reuses potentielles<\/strong> &#8211; peut inhiber la croissance de cellules anormales.<br data-start=\"791\" data-end=\"794\" \/>\u2714 <strong data-start=\"796\" data-end=\"823\">Am\u00e9liore l&rsquo;\u00e9tat de la peau<\/strong> &#8211; favorise la r\u00e9g\u00e9n\u00e9ration et prot\u00e8ge contre le vieillissement.<\/p>\n","protected":false},"excerpt":{"rendered":"<p>Apig\u00e9nine &#8211; Un soutien naturel pour votre corps L&rsquo;apig\u00e9nine est un flavono\u00efde naturel pr\u00e9sent dans le persil, le c\u00e9leri et la camomille, bien connu pour ses nombreux bienfaits pour la sant\u00e9. Elle soutient les syst\u00e8mes nerveux, immunitaire et cardiovasculaire, tout en ayant de puissants effets antioxydants et anti-inflammatoires. Principaux avantages \u2714 Neutralise les radicaux libres&#8230;<\/p>\n","protected":false},"featured_media":11910,"comment_status":"open","ping_status":"closed","template":"","meta":{"_kadence_starter_templates_imported_post":false,"_kad_post_transparent":"default","_kad_post_title":"","_kad_post_layout":"default","_kad_post_sidebar_id":"","_kad_post_content_style":"default","_kad_post_vertical_padding":"default","_kad_post_feature":"","_kad_post_feature_position":"","_kad_post_header":false,"_kad_post_footer":false,"_kad_post_classname":""},"product_brand":[],"product_cat":[109,87,108,105],"product_tag":[],"class_list":{"0":"post-11907","1":"product","2":"type-product","3":"status-publish","4":"has-post-thumbnail","6":"product_cat-anti-age","7":"product_cat-non-classe","8":"product_cat-sommeil-et-relaxation","9":"product_cat-supplements","11":"first","12":"instock","13":"featured","14":"shipping-taxable","15":"purchasable","16":"product-type-variable","17":"has-default-attributes","18":"entry","19":"content-bg","20":"loop-entry"},"_links":{"self":[{"href":"https:\/\/x-peptides.com\/fr\/wp-json\/wp\/v2\/product\/11907","targetHints":{"allow":["GET"]}}],"collection":[{"href":"https:\/\/x-peptides.com\/fr\/wp-json\/wp\/v2\/product"}],"about":[{"href":"https:\/\/x-peptides.com\/fr\/wp-json\/wp\/v2\/types\/product"}],"replies":[{"embeddable":true,"href":"https:\/\/x-peptides.com\/fr\/wp-json\/wp\/v2\/comments?post=11907"}],"wp:featuredmedia":[{"embeddable":true,"href":"https:\/\/x-peptides.com\/fr\/wp-json\/wp\/v2\/media\/11910"}],"wp:attachment":[{"href":"https:\/\/x-peptides.com\/fr\/wp-json\/wp\/v2\/media?parent=11907"}],"wp:term":[{"taxonomy":"product_brand","embeddable":true,"href":"https:\/\/x-peptides.com\/fr\/wp-json\/wp\/v2\/product_brand?post=11907"},{"taxonomy":"product_cat","embeddable":true,"href":"https:\/\/x-peptides.com\/fr\/wp-json\/wp\/v2\/product_cat?post=11907"},{"taxonomy":"product_tag","embeddable":true,"href":"https:\/\/x-peptides.com\/fr\/wp-json\/wp\/v2\/product_tag?post=11907"}],"curies":[{"name":"wp","href":"https:\/\/api.w.org\/{rel}","templated":true}]}}