{"id":11846,"date":"2024-05-16T13:10:18","date_gmt":"2024-05-16T11:10:18","guid":{"rendered":"https:\/\/x-peptides.com\/produkt\/spermidine-10mg\/"},"modified":"2026-04-17T14:08:24","modified_gmt":"2026-04-17T12:08:24","slug":"spermidine-10mg","status":"publish","type":"product","link":"https:\/\/x-peptides.com\/fr\/produkt\/spermidine-10mg\/","title":{"rendered":"Spermidine 10mg"},"content":{"rendered":"<div class=\"mpof_ki myre_zn myre_8v_l m389_6m_l\">\n<div class=\"mp4t_16_s mryx_16_s mr3m_1 mli2_1 mh85_56 mh85_0_l\">\n<div class=\"mgn2_16 _0d3bd_am0a-\">\n<p data-start=\"67\" data-end=\"118\"><strong data-start=\"71\" data-end=\"118\">Spermidine &#8211; Un soutien naturel pour vos cellules<\/strong><\/p>\n<p data-start=\"120\" data-end=\"352\">La spermidine est une polyamine naturelle connue pour son r\u00f4le cl\u00e9 dans l&rsquo;autophagie &#8211; le processus de renouvellement et de rajeunissement des cellules. La recherche sugg\u00e8re qu&rsquo;elle peut influencer positivement la dur\u00e9e de vie, la sant\u00e9 cardiaque et les fonctions cognitives.<\/p>\n<p data-start=\"354\" data-end=\"374\"><strong data-start=\"358\" data-end=\"374\">Principaux avantages<\/strong><\/p>\n<p data-start=\"376\" data-end=\"876\">\u2714 <strong data-start=\"378\" data-end=\"407\">Favorise le renouvellement cellulaire<\/strong> &#8211; stimule l&rsquo;autophagie, aidant \u00e0 \u00e9liminer les cellules endommag\u00e9es.<br data-start=\"461\" data-end=\"464\" \/>\u2714 <strong data-start=\"466\" data-end=\"491\">Peut favoriser la long\u00e9vit\u00e9<\/strong> &#8211; contribue \u00e0 r\u00e9duire le d\u00e9clin li\u00e9 \u00e0 l&rsquo;\u00e2ge.<br data-start=\"538\" data-end=\"541\" \/>\u2714 <strong data-start=\"543\" data-end=\"578\">Sant\u00e9 cardiaque et cardiovasculaire<\/strong> &#8211; peut aider \u00e0 r\u00e9duire la tension art\u00e9rielle.<br data-start=\"611\" data-end=\"614\" \/>\u2714 <strong data-start=\"616\" data-end=\"658\" data-is-only-node=\"\">Soutien cognitif et protection du cerveau<\/strong> &#8211; b\u00e9n\u00e9fices potentiels pour la m\u00e9moire et la fonction neuronale.<br data-start=\"713\" data-end=\"716\" \/>\u2714 <strong data-start=\"718\" data-end=\"742\">R\u00e9gulation m\u00e9tabolique<\/strong> &#8211; peut favoriser la gestion du poids et l&rsquo;\u00e9quilibre \u00e9nerg\u00e9tique.<br data-start=\"794\" data-end=\"797\" \/>\u2714 <strong data-start=\"799\" data-end=\"828\">Effets anti-inflammatoires<\/strong> &#8211; aide \u00e0 prot\u00e9ger l&rsquo;organisme contre le stress oxydatif.<\/p>\n<p data-start=\"878\" data-end=\"909\"><strong data-start=\"878\" data-end=\"909\">A des fins de recherche uniquement.<\/strong><\/p>\n<\/div>\n<\/div>\n<\/div>\n","protected":false},"excerpt":{"rendered":"<p>Spermidine &#8211; Un soutien naturel pour vos cellules La spermidine est une polyamine naturelle connue pour son r\u00f4le cl\u00e9 dans l&rsquo;autophagie &#8211; le processus de renouvellement et de rajeunissement des cellules. La recherche sugg\u00e8re qu&rsquo;elle peut influencer positivement la dur\u00e9e de vie, la sant\u00e9 cardiaque et les fonctions cognitives. Principaux avantages \u2714 Favorise le renouvellement&#8230;<\/p>\n","protected":false},"featured_media":11848,"comment_status":"open","ping_status":"closed","template":"","meta":{"_kadence_starter_templates_imported_post":false,"_kad_post_transparent":"default","_kad_post_title":"","_kad_post_layout":"default","_kad_post_sidebar_id":"","_kad_post_content_style":"default","_kad_post_vertical_padding":"default","_kad_post_feature":"","_kad_post_feature_position":"","_kad_post_header":false,"_kad_post_footer":false,"_kad_post_classname":""},"product_brand":[],"product_cat":[109,87,105],"product_tag":[],"class_list":{"0":"post-11846","1":"product","2":"type-product","3":"status-publish","4":"has-post-thumbnail","6":"product_cat-anti-age","7":"product_cat-non-classe","8":"product_cat-supplements","10":"first","11":"instock","12":"featured","13":"shipping-taxable","14":"purchasable","15":"product-type-variable","16":"has-default-attributes","17":"entry","18":"content-bg","19":"loop-entry"},"_links":{"self":[{"href":"https:\/\/x-peptides.com\/fr\/wp-json\/wp\/v2\/product\/11846","targetHints":{"allow":["GET"]}}],"collection":[{"href":"https:\/\/x-peptides.com\/fr\/wp-json\/wp\/v2\/product"}],"about":[{"href":"https:\/\/x-peptides.com\/fr\/wp-json\/wp\/v2\/types\/product"}],"replies":[{"embeddable":true,"href":"https:\/\/x-peptides.com\/fr\/wp-json\/wp\/v2\/comments?post=11846"}],"wp:featuredmedia":[{"embeddable":true,"href":"https:\/\/x-peptides.com\/fr\/wp-json\/wp\/v2\/media\/11848"}],"wp:attachment":[{"href":"https:\/\/x-peptides.com\/fr\/wp-json\/wp\/v2\/media?parent=11846"}],"wp:term":[{"taxonomy":"product_brand","embeddable":true,"href":"https:\/\/x-peptides.com\/fr\/wp-json\/wp\/v2\/product_brand?post=11846"},{"taxonomy":"product_cat","embeddable":true,"href":"https:\/\/x-peptides.com\/fr\/wp-json\/wp\/v2\/product_cat?post=11846"},{"taxonomy":"product_tag","embeddable":true,"href":"https:\/\/x-peptides.com\/fr\/wp-json\/wp\/v2\/product_tag?post=11846"}],"curies":[{"name":"wp","href":"https:\/\/api.w.org\/{rel}","templated":true}]}}