{"id":11733,"date":"2024-05-15T17:21:42","date_gmt":"2024-05-15T15:21:42","guid":{"rendered":"https:\/\/x-peptides.com\/produkt\/poudre-de-fisetine\/"},"modified":"2026-04-17T13:45:23","modified_gmt":"2026-04-17T11:45:23","slug":"poudre-de-fisetine","status":"publish","type":"product","link":"https:\/\/x-peptides.com\/fr\/produkt\/poudre-de-fisetine\/","title":{"rendered":"Poudre de fis\u00e9tine"},"content":{"rendered":"<div class=\"mpof_ki myre_zn myre_8v_l m389_6m_l\">\n<div class=\"mp4t_16_s mryx_16_s mr3m_1 mli2_1 mh85_56 mh85_0_l\">\n<div class=\"mgn2_16 _0d3bd_am0a-\">\n<p data-start=\"85\" data-end=\"140\"><strong data-start=\"89\" data-end=\"140\">Fisetin &#8211; Un s\u00e9nolytique naturel pour des cellules saines<\/strong><\/p>\n<p data-start=\"142\" data-end=\"326\">La fis\u00e9tine est l&rsquo;un des s\u00e9nolytiques naturels les plus puissants. Elle aide l&rsquo;organisme \u00e0 \u00e9liminer les cellules \u00e2g\u00e9es et endommag\u00e9es (appel\u00e9es cellules s\u00e9nescentes), qui peuvent contribuer \u00e0 l&rsquo;inflammation et aux processus de vieillissement.<\/p>\n<p data-start=\"328\" data-end=\"348\"><strong data-start=\"332\" data-end=\"348\">Principaux avantages<\/strong><\/p>\n<p data-start=\"350\" data-end=\"743\">\u2714 <strong data-start=\"352\" data-end=\"381\">Favorise le renouvellement cellulaire<\/strong> &#8211; \u00e9limine les cellules s\u00e9nescentes et laisse la place aux cellules saines.<br data-start=\"437\" data-end=\"440\" \/>\u2714 <strong data-start=\"442\" data-end=\"463\">Favorise la long\u00e9vit\u00e9<\/strong> &#8211; la recherche sugg\u00e8re qu&rsquo;il peut ralentir le vieillissement et am\u00e9liorer la fonction physiologique globale.<br data-start=\"545\" data-end=\"548\" \/>\u2714 <strong data-start=\"550\" data-end=\"582\">R\u00e9duit l&rsquo;inflammation chronique<\/strong> &#8211; prot\u00e8ge les tissus des effets nocifs des cellules \u00ab\u00a0zombies\u00a0\u00bb.<br data-start=\"645\" data-end=\"648\" \/>\u2714 <strong data-start=\"650\" data-end=\"676\" data-is-only-node=\"\">Sans danger pour les cellules saines<\/strong> &#8211; agit de mani\u00e8re s\u00e9lective, en ciblant uniquement les cellules endommag\u00e9es ou dysfonctionnelles.<\/p>\n<p data-start=\"745\" data-end=\"776\"><strong data-start=\"745\" data-end=\"776\">A des fins de recherche uniquement.<\/strong><\/p>\n<\/div>\n<\/div>\n<\/div>\n","protected":false},"excerpt":{"rendered":"<p>Fisetin &#8211; Un s\u00e9nolytique naturel pour des cellules saines La fis\u00e9tine est l&rsquo;un des s\u00e9nolytiques naturels les plus puissants. Elle aide l&rsquo;organisme \u00e0 \u00e9liminer les cellules \u00e2g\u00e9es et endommag\u00e9es (appel\u00e9es cellules s\u00e9nescentes), qui peuvent contribuer \u00e0 l&rsquo;inflammation et aux processus de vieillissement. Principaux avantages \u2714 Favorise le renouvellement cellulaire &#8211; \u00e9limine les cellules s\u00e9nescentes et&#8230;<\/p>\n","protected":false},"featured_media":11737,"comment_status":"open","ping_status":"closed","template":"","meta":{"_kadence_starter_templates_imported_post":false,"_kad_post_transparent":"default","_kad_post_title":"","_kad_post_layout":"default","_kad_post_sidebar_id":"","_kad_post_content_style":"default","_kad_post_vertical_padding":"default","_kad_post_feature":"","_kad_post_feature_position":"","_kad_post_header":false,"_kad_post_footer":false,"_kad_post_classname":""},"product_brand":[],"product_cat":[109,87,105],"product_tag":[],"class_list":{"0":"post-11733","1":"product","2":"type-product","3":"status-publish","4":"has-post-thumbnail","6":"product_cat-anti-age","7":"product_cat-non-classe","8":"product_cat-supplements","10":"first","11":"instock","12":"featured","13":"shipping-taxable","14":"purchasable","15":"product-type-variable","16":"has-default-attributes","17":"entry","18":"content-bg","19":"loop-entry"},"_links":{"self":[{"href":"https:\/\/x-peptides.com\/fr\/wp-json\/wp\/v2\/product\/11733","targetHints":{"allow":["GET"]}}],"collection":[{"href":"https:\/\/x-peptides.com\/fr\/wp-json\/wp\/v2\/product"}],"about":[{"href":"https:\/\/x-peptides.com\/fr\/wp-json\/wp\/v2\/types\/product"}],"replies":[{"embeddable":true,"href":"https:\/\/x-peptides.com\/fr\/wp-json\/wp\/v2\/comments?post=11733"}],"wp:featuredmedia":[{"embeddable":true,"href":"https:\/\/x-peptides.com\/fr\/wp-json\/wp\/v2\/media\/11737"}],"wp:attachment":[{"href":"https:\/\/x-peptides.com\/fr\/wp-json\/wp\/v2\/media?parent=11733"}],"wp:term":[{"taxonomy":"product_brand","embeddable":true,"href":"https:\/\/x-peptides.com\/fr\/wp-json\/wp\/v2\/product_brand?post=11733"},{"taxonomy":"product_cat","embeddable":true,"href":"https:\/\/x-peptides.com\/fr\/wp-json\/wp\/v2\/product_cat?post=11733"},{"taxonomy":"product_tag","embeddable":true,"href":"https:\/\/x-peptides.com\/fr\/wp-json\/wp\/v2\/product_tag?post=11733"}],"curies":[{"name":"wp","href":"https:\/\/api.w.org\/{rel}","templated":true}]}}