{"id":11698,"date":"2024-05-09T20:25:29","date_gmt":"2024-05-09T18:25:29","guid":{"rendered":"https:\/\/x-peptides.com\/produkt\/nac-glutathion-nacet-plus-fort-que-la-nac\/"},"modified":"2024-05-09T20:25:29","modified_gmt":"2024-05-09T18:25:29","slug":"nac-glutathion-nacet-plus-fort-que-la-nac","status":"publish","type":"product","link":"https:\/\/x-peptides.com\/fr\/produkt\/nac-glutathion-nacet-plus-fort-que-la-nac\/","title":{"rendered":"NAC + Glutathion &#8211; NACET plus fort que la NAC"},"content":{"rendered":"<p data-start=\"82\" data-end=\"142\"><strong data-start=\"86\" data-end=\"142\">Une combinaison r\u00e9volutionnaire de glutathion et de NACET<\/strong><\/p>\n<p data-start=\"144\" data-end=\"660\">La combinaison de glutathion et de NACET (la forme \u00e9thyl\u00e9e de la N-ac\u00e9tylcyst\u00e9ine) se distingue par sa puissante activit\u00e9 antioxydante. Le glutathion joue un r\u00f4le cl\u00e9 dans la neutralisation des radicaux libres et la protection des cellules, tandis que le NACET am\u00e9liore sa biodisponibilit\u00e9 et soutient la production naturelle de l&rsquo;organisme. Les deux compos\u00e9s sont essentiels pour les processus de d\u00e9toxification du foie et peuvent favoriser une fonction pulmonaire et immunitaire saine, avoir des effets neuroprotecteurs et aider \u00e0 prot\u00e9ger les tissus contre le stress oxydatif et les dommages li\u00e9s \u00e0 l&rsquo;\u00e2ge.  <\/p>\n<p data-start=\"662\" data-end=\"693\"><strong data-start=\"662\" data-end=\"693\">A des fins de recherche uniquement.<\/strong><\/p>\n","protected":false},"excerpt":{"rendered":"<p>Une combinaison r\u00e9volutionnaire de glutathion et de NACET La combinaison de glutathion et de NACET (la forme \u00e9thyl\u00e9e de la N-ac\u00e9tylcyst\u00e9ine) se distingue par sa puissante activit\u00e9 antioxydante. Le glutathion joue un r\u00f4le cl\u00e9 dans la neutralisation des radicaux libres et la protection des cellules, tandis que le NACET am\u00e9liore sa biodisponibilit\u00e9 et soutient la&#8230;<\/p>\n","protected":false},"featured_media":7938,"comment_status":"open","ping_status":"closed","template":"","meta":{"_kadence_starter_templates_imported_post":false,"_kad_post_transparent":"","_kad_post_title":"","_kad_post_layout":"","_kad_post_sidebar_id":"","_kad_post_content_style":"","_kad_post_vertical_padding":"","_kad_post_feature":"","_kad_post_feature_position":"","_kad_post_header":false,"_kad_post_footer":false,"_kad_post_classname":""},"product_brand":[],"product_cat":[112,87,138,106,108,105],"product_tag":[],"class_list":{"0":"post-11698","1":"product","2":"type-product","3":"status-publish","4":"has-post-thumbnail","6":"product_cat-autres","7":"product_cat-non-classe","8":"product_cat-peau-cheveux-ongles","9":"product_cat-recuperation","10":"product_cat-sommeil-et-relaxation","11":"product_cat-supplements","13":"first","14":"instock","15":"featured","16":"shipping-taxable","17":"purchasable","18":"product-type-variable","19":"has-default-attributes","20":"entry","21":"content-bg","22":"loop-entry"},"_links":{"self":[{"href":"https:\/\/x-peptides.com\/fr\/wp-json\/wp\/v2\/product\/11698","targetHints":{"allow":["GET"]}}],"collection":[{"href":"https:\/\/x-peptides.com\/fr\/wp-json\/wp\/v2\/product"}],"about":[{"href":"https:\/\/x-peptides.com\/fr\/wp-json\/wp\/v2\/types\/product"}],"replies":[{"embeddable":true,"href":"https:\/\/x-peptides.com\/fr\/wp-json\/wp\/v2\/comments?post=11698"}],"wp:featuredmedia":[{"embeddable":true,"href":"https:\/\/x-peptides.com\/fr\/wp-json\/wp\/v2\/media\/7938"}],"wp:attachment":[{"href":"https:\/\/x-peptides.com\/fr\/wp-json\/wp\/v2\/media?parent=11698"}],"wp:term":[{"taxonomy":"product_brand","embeddable":true,"href":"https:\/\/x-peptides.com\/fr\/wp-json\/wp\/v2\/product_brand?post=11698"},{"taxonomy":"product_cat","embeddable":true,"href":"https:\/\/x-peptides.com\/fr\/wp-json\/wp\/v2\/product_cat?post=11698"},{"taxonomy":"product_tag","embeddable":true,"href":"https:\/\/x-peptides.com\/fr\/wp-json\/wp\/v2\/product_tag?post=11698"}],"curies":[{"name":"wp","href":"https:\/\/api.w.org\/{rel}","templated":true}]}}