{"id":11597,"date":"2024-03-07T11:44:20","date_gmt":"2024-03-07T10:44:20","guid":{"rendered":"https:\/\/x-peptides.com\/produkt\/tir-glp-1gip\/"},"modified":"2026-04-01T10:50:20","modified_gmt":"2026-04-01T08:50:20","slug":"tir-glp-1gip","status":"publish","type":"product","link":"https:\/\/x-peptides.com\/fr\/produkt\/tir-glp-1gip\/","title":{"rendered":"TIR GLP-1+GIP"},"content":{"rendered":"<p data-start=\"81\" data-end=\"596\"><strong>Le TIR<\/strong> est un nouveau peptide qui combine les actions du GLP-1 et du GIP, d\u00e9montrant un fort potentiel dans la recherche sur le contr\u00f4le du poids corporel, la r\u00e9gulation de la glyc\u00e9mie et la sant\u00e9 m\u00e9tabolique. Il agit en stimulant la s\u00e9cr\u00e9tion d&rsquo;insuline d\u00e9pendante du glucose, en supprimant le glucagon et en r\u00e9gulant l&rsquo;app\u00e9tit, ce qui favorise la r\u00e9duction du poids et l&rsquo;am\u00e9lioration du m\u00e9tabolisme des lipides. Les \u00e9tudes animales et les premi\u00e8res recherches cliniques indiquent \u00e9galement des b\u00e9n\u00e9fices pour la sant\u00e9 cardiovasculaire, la protection des reins et l&rsquo;am\u00e9lioration de la fonction des cellules b\u00eata du pancr\u00e9as.<\/p>\n<p data-start=\"598\" data-end=\"1075\">Le peptide pr\u00e9sente \u00e9galement des propri\u00e9t\u00e9s neuroprotectrices, r\u00e9duisant le stress oxydatif et l&rsquo;inflammation dans le cerveau, ce qui peut \u00eatre pertinent dans les conditions neurod\u00e9g\u00e9n\u00e9ratives. En outre, il contribue \u00e0 la sant\u00e9 gastro-intestinale en am\u00e9liorant la motilit\u00e9 intestinale, la composition du microbiote et l&rsquo;int\u00e9grit\u00e9 de la barri\u00e8re intestinale. Gr\u00e2ce \u00e0 son large spectre d&rsquo;activit\u00e9, la TIR est consid\u00e9r\u00e9e comme l&rsquo;un des candidats les plus prometteurs dans la recherche sur l&rsquo;ob\u00e9sit\u00e9, le diab\u00e8te de type 2 et d&rsquo;autres troubles m\u00e9taboliques.<\/p>\n<p data-start=\"1082\" data-end=\"1139\"><strong data-start=\"1086\" data-end=\"1137\">R\u00e9actif de laboratoire &#8211; \u00e0 des fins de recherche uniquement<\/strong><\/p>\n<p data-start=\"1140\" data-end=\"1468\">Ce produit est class\u00e9 comme un r\u00e9actif chimique destin\u00e9 exclusivement \u00e0 la recherche et doit \u00eatre manipul\u00e9 par des professionnels qualifi\u00e9s dans des conditions de laboratoire. Il ne s&rsquo;agit pas d&rsquo;un compl\u00e9ment alimentaire, d&rsquo;un m\u00e9dicament ou d&rsquo;un produit alimentaire et il n&rsquo;est pas destin\u00e9 \u00e0 la consommation humaine. Toutes les informations fournies le sont \u00e0 des fins \u00e9ducatives uniquement.<\/p>\n","protected":false},"excerpt":{"rendered":"<p>Le TIR est un nouveau peptide qui combine les actions du GLP-1 et du GIP, d\u00e9montrant un fort potentiel dans la recherche sur le contr\u00f4le du poids corporel, la r\u00e9gulation de la glyc\u00e9mie et la sant\u00e9 m\u00e9tabolique. Il agit en stimulant la s\u00e9cr\u00e9tion d&rsquo;insuline d\u00e9pendante du glucose, en supprimant le glucagon et en r\u00e9gulant l&rsquo;app\u00e9tit,&#8230;<\/p>\n","protected":false},"featured_media":11610,"comment_status":"open","ping_status":"closed","template":"","meta":{"_kadence_starter_templates_imported_post":false,"_kad_post_transparent":"default","_kad_post_title":"","_kad_post_layout":"default","_kad_post_sidebar_id":"","_kad_post_content_style":"default","_kad_post_vertical_padding":"default","_kad_post_feature":"","_kad_post_feature_position":"","_kad_post_header":false,"_kad_post_footer":false,"_kad_post_classname":""},"product_brand":[],"product_cat":[112,113,87,111,145],"product_tag":[],"class_list":{"0":"post-11597","1":"product","2":"type-product","3":"status-publish","4":"has-post-thumbnail","6":"product_cat-autres","7":"product_cat-fioles","8":"product_cat-non-classe","9":"product_cat-peptides","10":"product_cat-perte-de-poids","12":"first","13":"instock","14":"sale","15":"featured","16":"shipping-taxable","17":"purchasable","18":"product-type-variable","19":"has-default-attributes","20":"entry","21":"content-bg","22":"loop-entry"},"_links":{"self":[{"href":"https:\/\/x-peptides.com\/fr\/wp-json\/wp\/v2\/product\/11597","targetHints":{"allow":["GET"]}}],"collection":[{"href":"https:\/\/x-peptides.com\/fr\/wp-json\/wp\/v2\/product"}],"about":[{"href":"https:\/\/x-peptides.com\/fr\/wp-json\/wp\/v2\/types\/product"}],"replies":[{"embeddable":true,"href":"https:\/\/x-peptides.com\/fr\/wp-json\/wp\/v2\/comments?post=11597"}],"wp:featuredmedia":[{"embeddable":true,"href":"https:\/\/x-peptides.com\/fr\/wp-json\/wp\/v2\/media\/11610"}],"wp:attachment":[{"href":"https:\/\/x-peptides.com\/fr\/wp-json\/wp\/v2\/media?parent=11597"}],"wp:term":[{"taxonomy":"product_brand","embeddable":true,"href":"https:\/\/x-peptides.com\/fr\/wp-json\/wp\/v2\/product_brand?post=11597"},{"taxonomy":"product_cat","embeddable":true,"href":"https:\/\/x-peptides.com\/fr\/wp-json\/wp\/v2\/product_cat?post=11597"},{"taxonomy":"product_tag","embeddable":true,"href":"https:\/\/x-peptides.com\/fr\/wp-json\/wp\/v2\/product_tag?post=11597"}],"curies":[{"name":"wp","href":"https:\/\/api.w.org\/{rel}","templated":true}]}}