{"id":11506,"date":"2024-02-26T18:12:18","date_gmt":"2024-02-26T17:12:18","guid":{"rendered":"https:\/\/x-peptides.com\/produkt\/nmnh-reduced-nmn-powder-capsules-500-mg\/"},"modified":"2026-02-26T14:13:57","modified_gmt":"2026-02-26T13:13:57","slug":"nmnh-reduced-nmn-powder-capsules-500-mg","status":"publish","type":"product","link":"https:\/\/x-peptides.com\/fr\/produkt\/nmnh-reduced-nmn-powder-capsules-500-mg\/","title":{"rendered":"NMNH \u2013 Poudre de NMN r\u00e9duite g\u00e9lules 500 mg"},"content":{"rendered":"<p data-start=\"71\" data-end=\"118\"><strong data-start=\"75\" data-end=\"118\">NMNH &#8211; Le booster de NAD+ nouvelle g\u00e9n\u00e9ration<\/strong><\/p>\n<p data-start=\"120\" data-end=\"396\">Le NMNH (Reduced Nicotinamide Mononucleotide) est un pr\u00e9curseur moderne de NAD+ qui agit plus rapidement et plus efficacement que le NMN traditionnel. Des \u00e9tudes montrent que le NMNH peut augmenter les niveaux de NAD+ jusqu&rsquo;\u00e0 dix fois plus efficacement, en maintenant des niveaux \u00e9lev\u00e9s pendant une dur\u00e9e nettement plus longue.<\/p>\n<p data-start=\"398\" data-end=\"418\"><strong data-start=\"402\" data-end=\"418\">Principaux avantages<\/strong><\/p>\n<p data-start=\"420\" data-end=\"767\">\u2714 <strong data-start=\"422\" data-end=\"458\">Action plus rapide et plus efficace<\/strong> &#8211; augmentation significative du NAD+ en 15 minutes seulement.<br data-start=\"511\" data-end=\"514\" \/>\u2714 <strong data-start=\"516\" data-end=\"539\">Effet durable<\/strong> &#8211; les niveaux de NAD+ restent \u00e9lev\u00e9s jusqu&rsquo;\u00e0 20 heures.<br data-start=\"589\" data-end=\"592\" \/>\u2714 <strong data-start=\"594\" data-end=\"622\">Biodisponibilit\u00e9 am\u00e9lior\u00e9e<\/strong> &#8211; augmente le NAD+ dans le foie, les reins, le c\u0153ur, les muscles et le cerveau.<br data-start=\"686\" data-end=\"689\" \/>\u2714 <strong data-start=\"691\" data-end=\"720\">Soutien cellulaire avanc\u00e9<\/strong> &#8211; avantages potentiels en mati\u00e8re d&rsquo;antivieillissement et de long\u00e9vit\u00e9.<\/p>\n<p data-start=\"859\" data-end=\"890\"><strong data-start=\"859\" data-end=\"890\">A des fins de recherche uniquement.<\/strong><\/p>\n","protected":false},"excerpt":{"rendered":"<p>NMNH &#8211; Le booster de NAD+ nouvelle g\u00e9n\u00e9ration Le NMNH (Reduced Nicotinamide Mononucleotide) est un pr\u00e9curseur moderne de NAD+ qui agit plus rapidement et plus efficacement que le NMN traditionnel. Des \u00e9tudes montrent que le NMNH peut augmenter les niveaux de NAD+ jusqu&rsquo;\u00e0 dix fois plus efficacement, en maintenant des niveaux \u00e9lev\u00e9s pendant une dur\u00e9e&#8230;<\/p>\n","protected":false},"featured_media":11508,"comment_status":"open","ping_status":"closed","template":"","meta":{"_kadence_starter_templates_imported_post":false,"_kad_post_transparent":"default","_kad_post_title":"","_kad_post_layout":"default","_kad_post_sidebar_id":"","_kad_post_content_style":"default","_kad_post_vertical_padding":"default","_kad_post_feature":"","_kad_post_feature_position":"","_kad_post_header":false,"_kad_post_footer":false,"_kad_post_classname":""},"product_brand":[],"product_cat":[109,134,87,138,106,105],"product_tag":[],"class_list":{"0":"post-11506","1":"product","2":"type-product","3":"status-publish","4":"has-post-thumbnail","6":"product_cat-anti-age","7":"product_cat-articulations-et-tendons","8":"product_cat-non-classe","9":"product_cat-peau-cheveux-ongles","10":"product_cat-recuperation","11":"product_cat-supplements","13":"first","14":"instock","15":"featured","16":"shipping-taxable","17":"purchasable","18":"product-type-variable","19":"has-default-attributes","20":"entry","21":"content-bg","22":"loop-entry"},"_links":{"self":[{"href":"https:\/\/x-peptides.com\/fr\/wp-json\/wp\/v2\/product\/11506","targetHints":{"allow":["GET"]}}],"collection":[{"href":"https:\/\/x-peptides.com\/fr\/wp-json\/wp\/v2\/product"}],"about":[{"href":"https:\/\/x-peptides.com\/fr\/wp-json\/wp\/v2\/types\/product"}],"replies":[{"embeddable":true,"href":"https:\/\/x-peptides.com\/fr\/wp-json\/wp\/v2\/comments?post=11506"}],"wp:featuredmedia":[{"embeddable":true,"href":"https:\/\/x-peptides.com\/fr\/wp-json\/wp\/v2\/media\/11508"}],"wp:attachment":[{"href":"https:\/\/x-peptides.com\/fr\/wp-json\/wp\/v2\/media?parent=11506"}],"wp:term":[{"taxonomy":"product_brand","embeddable":true,"href":"https:\/\/x-peptides.com\/fr\/wp-json\/wp\/v2\/product_brand?post=11506"},{"taxonomy":"product_cat","embeddable":true,"href":"https:\/\/x-peptides.com\/fr\/wp-json\/wp\/v2\/product_cat?post=11506"},{"taxonomy":"product_tag","embeddable":true,"href":"https:\/\/x-peptides.com\/fr\/wp-json\/wp\/v2\/product_tag?post=11506"}],"curies":[{"name":"wp","href":"https:\/\/api.w.org\/{rel}","templated":true}]}}