{"id":11431,"date":"2024-01-17T10:30:50","date_gmt":"2024-01-17T09:30:50","guid":{"rendered":"https:\/\/x-peptides.com\/produkt\/ghrp-2-10mg\/"},"modified":"2026-04-03T10:07:34","modified_gmt":"2026-04-03T08:07:34","slug":"ghrp-2-10mg","status":"publish","type":"product","link":"https:\/\/x-peptides.com\/fr\/produkt\/ghrp-2-10mg\/","title":{"rendered":"GHRP-2 10mg"},"content":{"rendered":"<p data-start=\"80\" data-end=\"558\">Le <strong data-start=\"80\" data-end=\"558\">GHRP-2 (Pralmorelin) <\/strong>est un hexapeptide synth\u00e9tique qui agit comme un compos\u00e9 de recherche lib\u00e9rant l&rsquo;hormone de croissance. Il interagit avec le r\u00e9cepteur de la ghr\u00e9line et est couramment utilis\u00e9 en laboratoire pour \u00e9tudier les r\u00e9ponses endocriniennes, les interactions peptide-r\u00e9cepteur et les m\u00e9canismes li\u00e9s \u00e0 la r\u00e9gulation de l&rsquo;hormone de croissance. L&rsquo;int\u00e9r\u00eat scientifique se concentre sur son r\u00f4le dans la signalisation m\u00e9tabolique, les voies li\u00e9es \u00e0 l&rsquo;app\u00e9tit et les r\u00e9ponses physiologiques m\u00e9di\u00e9es par l&rsquo;hypophyse et l&rsquo;hypothalamus.<\/p>\n<p data-start=\"560\" data-end=\"957\"><strong data-start=\"560\" data-end=\"611\">R\u00e9actif de laboratoire &#8211; R\u00e9serv\u00e9 \u00e0 la recherche<\/strong><br data-start=\"611\" data-end=\"614\" \/>Ce produit est class\u00e9 comme un r\u00e9actif chimique destin\u00e9 exclusivement \u00e0 la recherche et doit \u00eatre manipul\u00e9 par des professionnels qualifi\u00e9s dans des environnements de laboratoire contr\u00f4l\u00e9s. Il ne s&rsquo;agit pas d&rsquo;un compl\u00e9ment alimentaire, d&rsquo;un m\u00e9dicament ou d&rsquo;un produit alimentaire et il n&rsquo;est pas destin\u00e9 \u00e0 la consommation humaine. Toutes les informations fournies le sont \u00e0 des fins scientifiques et \u00e9ducatives uniquement.<\/p>\n","protected":false},"excerpt":{"rendered":"<p>Le GHRP-2 (Pralmorelin) est un hexapeptide synth\u00e9tique qui agit comme un compos\u00e9 de recherche lib\u00e9rant l&rsquo;hormone de croissance. Il interagit avec le r\u00e9cepteur de la ghr\u00e9line et est couramment utilis\u00e9 en laboratoire pour \u00e9tudier les r\u00e9ponses endocriniennes, les interactions peptide-r\u00e9cepteur et les m\u00e9canismes li\u00e9s \u00e0 la r\u00e9gulation de l&rsquo;hormone de croissance. L&rsquo;int\u00e9r\u00eat scientifique se concentre&#8230;<\/p>\n","protected":false},"featured_media":11437,"comment_status":"open","ping_status":"closed","template":"","meta":{"_kadence_starter_templates_imported_post":false,"_kad_post_transparent":"default","_kad_post_title":"","_kad_post_layout":"default","_kad_post_sidebar_id":"","_kad_post_content_style":"default","_kad_post_vertical_padding":"default","_kad_post_feature":"","_kad_post_feature_position":"","_kad_post_header":false,"_kad_post_footer":false,"_kad_post_classname":""},"product_brand":[],"product_cat":[134,146,113,87,138,111,106],"product_tag":[],"class_list":{"0":"post-11431","1":"product","2":"type-product","3":"status-publish","4":"has-post-thumbnail","6":"product_cat-articulations-et-tendons","7":"product_cat-croissance-musculaire","8":"product_cat-fioles","9":"product_cat-non-classe","10":"product_cat-peau-cheveux-ongles","11":"product_cat-peptides","12":"product_cat-recuperation","14":"first","15":"instock","16":"featured","17":"shipping-taxable","18":"purchasable","19":"product-type-simple","20":"entry","21":"content-bg","22":"loop-entry"},"_links":{"self":[{"href":"https:\/\/x-peptides.com\/fr\/wp-json\/wp\/v2\/product\/11431","targetHints":{"allow":["GET"]}}],"collection":[{"href":"https:\/\/x-peptides.com\/fr\/wp-json\/wp\/v2\/product"}],"about":[{"href":"https:\/\/x-peptides.com\/fr\/wp-json\/wp\/v2\/types\/product"}],"replies":[{"embeddable":true,"href":"https:\/\/x-peptides.com\/fr\/wp-json\/wp\/v2\/comments?post=11431"}],"wp:featuredmedia":[{"embeddable":true,"href":"https:\/\/x-peptides.com\/fr\/wp-json\/wp\/v2\/media\/11437"}],"wp:attachment":[{"href":"https:\/\/x-peptides.com\/fr\/wp-json\/wp\/v2\/media?parent=11431"}],"wp:term":[{"taxonomy":"product_brand","embeddable":true,"href":"https:\/\/x-peptides.com\/fr\/wp-json\/wp\/v2\/product_brand?post=11431"},{"taxonomy":"product_cat","embeddable":true,"href":"https:\/\/x-peptides.com\/fr\/wp-json\/wp\/v2\/product_cat?post=11431"},{"taxonomy":"product_tag","embeddable":true,"href":"https:\/\/x-peptides.com\/fr\/wp-json\/wp\/v2\/product_tag?post=11431"}],"curies":[{"name":"wp","href":"https:\/\/api.w.org\/{rel}","templated":true}]}}