{"id":11406,"date":"2024-01-15T19:38:35","date_gmt":"2024-01-15T18:38:35","guid":{"rendered":"https:\/\/x-peptides.com\/produkt\/nmn-mononukleotyd-nikotynamidu-proszek\/"},"modified":"2026-04-17T14:01:15","modified_gmt":"2026-04-17T12:01:15","slug":"nmn-mononukleotyd-nikotynamidu-proszek","status":"publish","type":"product","link":"https:\/\/x-peptides.com\/fr\/produkt\/nmn-mononukleotyd-nikotynamidu-proszek\/","title":{"rendered":"NMN Mononukleotyd Nikotynamidu Proszek"},"content":{"rendered":"<p data-start=\"120\" data-end=\"355\">Une forme pure et stable de <strong>NMN<\/strong> &#8211; un pr\u00e9curseur cl\u00e9 du NAD+, qui joue un r\u00f4le essentiel dans les processus cellulaires. Dans les environnements de recherche, le NMN est utilis\u00e9 pour \u00e9tudier les voies li\u00e9es \u00e0 l&rsquo;\u00e9nergie, les m\u00e9canismes de maintenance de l&rsquo;ADN et les fonctions m\u00e9taboliques.<\/p>\n<p data-start=\"357\" data-end=\"369\"><strong data-start=\"357\" data-end=\"369\">Pourquoi le NMN ?<\/strong><\/p>\n<p data-start=\"371\" data-end=\"925\">\u2714 <strong data-start=\"373\" data-end=\"400\">Voies li\u00e9es \u00e0 l&rsquo;\u00e9nergie<\/strong> &#8211; examin\u00e9 pour son r\u00f4le dans les processus biochimiques associ\u00e9s \u00e0 la production d&rsquo;ATP.<br data-start=\"481\" data-end=\"484\" \/>\u2714 <strong data-start=\"486\" data-end=\"514\">Recherche sur la maintenance de l&rsquo;ADN<\/strong> &#8211; le NAD+ participe aux voies impliqu\u00e9es dans la stabilit\u00e9 g\u00e9nomique et la r\u00e9paration cellulaire.<br data-start=\"597\" data-end=\"600\" \/>\u2714 <strong data-start=\"602\" data-end=\"627\">\u00c9tudes mitochondriales<\/strong> &#8211; utilis\u00e9es pour explorer la fa\u00e7on dont les cellules r\u00e9gulent la production d&rsquo;\u00e9nergie dans les mitochondries.<br data-start=\"703\" data-end=\"706\" \/>\u2714 <strong data-start=\"708\" data-end=\"736\">R\u00e9ponse au stress cellulaire<\/strong> &#8211; \u00e9tudi\u00e9 dans le contexte de la signalisation immunitaire et des voies inflammatoires.<br data-start=\"808\" data-end=\"811\" \/>\u2714 <strong data-start=\"813\" data-end=\"841\">Int\u00e9r\u00eat neurobiologique<\/strong> &#8211; \u00e9tudi\u00e9 pour sa pertinence dans la communication neuronale et les processus cognitifs.<\/p>\n<p data-start=\"927\" data-end=\"1320\"><strong>Produit destin\u00e9 uniquement \u00e0 la recherche.<\/strong><\/p>\n","protected":false},"excerpt":{"rendered":"<p>Une forme pure et stable de NMN &#8211; un pr\u00e9curseur cl\u00e9 du NAD+, qui joue un r\u00f4le essentiel dans les processus cellulaires. Dans les environnements de recherche, le NMN est utilis\u00e9 pour \u00e9tudier les voies li\u00e9es \u00e0 l&rsquo;\u00e9nergie, les m\u00e9canismes de maintenance de l&rsquo;ADN et les fonctions m\u00e9taboliques. Pourquoi le NMN ? \u2714 Voies li\u00e9es&#8230;<\/p>\n","protected":false},"featured_media":11410,"comment_status":"open","ping_status":"closed","template":"","meta":{"_kadence_starter_templates_imported_post":false,"_kad_post_transparent":"default","_kad_post_title":"","_kad_post_layout":"default","_kad_post_sidebar_id":"","_kad_post_content_style":"default","_kad_post_vertical_padding":"default","_kad_post_feature":"","_kad_post_feature_position":"","_kad_post_header":false,"_kad_post_footer":false,"_kad_post_classname":""},"product_brand":[],"product_cat":[109,134,107,87,106,105],"product_tag":[],"class_list":{"0":"post-11406","1":"product","2":"type-product","3":"status-publish","4":"has-post-thumbnail","6":"product_cat-anti-age","7":"product_cat-articulations-et-tendons","8":"product_cat-cerveau-memoire-et-concentration","9":"product_cat-non-classe","10":"product_cat-recuperation","11":"product_cat-supplements","13":"first","14":"instock","15":"shipping-taxable","16":"purchasable","17":"product-type-variable","18":"has-default-attributes","19":"entry","20":"content-bg","21":"loop-entry"},"_links":{"self":[{"href":"https:\/\/x-peptides.com\/fr\/wp-json\/wp\/v2\/product\/11406","targetHints":{"allow":["GET"]}}],"collection":[{"href":"https:\/\/x-peptides.com\/fr\/wp-json\/wp\/v2\/product"}],"about":[{"href":"https:\/\/x-peptides.com\/fr\/wp-json\/wp\/v2\/types\/product"}],"replies":[{"embeddable":true,"href":"https:\/\/x-peptides.com\/fr\/wp-json\/wp\/v2\/comments?post=11406"}],"wp:featuredmedia":[{"embeddable":true,"href":"https:\/\/x-peptides.com\/fr\/wp-json\/wp\/v2\/media\/11410"}],"wp:attachment":[{"href":"https:\/\/x-peptides.com\/fr\/wp-json\/wp\/v2\/media?parent=11406"}],"wp:term":[{"taxonomy":"product_brand","embeddable":true,"href":"https:\/\/x-peptides.com\/fr\/wp-json\/wp\/v2\/product_brand?post=11406"},{"taxonomy":"product_cat","embeddable":true,"href":"https:\/\/x-peptides.com\/fr\/wp-json\/wp\/v2\/product_cat?post=11406"},{"taxonomy":"product_tag","embeddable":true,"href":"https:\/\/x-peptides.com\/fr\/wp-json\/wp\/v2\/product_tag?post=11406"}],"curies":[{"name":"wp","href":"https:\/\/api.w.org\/{rel}","templated":true}]}}