{"id":11392,"date":"2024-01-15T19:49:02","date_gmt":"2024-01-15T18:49:02","guid":{"rendered":"https:\/\/x-peptides.com\/produkt\/nmn-mononukleotyd-nikotynamidu-kapsulki\/"},"modified":"2026-04-17T14:00:59","modified_gmt":"2026-04-17T12:00:59","slug":"nmn-mononukleotyd-nikotynamidu-kapsulki","status":"publish","type":"product","link":"https:\/\/x-peptides.com\/fr\/produkt\/nmn-mononukleotyd-nikotynamidu-kapsulki\/","title":{"rendered":"NMN Mononukleotyd Nikotynamidu Kapsu\u0142ki"},"content":{"rendered":"<p data-start=\"163\" data-end=\"432\">Forme pure et stable de <strong>NMN<\/strong>, un pr\u00e9curseur cl\u00e9 du NAD+ qui joue un r\u00f4le essentiel dans les processus cellulaires. Dans les environnements de recherche, le NMN est utilis\u00e9 pour \u00e9tudier les voies m\u00e9taboliques, la production d&rsquo;\u00e9nergie cellulaire, la fonction mitochondriale et les m\u00e9canismes li\u00e9s \u00e0 la maintenance de l&rsquo;ADN.<\/p>\n<p data-start=\"434\" data-end=\"446\"><strong data-start=\"434\" data-end=\"446\">Pourquoi le NMN ?<\/strong><\/p>\n<p data-start=\"448\" data-end=\"1013\">\u2714 <strong data-start=\"450\" data-end=\"478\">Voies \u00e9nerg\u00e9tiques cellulaires<\/strong> &#8211; \u00e9tudi\u00e9 pour son r\u00f4le dans les processus biochimiques li\u00e9s \u00e0 l&rsquo;ATP.<br data-start=\"539\" data-end=\"542\" \/>\u2714 <strong data-start=\"544\" data-end=\"572\">Recherche sur la maintenance de l&rsquo;ADN<\/strong> &#8211; le NAD+ participe aux voies associ\u00e9es \u00e0 la stabilit\u00e9 g\u00e9nomique.<br data-start=\"639\" data-end=\"642\" \/>\u2714 <strong data-start=\"644\" data-end=\"670\">Fonction mitochondriale<\/strong> &#8211; utilis\u00e9 pour explorer la fa\u00e7on dont les cellules r\u00e9gulent la production d&rsquo;\u00e9nergie au niveau mitochondrial.<br data-start=\"753\" data-end=\"756\" \/>\u2714 <strong data-start=\"758\" data-end=\"786\">R\u00e9ponse cellulaire au stress<\/strong> &#8211; \u00e9tudi\u00e9 pour son implication dans les voies li\u00e9es aux r\u00e9ponses immunitaires et inflammatoires.<br data-start=\"879\" data-end=\"882\" \/>\u2714 <strong data-start=\"884\" data-end=\"912\">Recherche neurobiologique<\/strong> &#8211; examin\u00e9 pour sa pertinence potentielle dans les \u00e9tudes sur la communication neuronale et les processus cognitifs.<\/p>\n<p data-start=\"1015\" data-end=\"1408\"><strong>Produit destin\u00e9 uniquement \u00e0 la recherche.<\/strong><\/p>\n","protected":false},"excerpt":{"rendered":"<p>Forme pure et stable de NMN, un pr\u00e9curseur cl\u00e9 du NAD+ qui joue un r\u00f4le essentiel dans les processus cellulaires. Dans les environnements de recherche, le NMN est utilis\u00e9 pour \u00e9tudier les voies m\u00e9taboliques, la production d&rsquo;\u00e9nergie cellulaire, la fonction mitochondriale et les m\u00e9canismes li\u00e9s \u00e0 la maintenance de l&rsquo;ADN. Pourquoi le NMN ? \u2714&#8230;<\/p>\n","protected":false},"featured_media":11395,"comment_status":"open","ping_status":"closed","template":"","meta":{"_kadence_starter_templates_imported_post":false,"_kad_post_transparent":"default","_kad_post_title":"","_kad_post_layout":"default","_kad_post_sidebar_id":"","_kad_post_content_style":"default","_kad_post_vertical_padding":"default","_kad_post_feature":"","_kad_post_feature_position":"","_kad_post_header":false,"_kad_post_footer":false,"_kad_post_classname":""},"product_brand":[],"product_cat":[109,134,107,87,106,105],"product_tag":[],"class_list":{"0":"post-11392","1":"product","2":"type-product","3":"status-publish","4":"has-post-thumbnail","6":"product_cat-anti-age","7":"product_cat-articulations-et-tendons","8":"product_cat-cerveau-memoire-et-concentration","9":"product_cat-non-classe","10":"product_cat-recuperation","11":"product_cat-supplements","13":"first","14":"instock","15":"featured","16":"shipping-taxable","17":"purchasable","18":"product-type-variable","19":"has-default-attributes","20":"entry","21":"content-bg","22":"loop-entry"},"_links":{"self":[{"href":"https:\/\/x-peptides.com\/fr\/wp-json\/wp\/v2\/product\/11392","targetHints":{"allow":["GET"]}}],"collection":[{"href":"https:\/\/x-peptides.com\/fr\/wp-json\/wp\/v2\/product"}],"about":[{"href":"https:\/\/x-peptides.com\/fr\/wp-json\/wp\/v2\/types\/product"}],"replies":[{"embeddable":true,"href":"https:\/\/x-peptides.com\/fr\/wp-json\/wp\/v2\/comments?post=11392"}],"wp:featuredmedia":[{"embeddable":true,"href":"https:\/\/x-peptides.com\/fr\/wp-json\/wp\/v2\/media\/11395"}],"wp:attachment":[{"href":"https:\/\/x-peptides.com\/fr\/wp-json\/wp\/v2\/media?parent=11392"}],"wp:term":[{"taxonomy":"product_brand","embeddable":true,"href":"https:\/\/x-peptides.com\/fr\/wp-json\/wp\/v2\/product_brand?post=11392"},{"taxonomy":"product_cat","embeddable":true,"href":"https:\/\/x-peptides.com\/fr\/wp-json\/wp\/v2\/product_cat?post=11392"},{"taxonomy":"product_tag","embeddable":true,"href":"https:\/\/x-peptides.com\/fr\/wp-json\/wp\/v2\/product_tag?post=11392"}],"curies":[{"name":"wp","href":"https:\/\/api.w.org\/{rel}","templated":true}]}}