{"id":11320,"date":"2024-01-11T18:12:40","date_gmt":"2024-01-11T17:12:40","guid":{"rendered":"https:\/\/x-peptides.com\/produkt\/ghk-cu-50mg-peptyd-miedziowy-tripeptide-1-de-cuivre\/"},"modified":"2026-04-02T14:44:00","modified_gmt":"2026-04-02T12:44:00","slug":"ghk-cu-50mg-peptyd-miedziowy-tripeptide-1-de-cuivre","status":"publish","type":"product","link":"https:\/\/x-peptides.com\/fr\/produkt\/ghk-cu-50mg-peptyd-miedziowy-tripeptide-1-de-cuivre\/","title":{"rendered":"GHK-CU 50mg peptyd miedziowy Tripeptide-1 de cuivre"},"content":{"rendered":"<h4 data-start=\"124\" data-end=\"163\"><strong data-start=\"128\" data-end=\"163\">Peptide GHK-Cu &#8211; Qualit\u00e9 recherche<\/strong><\/h4>\n<p data-start=\"165\" data-end=\"560\">GHK-Cu est un complexe peptidique naturel pr\u00e9sent dans le corps humain et largement \u00e9tudi\u00e9 pour son r\u00f4le dans les processus de r\u00e9paration biologique. Dans le cadre de la recherche, il est examin\u00e9 pour son implication dans la r\u00e9g\u00e9n\u00e9ration des tissus, la signalisation cellulaire et les interactions avec les voies d\u00e9pendantes du cuivre. Le peptide est \u00e9galement fr\u00e9quemment \u00e9tudi\u00e9 dans des \u00e9tudes li\u00e9es \u00e0 la production de collag\u00e8ne et \u00e0 la physiologie de la peau.<\/p>\n<p data-start=\"562\" data-end=\"793\">La recherche sur le GHK-Cu se concentre souvent sur sa pertinence potentielle pour les m\u00e9canismes de cicatrisation, le renouvellement cellulaire, les r\u00e9ponses antioxydantes et la biologie des cheveux, ce qui en fait un compos\u00e9 remarquable dans les domaines scientifiques explorant les processus r\u00e9g\u00e9n\u00e9ratifs.<\/p>\n<p data-start=\"795\" data-end=\"1177\"><strong data-start=\"795\" data-end=\"847\">R\u00e9actif de laboratoire &#8211; \u00e0 des fins de recherche uniquement.<\/strong><br data-start=\"847\" data-end=\"850\" \/>Ce produit est class\u00e9 comme un r\u00e9actif chimique \u00e0 usage de recherche exclusivement et doit \u00eatre manipul\u00e9 par des professionnels qualifi\u00e9s dans un environnement de laboratoire. Il ne s&rsquo;agit pas d&rsquo;un compl\u00e9ment alimentaire, d&rsquo;un m\u00e9dicament ou d&rsquo;un produit alimentaire, et il n&rsquo;est pas destin\u00e9 \u00e0 la consommation humaine. Toutes les informations fournies le sont \u00e0 des fins \u00e9ducatives et scientifiques uniquement.<\/p>\n","protected":false},"excerpt":{"rendered":"<p>Peptide GHK-Cu &#8211; Qualit\u00e9 recherche GHK-Cu est un complexe peptidique naturel pr\u00e9sent dans le corps humain et largement \u00e9tudi\u00e9 pour son r\u00f4le dans les processus de r\u00e9paration biologique. Dans le cadre de la recherche, il est examin\u00e9 pour son implication dans la r\u00e9g\u00e9n\u00e9ration des tissus, la signalisation cellulaire et les interactions avec les voies d\u00e9pendantes&#8230;<\/p>\n","protected":false},"featured_media":11323,"comment_status":"open","ping_status":"closed","template":"","meta":{"_kadence_starter_templates_imported_post":false,"_kad_post_transparent":"default","_kad_post_title":"","_kad_post_layout":"default","_kad_post_sidebar_id":"","_kad_post_content_style":"default","_kad_post_vertical_padding":"default","_kad_post_feature":"","_kad_post_feature_position":"","_kad_post_header":false,"_kad_post_footer":false,"_kad_post_classname":""},"product_brand":[],"product_cat":[109,113,87,138,111,106],"product_tag":[],"class_list":{"0":"post-11320","1":"product","2":"type-product","3":"status-publish","4":"has-post-thumbnail","6":"product_cat-anti-age","7":"product_cat-fioles","8":"product_cat-non-classe","9":"product_cat-peau-cheveux-ongles","10":"product_cat-peptides","11":"product_cat-recuperation","13":"first","14":"instock","15":"sale","16":"shipping-taxable","17":"purchasable","18":"product-type-variable","19":"has-default-attributes","20":"entry","21":"content-bg","22":"loop-entry"},"_links":{"self":[{"href":"https:\/\/x-peptides.com\/fr\/wp-json\/wp\/v2\/product\/11320","targetHints":{"allow":["GET"]}}],"collection":[{"href":"https:\/\/x-peptides.com\/fr\/wp-json\/wp\/v2\/product"}],"about":[{"href":"https:\/\/x-peptides.com\/fr\/wp-json\/wp\/v2\/types\/product"}],"replies":[{"embeddable":true,"href":"https:\/\/x-peptides.com\/fr\/wp-json\/wp\/v2\/comments?post=11320"}],"wp:featuredmedia":[{"embeddable":true,"href":"https:\/\/x-peptides.com\/fr\/wp-json\/wp\/v2\/media\/11323"}],"wp:attachment":[{"href":"https:\/\/x-peptides.com\/fr\/wp-json\/wp\/v2\/media?parent=11320"}],"wp:term":[{"taxonomy":"product_brand","embeddable":true,"href":"https:\/\/x-peptides.com\/fr\/wp-json\/wp\/v2\/product_brand?post=11320"},{"taxonomy":"product_cat","embeddable":true,"href":"https:\/\/x-peptides.com\/fr\/wp-json\/wp\/v2\/product_cat?post=11320"},{"taxonomy":"product_tag","embeddable":true,"href":"https:\/\/x-peptides.com\/fr\/wp-json\/wp\/v2\/product_tag?post=11320"}],"curies":[{"name":"wp","href":"https:\/\/api.w.org\/{rel}","templated":true}]}}