{"id":11214,"date":"2024-01-10T16:39:29","date_gmt":"2024-01-10T15:39:29","guid":{"rendered":"https:\/\/x-peptides.com\/produkt\/cjc-1295-5mg\/"},"modified":"2026-04-01T10:09:05","modified_gmt":"2026-04-01T08:09:05","slug":"cjc-1295-5mg","status":"publish","type":"product","link":"https:\/\/x-peptides.com\/fr\/produkt\/cjc-1295-5mg\/","title":{"rendered":"CJC-1295 5mg"},"content":{"rendered":"<p data-start=\"151\" data-end=\"363\">Le <strong data-start=\"151\" data-end=\"363\">CJC-1295 <\/strong>est un peptide \u00e9tudi\u00e9 pour sa capacit\u00e9 \u00e0 influencer les niveaux d&rsquo;hormone de croissance. Il est consid\u00e9r\u00e9 comme l&rsquo;un des peptides ayant fait l&rsquo;objet des recherches les plus approfondies, avec des preuves scientifiques provenant d&rsquo;\u00e9tudes sur l&rsquo;animal et sur l&rsquo;homme.<\/p>\n<p data-start=\"365\" data-end=\"540\">Dans des contextes li\u00e9s \u00e0 la performance, le CJC-1295 a \u00e9t\u00e9 explor\u00e9 comme alternative \u00e0 la HGH synth\u00e9tique. Il n&rsquo;est approuv\u00e9 par aucune autorit\u00e9 m\u00e9dicale pour un usage g\u00e9n\u00e9ral ou th\u00e9rapeutique.<\/p>\n<p data-start=\"542\" data-end=\"709\">Des recherches sont en cours pour \u00e9tudier son importance potentielle dans des domaines tels que la composition corporelle, les processus li\u00e9s au sommeil, le d\u00e9veloppement musculaire et les performances physiques.<\/p>\n<p data-start=\"711\" data-end=\"1080\"><strong data-start=\"711\" data-end=\"763\">R\u00e9actif de laboratoire &#8211; \u00e0 des fins de recherche uniquement.<\/strong><br data-start=\"763\" data-end=\"766\" \/>Ce produit est class\u00e9 comme un r\u00e9actif chimique destin\u00e9 uniquement \u00e0 la recherche et doit \u00eatre manipul\u00e9 par des professionnels qualifi\u00e9s dans des conditions de laboratoire. Il ne s&rsquo;agit pas d&rsquo;un compl\u00e9ment alimentaire, d&rsquo;un m\u00e9dicament ou d&rsquo;un produit alimentaire et il n&rsquo;est pas destin\u00e9 \u00e0 la consommation humaine. Toutes les informations fournies le sont \u00e0 des fins \u00e9ducatives uniquement.<\/p>\n","protected":false},"excerpt":{"rendered":"<p>Le CJC-1295 est un peptide \u00e9tudi\u00e9 pour sa capacit\u00e9 \u00e0 influencer les niveaux d&rsquo;hormone de croissance. Il est consid\u00e9r\u00e9 comme l&rsquo;un des peptides ayant fait l&rsquo;objet des recherches les plus approfondies, avec des preuves scientifiques provenant d&rsquo;\u00e9tudes sur l&rsquo;animal et sur l&rsquo;homme. Dans des contextes li\u00e9s \u00e0 la performance, le CJC-1295 a \u00e9t\u00e9 explor\u00e9 comme&#8230;<\/p>\n","protected":false},"featured_media":11217,"comment_status":"open","ping_status":"closed","template":"","meta":{"_kadence_starter_templates_imported_post":false,"_kad_post_transparent":"default","_kad_post_title":"","_kad_post_layout":"default","_kad_post_sidebar_id":"","_kad_post_content_style":"default","_kad_post_vertical_padding":"default","_kad_post_feature":"","_kad_post_feature_position":"","_kad_post_header":false,"_kad_post_footer":false,"_kad_post_classname":""},"product_brand":[],"product_cat":[134,146,113,87,111,106],"product_tag":[],"class_list":{"0":"post-11214","1":"product","2":"type-product","3":"status-publish","4":"has-post-thumbnail","6":"product_cat-articulations-et-tendons","7":"product_cat-croissance-musculaire","8":"product_cat-fioles","9":"product_cat-non-classe","10":"product_cat-peptides","11":"product_cat-recuperation","13":"first","14":"instock","15":"featured","16":"shipping-taxable","17":"purchasable","18":"product-type-simple","19":"entry","20":"content-bg","21":"loop-entry"},"_links":{"self":[{"href":"https:\/\/x-peptides.com\/fr\/wp-json\/wp\/v2\/product\/11214","targetHints":{"allow":["GET"]}}],"collection":[{"href":"https:\/\/x-peptides.com\/fr\/wp-json\/wp\/v2\/product"}],"about":[{"href":"https:\/\/x-peptides.com\/fr\/wp-json\/wp\/v2\/types\/product"}],"replies":[{"embeddable":true,"href":"https:\/\/x-peptides.com\/fr\/wp-json\/wp\/v2\/comments?post=11214"}],"wp:featuredmedia":[{"embeddable":true,"href":"https:\/\/x-peptides.com\/fr\/wp-json\/wp\/v2\/media\/11217"}],"wp:attachment":[{"href":"https:\/\/x-peptides.com\/fr\/wp-json\/wp\/v2\/media?parent=11214"}],"wp:term":[{"taxonomy":"product_brand","embeddable":true,"href":"https:\/\/x-peptides.com\/fr\/wp-json\/wp\/v2\/product_brand?post=11214"},{"taxonomy":"product_cat","embeddable":true,"href":"https:\/\/x-peptides.com\/fr\/wp-json\/wp\/v2\/product_cat?post=11214"},{"taxonomy":"product_tag","embeddable":true,"href":"https:\/\/x-peptides.com\/fr\/wp-json\/wp\/v2\/product_tag?post=11214"}],"curies":[{"name":"wp","href":"https:\/\/api.w.org\/{rel}","templated":true}]}}