{"id":11148,"date":"2020-10-26T21:15:46","date_gmt":"2020-10-26T20:15:46","guid":{"rendered":"https:\/\/x-peptides.com\/produkt\/bpc-157-5mg-10mg\/"},"modified":"2026-04-01T10:02:11","modified_gmt":"2026-04-01T08:02:11","slug":"bpc-157-5mg-10mg","status":"publish","type":"product","link":"https:\/\/x-peptides.com\/fr\/produkt\/bpc-157-5mg-10mg\/","title":{"rendered":"BPC-157 5mg\/10mg"},"content":{"rendered":"<p data-start=\"143\" data-end=\"466\"><strong data-start=\"143\" data-end=\"466\">BPC-157 <\/strong>est un peptide de recherche synth\u00e9tique compos\u00e9 de 15 acides amin\u00e9s. Il a \u00e9t\u00e9 d\u00e9velopp\u00e9 \u00e0 partir d&rsquo;un fragment d&rsquo;une prot\u00e9ine protectrice naturellement pr\u00e9sente dans l&rsquo;estomac humain. En laboratoire, il est utilis\u00e9 dans des \u00e9tudes portant sur les m\u00e9canismes de r\u00e9paration, les processus de r\u00e9g\u00e9n\u00e9ration et la r\u00e9ponse de l&rsquo;organisme \u00e0 divers facteurs dommageables.<\/p>\n<p data-start=\"468\" data-end=\"607\">Ce compos\u00e9 est utilis\u00e9 dans la recherche sur le syst\u00e8me musculo-squelettique, les tissus mous, les vaisseaux sanguins et le tractus gastro-intestinal.<\/p>\n<p data-start=\"609\" data-end=\"664\">Des \u00e9tudes pr\u00e9cliniques ont permis d&rsquo;observer que le BPC-157 peut :<\/p>\n<ul data-start=\"666\" data-end=\"984\">\n<li data-start=\"666\" data-end=\"712\">\n<p data-start=\"668\" data-end=\"712\">soutenir les processus de r\u00e9g\u00e9n\u00e9ration des tissus,<\/p>\n<\/li>\n<li data-start=\"713\" data-end=\"788\">\n<p data-start=\"715\" data-end=\"788\">influencent la gu\u00e9rison des structures musculaires, des tendons et des ligaments,<\/p>\n<\/li>\n<li data-start=\"789\" data-end=\"839\">\n<p data-start=\"791\" data-end=\"839\">affectent les vaisseaux sanguins et la microcirculation,<\/p>\n<\/li>\n<li data-start=\"840\" data-end=\"905\">\n<p data-start=\"842\" data-end=\"905\">jouent un r\u00f4le dans la recherche li\u00e9e \u00e0 l&rsquo;\u00e9quilibre neurochimique,<\/p>\n<\/li>\n<li data-start=\"906\" data-end=\"984\">\n<p data-start=\"908\" data-end=\"984\">\u00eatre examin\u00e9s dans le contexte des r\u00e9ponses li\u00e9es au stress et \u00e0 l&rsquo;inflammation.<\/p>\n<\/li>\n<\/ul>\n<p data-start=\"986\" data-end=\"1348\"><strong data-start=\"986\" data-end=\"1038\">R\u00e9actif de laboratoire &#8211; \u00e0 des fins de recherche uniquement.<\/strong><br data-start=\"1038\" data-end=\"1041\" \/>Ce produit est class\u00e9 comme un r\u00e9actif chimique strictement destin\u00e9 \u00e0 la recherche et doit \u00eatre manipul\u00e9 par des professionnels qualifi\u00e9s dans des conditions de laboratoire. Il ne s&rsquo;agit pas d&rsquo;un compl\u00e9ment alimentaire, d&rsquo;un m\u00e9dicament ou d&rsquo;un produit alimentaire et il n&rsquo;est pas destin\u00e9 \u00e0 la consommation humaine. Toutes les informations fournies le sont \u00e0 des fins \u00e9ducatives uniquement.<\/p>\n<p>&nbsp;<\/p>\n","protected":false},"excerpt":{"rendered":"<p>BPC-157 est un peptide de recherche synth\u00e9tique compos\u00e9 de 15 acides amin\u00e9s. Il a \u00e9t\u00e9 d\u00e9velopp\u00e9 \u00e0 partir d&rsquo;un fragment d&rsquo;une prot\u00e9ine protectrice naturellement pr\u00e9sente dans l&rsquo;estomac humain. En laboratoire, il est utilis\u00e9 dans des \u00e9tudes portant sur les m\u00e9canismes de r\u00e9paration, les processus de r\u00e9g\u00e9n\u00e9ration et la r\u00e9ponse de l&rsquo;organisme \u00e0 divers facteurs dommageables&#8230;.<\/p>\n","protected":false},"featured_media":11156,"comment_status":"open","ping_status":"closed","template":"","meta":{"_kadence_starter_templates_imported_post":false,"_kad_post_transparent":"default","_kad_post_title":"","_kad_post_layout":"default","_kad_post_sidebar_id":"","_kad_post_content_style":"default","_kad_post_vertical_padding":"default","_kad_post_feature":"","_kad_post_feature_position":"","_kad_post_header":false,"_kad_post_footer":false,"_kad_post_classname":""},"product_brand":[],"product_cat":[134,107,113,87,111,106],"product_tag":[170,173,171,172,174],"class_list":{"0":"post-11148","1":"product","2":"type-product","3":"status-publish","4":"has-post-thumbnail","6":"product_cat-articulations-et-tendons","7":"product_cat-cerveau-memoire-et-concentration","8":"product_cat-fioles","9":"product_cat-non-classe","10":"product_cat-peptides","11":"product_cat-recuperation","12":"product_tag-bpc-157","13":"product_tag-bpc-157-co-to","14":"product_tag-bpc-157-dawkowanie","15":"product_tag-bpc-157-dossage","16":"product_tag-bpc157","18":"first","19":"instock","20":"featured","21":"shipping-taxable","22":"purchasable","23":"product-type-variable","24":"has-default-attributes","25":"entry","26":"content-bg","27":"loop-entry"},"_links":{"self":[{"href":"https:\/\/x-peptides.com\/fr\/wp-json\/wp\/v2\/product\/11148","targetHints":{"allow":["GET"]}}],"collection":[{"href":"https:\/\/x-peptides.com\/fr\/wp-json\/wp\/v2\/product"}],"about":[{"href":"https:\/\/x-peptides.com\/fr\/wp-json\/wp\/v2\/types\/product"}],"replies":[{"embeddable":true,"href":"https:\/\/x-peptides.com\/fr\/wp-json\/wp\/v2\/comments?post=11148"}],"wp:featuredmedia":[{"embeddable":true,"href":"https:\/\/x-peptides.com\/fr\/wp-json\/wp\/v2\/media\/11156"}],"wp:attachment":[{"href":"https:\/\/x-peptides.com\/fr\/wp-json\/wp\/v2\/media?parent=11148"}],"wp:term":[{"taxonomy":"product_brand","embeddable":true,"href":"https:\/\/x-peptides.com\/fr\/wp-json\/wp\/v2\/product_brand?post=11148"},{"taxonomy":"product_cat","embeddable":true,"href":"https:\/\/x-peptides.com\/fr\/wp-json\/wp\/v2\/product_cat?post=11148"},{"taxonomy":"product_tag","embeddable":true,"href":"https:\/\/x-peptides.com\/fr\/wp-json\/wp\/v2\/product_tag?post=11148"}],"curies":[{"name":"wp","href":"https:\/\/api.w.org\/{rel}","templated":true}]}}