{"id":11103,"date":"2025-03-28T13:01:16","date_gmt":"2025-03-28T12:01:16","guid":{"rendered":"https:\/\/x-peptides.com\/produkt\/poudre-de-pollen-de-pin\/"},"modified":"2025-03-28T13:01:16","modified_gmt":"2025-03-28T12:01:16","slug":"poudre-de-pollen-de-pin","status":"publish","type":"product","link":"https:\/\/x-peptides.com\/fr\/produkt\/poudre-de-pollen-de-pin\/","title":{"rendered":"POUDRE DE POLLEN DE PIN"},"content":{"rendered":"<p data-start=\"47\" data-end=\"358\">Le <strong data-start=\"47\" data-end=\"358\">pollen de pin <\/strong>est un produit naturel \u00e0 base de plantes, riche en phytonutriments, en acides amin\u00e9s, en min\u00e9raux et en oligo-\u00e9l\u00e9ments. Il est traditionnellement utilis\u00e9 comme ingr\u00e9dient de soutien pour la vitalit\u00e9, la fonction immunitaire et l&rsquo;\u00e9quilibre hormonal, en particulier chez les hommes. Il peut aider \u00e0 promouvoir les niveaux d&rsquo;\u00e9nergie, la libido, la force et le bien-\u00eatre g\u00e9n\u00e9ral.  <\/p>\n","protected":false},"excerpt":{"rendered":"<p>Le pollen de pin est un produit naturel \u00e0 base de plantes, riche en phytonutriments, en acides amin\u00e9s, en min\u00e9raux et en oligo-\u00e9l\u00e9ments. Il est traditionnellement utilis\u00e9 comme ingr\u00e9dient de soutien pour la vitalit\u00e9, la fonction immunitaire et l&rsquo;\u00e9quilibre hormonal, en particulier chez les hommes. Il peut aider \u00e0 promouvoir les niveaux d&rsquo;\u00e9nergie, la libido,&#8230;<\/p>\n","protected":false},"featured_media":11106,"comment_status":"open","ping_status":"closed","template":"","meta":{"_kadence_starter_templates_imported_post":false,"_kad_post_transparent":"","_kad_post_title":"","_kad_post_layout":"","_kad_post_sidebar_id":"","_kad_post_content_style":"","_kad_post_vertical_padding":"","_kad_post_feature":"","_kad_post_feature_position":"","_kad_post_header":false,"_kad_post_footer":false,"_kad_post_classname":""},"product_brand":[],"product_cat":[109,112,146,130,87,106,105],"product_tag":[],"class_list":{"0":"post-11103","1":"product","2":"type-product","3":"status-publish","4":"has-post-thumbnail","6":"product_cat-anti-age","7":"product_cat-autres","8":"product_cat-croissance-musculaire","9":"product_cat-libido","10":"product_cat-non-classe","11":"product_cat-recuperation","12":"product_cat-supplements","14":"first","15":"instock","16":"shipping-taxable","17":"purchasable","18":"product-type-simple","19":"entry","20":"content-bg","21":"loop-entry"},"_links":{"self":[{"href":"https:\/\/x-peptides.com\/fr\/wp-json\/wp\/v2\/product\/11103","targetHints":{"allow":["GET"]}}],"collection":[{"href":"https:\/\/x-peptides.com\/fr\/wp-json\/wp\/v2\/product"}],"about":[{"href":"https:\/\/x-peptides.com\/fr\/wp-json\/wp\/v2\/types\/product"}],"replies":[{"embeddable":true,"href":"https:\/\/x-peptides.com\/fr\/wp-json\/wp\/v2\/comments?post=11103"}],"wp:featuredmedia":[{"embeddable":true,"href":"https:\/\/x-peptides.com\/fr\/wp-json\/wp\/v2\/media\/11106"}],"wp:attachment":[{"href":"https:\/\/x-peptides.com\/fr\/wp-json\/wp\/v2\/media?parent=11103"}],"wp:term":[{"taxonomy":"product_brand","embeddable":true,"href":"https:\/\/x-peptides.com\/fr\/wp-json\/wp\/v2\/product_brand?post=11103"},{"taxonomy":"product_cat","embeddable":true,"href":"https:\/\/x-peptides.com\/fr\/wp-json\/wp\/v2\/product_cat?post=11103"},{"taxonomy":"product_tag","embeddable":true,"href":"https:\/\/x-peptides.com\/fr\/wp-json\/wp\/v2\/product_tag?post=11103"}],"curies":[{"name":"wp","href":"https:\/\/api.w.org\/{rel}","templated":true}]}}