{"id":11087,"date":"2025-03-28T12:56:21","date_gmt":"2025-03-28T11:56:21","guid":{"rendered":"https:\/\/x-peptides.com\/produkt\/pqq-coq10-spermidine\/"},"modified":"2026-02-25T10:45:17","modified_gmt":"2026-02-25T09:45:17","slug":"pqq-coq10-spermidine","status":"publish","type":"product","link":"https:\/\/x-peptides.com\/fr\/produkt\/pqq-coq10-spermidine\/","title":{"rendered":"PQQ + CoQ10 + Spermidine"},"content":{"rendered":"<p data-start=\"47\" data-end=\"506\">L&rsquo;association de <strong>PQQ<\/strong> (pyrroloquinoline quinone), de <strong>Coenzyme Q10<\/strong> et de <strong>Spermidine<\/strong> soutient la fonction mitochondriale, y compris la production d&rsquo;\u00e9nergie cellulaire et la protection contre le stress oxydatif. La PQQ et la CoQ10 peuvent agir en synergie pour am\u00e9liorer les performances cellulaires, tandis que la spermidine est connue pour son r\u00f4le potentiel dans la promotion de l&rsquo;autophagie et le ralentissement des processus li\u00e9s au vieillissement. Ce produit est souvent utilis\u00e9 dans des applications visant \u00e0 soutenir la vitalit\u00e9 et la long\u00e9vit\u00e9.  <\/p>\n","protected":false},"excerpt":{"rendered":"<p>L&rsquo;association de PQQ (pyrroloquinoline quinone), de Coenzyme Q10 et de Spermidine soutient la fonction mitochondriale, y compris la production d&rsquo;\u00e9nergie cellulaire et la protection contre le stress oxydatif. La PQQ et la CoQ10 peuvent agir en synergie pour am\u00e9liorer les performances cellulaires, tandis que la spermidine est connue pour son r\u00f4le potentiel dans la promotion&#8230;<\/p>\n","protected":false},"featured_media":7913,"comment_status":"open","ping_status":"closed","template":"","meta":{"_kadence_starter_templates_imported_post":false,"_kad_post_transparent":"","_kad_post_title":"","_kad_post_layout":"","_kad_post_sidebar_id":"","_kad_post_content_style":"","_kad_post_vertical_padding":"","_kad_post_feature":"","_kad_post_feature_position":"","_kad_post_header":false,"_kad_post_footer":false,"_kad_post_classname":""},"product_brand":[],"product_cat":[109,107,87,105],"product_tag":[],"class_list":{"0":"post-11087","1":"product","2":"type-product","3":"status-publish","4":"has-post-thumbnail","6":"product_cat-anti-age","7":"product_cat-cerveau-memoire-et-concentration","8":"product_cat-non-classe","9":"product_cat-supplements","11":"first","12":"instock","13":"shipping-taxable","14":"purchasable","15":"product-type-variable","16":"has-default-attributes","17":"entry","18":"content-bg","19":"loop-entry"},"_links":{"self":[{"href":"https:\/\/x-peptides.com\/fr\/wp-json\/wp\/v2\/product\/11087","targetHints":{"allow":["GET"]}}],"collection":[{"href":"https:\/\/x-peptides.com\/fr\/wp-json\/wp\/v2\/product"}],"about":[{"href":"https:\/\/x-peptides.com\/fr\/wp-json\/wp\/v2\/types\/product"}],"replies":[{"embeddable":true,"href":"https:\/\/x-peptides.com\/fr\/wp-json\/wp\/v2\/comments?post=11087"}],"wp:featuredmedia":[{"embeddable":true,"href":"https:\/\/x-peptides.com\/fr\/wp-json\/wp\/v2\/media\/7913"}],"wp:attachment":[{"href":"https:\/\/x-peptides.com\/fr\/wp-json\/wp\/v2\/media?parent=11087"}],"wp:term":[{"taxonomy":"product_brand","embeddable":true,"href":"https:\/\/x-peptides.com\/fr\/wp-json\/wp\/v2\/product_brand?post=11087"},{"taxonomy":"product_cat","embeddable":true,"href":"https:\/\/x-peptides.com\/fr\/wp-json\/wp\/v2\/product_cat?post=11087"},{"taxonomy":"product_tag","embeddable":true,"href":"https:\/\/x-peptides.com\/fr\/wp-json\/wp\/v2\/product_tag?post=11087"}],"curies":[{"name":"wp","href":"https:\/\/api.w.org\/{rel}","templated":true}]}}