{"id":11023,"date":"2025-03-28T12:13:08","date_gmt":"2025-03-28T11:13:08","guid":{"rendered":"https:\/\/x-peptides.com\/produkt\/dheapregnenolone\/"},"modified":"2025-03-28T12:13:08","modified_gmt":"2025-03-28T11:13:08","slug":"dheapregnenolone","status":"publish","type":"product","link":"https:\/\/x-peptides.com\/fr\/produkt\/dheapregnenolone\/","title":{"rendered":"DHEA+PR\u00c9GN\u00c9NOLONE"},"content":{"rendered":"<p data-start=\"47\" data-end=\"340\">La <strong data-start=\"47\" data-end=\"340\">DHEA <\/strong>et la <strong data-start=\"47\" data-end=\"340\">pr\u00e9gn\u00e9nolone <\/strong>sont deux hormones st\u00e9ro\u00efdiennes naturelles qui jouent un r\u00f4le cl\u00e9 dans la production d&rsquo;autres hormones, notamment la testost\u00e9rone, l&rsquo;\u0153strog\u00e8ne et le cortisol. Leurs effets synergiques peuvent soutenir les fonctions cognitives, l&rsquo;humeur, les niveaux d&rsquo;\u00e9nergie, la libido et aider \u00e0 ralentir les processus li\u00e9s \u00e0 l&rsquo;\u00e2ge. <\/p>\n","protected":false},"excerpt":{"rendered":"<p>La DHEA et la pr\u00e9gn\u00e9nolone sont deux hormones st\u00e9ro\u00efdiennes naturelles qui jouent un r\u00f4le cl\u00e9 dans la production d&rsquo;autres hormones, notamment la testost\u00e9rone, l&rsquo;\u0153strog\u00e8ne et le cortisol. Leurs effets synergiques peuvent soutenir les fonctions cognitives, l&rsquo;humeur, les niveaux d&rsquo;\u00e9nergie, la libido et aider \u00e0 ralentir les processus li\u00e9s \u00e0 l&rsquo;\u00e2ge.<\/p>\n","protected":false},"featured_media":7916,"comment_status":"open","ping_status":"closed","template":"","meta":{"_kadence_starter_templates_imported_post":false,"_kad_post_transparent":"","_kad_post_title":"","_kad_post_layout":"","_kad_post_sidebar_id":"","_kad_post_content_style":"","_kad_post_vertical_padding":"","_kad_post_feature":"","_kad_post_feature_position":"","_kad_post_header":false,"_kad_post_footer":false,"_kad_post_classname":""},"product_brand":[],"product_cat":[109,107,130,87,106,105],"product_tag":[],"class_list":{"0":"post-11023","1":"product","2":"type-product","3":"status-publish","4":"has-post-thumbnail","6":"product_cat-anti-age","7":"product_cat-cerveau-memoire-et-concentration","8":"product_cat-libido","9":"product_cat-non-classe","10":"product_cat-recuperation","11":"product_cat-supplements","13":"first","14":"instock","15":"shipping-taxable","16":"purchasable","17":"product-type-variable","18":"has-default-attributes","19":"entry","20":"content-bg","21":"loop-entry"},"_links":{"self":[{"href":"https:\/\/x-peptides.com\/fr\/wp-json\/wp\/v2\/product\/11023","targetHints":{"allow":["GET"]}}],"collection":[{"href":"https:\/\/x-peptides.com\/fr\/wp-json\/wp\/v2\/product"}],"about":[{"href":"https:\/\/x-peptides.com\/fr\/wp-json\/wp\/v2\/types\/product"}],"replies":[{"embeddable":true,"href":"https:\/\/x-peptides.com\/fr\/wp-json\/wp\/v2\/comments?post=11023"}],"wp:featuredmedia":[{"embeddable":true,"href":"https:\/\/x-peptides.com\/fr\/wp-json\/wp\/v2\/media\/7916"}],"wp:attachment":[{"href":"https:\/\/x-peptides.com\/fr\/wp-json\/wp\/v2\/media?parent=11023"}],"wp:term":[{"taxonomy":"product_brand","embeddable":true,"href":"https:\/\/x-peptides.com\/fr\/wp-json\/wp\/v2\/product_brand?post=11023"},{"taxonomy":"product_cat","embeddable":true,"href":"https:\/\/x-peptides.com\/fr\/wp-json\/wp\/v2\/product_cat?post=11023"},{"taxonomy":"product_tag","embeddable":true,"href":"https:\/\/x-peptides.com\/fr\/wp-json\/wp\/v2\/product_tag?post=11023"}],"curies":[{"name":"wp","href":"https:\/\/api.w.org\/{rel}","templated":true}]}}