{"id":10998,"date":"2025-03-28T12:01:32","date_gmt":"2025-03-28T11:01:32","guid":{"rendered":"https:\/\/x-peptides.com\/produkt\/dhea-dehydroepiandrosterone\/"},"modified":"2026-04-17T13:44:58","modified_gmt":"2026-04-17T11:44:58","slug":"dhea-dehydroepiandrosterone","status":"publish","type":"product","link":"https:\/\/x-peptides.com\/fr\/produkt\/dhea-dehydroepiandrosterone\/","title":{"rendered":"DHEA D\u00e9hydro\u00e9piandrost\u00e9rone"},"content":{"rendered":"<p data-start=\"47\" data-end=\"390\">La <strong data-start=\"47\" data-end=\"390\">DHEA <\/strong>(d\u00e9hydro\u00e9piandrost\u00e9rone) est une hormone st\u00e9ro\u00efde naturelle produite principalement par les glandes surr\u00e9nales. Elle joue un r\u00f4le important en tant que pr\u00e9curseur d&rsquo;autres hormones, notamment la testost\u00e9rone et les \u0153strog\u00e8nes. Les niveaux de DHEA atteignent leur maximum au d\u00e9but de l&rsquo;\u00e2ge adulte et diminuent progressivement avec l&rsquo;\u00e2ge. Elle peut influencer l&rsquo;humeur, l&rsquo;\u00e9nergie, la libido et la vitalit\u00e9 en g\u00e9n\u00e9ral.<\/p>\n<p data-start=\"392\" data-end=\"515\">L&rsquo;utilisation de la DHEA doit \u00eatre supervis\u00e9e par un sp\u00e9cialiste, car il ne s&rsquo;agit pas d&rsquo;un compl\u00e9ment alimentaire mais d&rsquo;une substance hormonale active.<\/p>\n","protected":false},"excerpt":{"rendered":"<p>La DHEA (d\u00e9hydro\u00e9piandrost\u00e9rone) est une hormone st\u00e9ro\u00efde naturelle produite principalement par les glandes surr\u00e9nales. Elle joue un r\u00f4le important en tant que pr\u00e9curseur d&rsquo;autres hormones, notamment la testost\u00e9rone et les \u0153strog\u00e8nes. Les niveaux de DHEA atteignent leur maximum au d\u00e9but de l&rsquo;\u00e2ge adulte et diminuent progressivement avec l&rsquo;\u00e2ge. Elle peut influencer l&rsquo;humeur, l&rsquo;\u00e9nergie, la libido&#8230;<\/p>\n","protected":false},"featured_media":11004,"comment_status":"open","ping_status":"closed","template":"","meta":{"_kadence_starter_templates_imported_post":false,"_kad_post_transparent":"default","_kad_post_title":"","_kad_post_layout":"default","_kad_post_sidebar_id":"","_kad_post_content_style":"default","_kad_post_vertical_padding":"default","_kad_post_feature":"","_kad_post_feature_position":"","_kad_post_header":false,"_kad_post_footer":false,"_kad_post_classname":""},"product_brand":[],"product_cat":[109,146,130,87,106,105],"product_tag":[],"class_list":{"0":"post-10998","1":"product","2":"type-product","3":"status-publish","4":"has-post-thumbnail","6":"product_cat-anti-age","7":"product_cat-croissance-musculaire","8":"product_cat-libido","9":"product_cat-non-classe","10":"product_cat-recuperation","11":"product_cat-supplements","13":"first","14":"instock","15":"featured","16":"shipping-taxable","17":"purchasable","18":"product-type-variable","19":"has-default-attributes","20":"entry","21":"content-bg","22":"loop-entry"},"_links":{"self":[{"href":"https:\/\/x-peptides.com\/fr\/wp-json\/wp\/v2\/product\/10998","targetHints":{"allow":["GET"]}}],"collection":[{"href":"https:\/\/x-peptides.com\/fr\/wp-json\/wp\/v2\/product"}],"about":[{"href":"https:\/\/x-peptides.com\/fr\/wp-json\/wp\/v2\/types\/product"}],"replies":[{"embeddable":true,"href":"https:\/\/x-peptides.com\/fr\/wp-json\/wp\/v2\/comments?post=10998"}],"wp:featuredmedia":[{"embeddable":true,"href":"https:\/\/x-peptides.com\/fr\/wp-json\/wp\/v2\/media\/11004"}],"wp:attachment":[{"href":"https:\/\/x-peptides.com\/fr\/wp-json\/wp\/v2\/media?parent=10998"}],"wp:term":[{"taxonomy":"product_brand","embeddable":true,"href":"https:\/\/x-peptides.com\/fr\/wp-json\/wp\/v2\/product_brand?post=10998"},{"taxonomy":"product_cat","embeddable":true,"href":"https:\/\/x-peptides.com\/fr\/wp-json\/wp\/v2\/product_cat?post=10998"},{"taxonomy":"product_tag","embeddable":true,"href":"https:\/\/x-peptides.com\/fr\/wp-json\/wp\/v2\/product_tag?post=10998"}],"curies":[{"name":"wp","href":"https:\/\/api.w.org\/{rel}","templated":true}]}}