{"id":10989,"date":"2025-03-28T12:08:06","date_gmt":"2025-03-28T11:08:06","guid":{"rendered":"https:\/\/x-peptides.com\/produkt\/glutathione\/"},"modified":"2026-04-17T13:48:47","modified_gmt":"2026-04-17T11:48:47","slug":"glutathione","status":"publish","type":"product","link":"https:\/\/x-peptides.com\/fr\/produkt\/glutathione\/","title":{"rendered":"GLUTATHIONE"},"content":{"rendered":"<p>Le <strong>glutathion<\/strong> est l&rsquo;un des antioxydants naturels les plus puissants pr\u00e9sents dans l&rsquo;organisme. Il prot\u00e8ge les cellules du stress oxydatif, soutient les processus de d\u00e9toxification dans le foie et renforce le syst\u00e8me immunitaire. Il joue un r\u00f4le crucial dans la r\u00e9g\u00e9n\u00e9ration cellulaire et le ralentissement du processus de vieillissement.<\/p>\n","protected":false},"excerpt":{"rendered":"<p>Le glutathion est l&rsquo;un des antioxydants naturels les plus puissants pr\u00e9sents dans l&rsquo;organisme. Il prot\u00e8ge les cellules du stress oxydatif, soutient les processus de d\u00e9toxification dans le foie et renforce le syst\u00e8me immunitaire. Il joue un r\u00f4le crucial dans la r\u00e9g\u00e9n\u00e9ration cellulaire et le ralentissement du processus de vieillissement.<\/p>\n","protected":false},"featured_media":10990,"comment_status":"open","ping_status":"closed","template":"","meta":{"_kadence_starter_templates_imported_post":false,"_kad_post_transparent":"default","_kad_post_title":"","_kad_post_layout":"default","_kad_post_sidebar_id":"","_kad_post_content_style":"default","_kad_post_vertical_padding":"default","_kad_post_feature":"","_kad_post_feature_position":"","_kad_post_header":false,"_kad_post_footer":false,"_kad_post_classname":""},"product_brand":[],"product_cat":[99,89,136,96,95],"product_tag":[],"class_list":{"0":"post-10989","1":"product","2":"type-product","3":"status-publish","4":"has-post-thumbnail","6":"product_cat-anti-aging","7":"product_cat-bez-kategorii","8":"product_cat-skora-wlosy-paznokcie","9":"product_cat-regeneracja","10":"product_cat-suplementy","12":"first","13":"instock","14":"shipping-taxable","15":"purchasable","16":"product-type-variable","17":"has-default-attributes","18":"entry","19":"content-bg","20":"loop-entry"},"_links":{"self":[{"href":"https:\/\/x-peptides.com\/fr\/wp-json\/wp\/v2\/product\/10989","targetHints":{"allow":["GET"]}}],"collection":[{"href":"https:\/\/x-peptides.com\/fr\/wp-json\/wp\/v2\/product"}],"about":[{"href":"https:\/\/x-peptides.com\/fr\/wp-json\/wp\/v2\/types\/product"}],"replies":[{"embeddable":true,"href":"https:\/\/x-peptides.com\/fr\/wp-json\/wp\/v2\/comments?post=10989"}],"wp:featuredmedia":[{"embeddable":true,"href":"https:\/\/x-peptides.com\/fr\/wp-json\/wp\/v2\/media\/10990"}],"wp:attachment":[{"href":"https:\/\/x-peptides.com\/fr\/wp-json\/wp\/v2\/media?parent=10989"}],"wp:term":[{"taxonomy":"product_brand","embeddable":true,"href":"https:\/\/x-peptides.com\/fr\/wp-json\/wp\/v2\/product_brand?post=10989"},{"taxonomy":"product_cat","embeddable":true,"href":"https:\/\/x-peptides.com\/fr\/wp-json\/wp\/v2\/product_cat?post=10989"},{"taxonomy":"product_tag","embeddable":true,"href":"https:\/\/x-peptides.com\/fr\/wp-json\/wp\/v2\/product_tag?post=10989"}],"curies":[{"name":"wp","href":"https:\/\/api.w.org\/{rel}","templated":true}]}}