{"id":10973,"date":"2025-03-21T13:52:30","date_gmt":"2025-03-21T12:52:30","guid":{"rendered":"https:\/\/x-peptides.com\/produkt\/krill-oil\/"},"modified":"2026-02-25T10:44:50","modified_gmt":"2026-02-25T09:44:50","slug":"krill-oil","status":"publish","type":"product","link":"https:\/\/x-peptides.com\/fr\/produkt\/krill-oil\/","title":{"rendered":"KRILL OIL"},"content":{"rendered":"<p data-start=\"0\" data-end=\"49\"><strong data-start=\"0\" data-end=\"49\">HUILE DE KRILL &#8211; SOUTIEN POUR LE C\u0152UR, LE CERVEAU ET LES ARTICULATIONS<\/strong><\/p>\n<p data-start=\"51\" data-end=\"315\">Une source pr\u00e9cieuse d&rsquo;acides gras om\u00e9ga-3 (EPA et DHA), de phospholipides et d&rsquo;astaxanthine qui peuvent contribuer \u00e0 la sant\u00e9 cardiaque, \u00e0 la fonction cognitive et \u00e0 la r\u00e9g\u00e9n\u00e9ration des articulations. Gr\u00e2ce \u00e0 sa biodisponibilit\u00e9 \u00e9lev\u00e9e, l&rsquo;huile de krill est absorb\u00e9e plus efficacement que les huiles de poisson traditionnelles. <\/p>\n<p data-start=\"317\" data-end=\"443\">\u2714 Formule pure sans additifs inutiles<br data-start=\"361\" data-end=\"364\">\u2714 Suppl\u00e9mentation facile sous forme de g\u00e9lules<br data-start=\"402\" data-end=\"405\">\u2714 Excellente absorption et stabilit\u00e9<\/p>\n<p data-start=\"445\" data-end=\"482\" data-is-last-node=\"\" data-is-only-node=\"\">Choisissez un soutien naturel pour votre corps !<\/p>\n","protected":false},"excerpt":{"rendered":"<p>HUILE DE KRILL &#8211; SOUTIEN POUR LE C\u0152UR, LE CERVEAU ET LES ARTICULATIONS Une source pr\u00e9cieuse d&rsquo;acides gras om\u00e9ga-3 (EPA et DHA), de phospholipides et d&rsquo;astaxanthine qui peuvent contribuer \u00e0 la sant\u00e9 cardiaque, \u00e0 la fonction cognitive et \u00e0 la r\u00e9g\u00e9n\u00e9ration des articulations. Gr\u00e2ce \u00e0 sa biodisponibilit\u00e9 \u00e9lev\u00e9e, l&rsquo;huile de krill est absorb\u00e9e plus efficacement&#8230;<\/p>\n","protected":false},"featured_media":7919,"comment_status":"open","ping_status":"closed","template":"","meta":{"_kadence_starter_templates_imported_post":false,"_kad_post_transparent":"","_kad_post_title":"","_kad_post_layout":"","_kad_post_sidebar_id":"","_kad_post_content_style":"","_kad_post_vertical_padding":"","_kad_post_feature":"","_kad_post_feature_position":"","_kad_post_header":false,"_kad_post_footer":false,"_kad_post_classname":""},"product_brand":[],"product_cat":[109,134,107,87,138,105],"product_tag":[],"class_list":{"0":"post-10973","1":"product","2":"type-product","3":"status-publish","4":"has-post-thumbnail","6":"product_cat-anti-age","7":"product_cat-articulations-et-tendons","8":"product_cat-cerveau-memoire-et-concentration","9":"product_cat-non-classe","10":"product_cat-peau-cheveux-ongles","11":"product_cat-supplements","13":"first","14":"instock","15":"shipping-taxable","16":"purchasable","17":"product-type-variable","18":"has-default-attributes","19":"entry","20":"content-bg","21":"loop-entry"},"_links":{"self":[{"href":"https:\/\/x-peptides.com\/fr\/wp-json\/wp\/v2\/product\/10973","targetHints":{"allow":["GET"]}}],"collection":[{"href":"https:\/\/x-peptides.com\/fr\/wp-json\/wp\/v2\/product"}],"about":[{"href":"https:\/\/x-peptides.com\/fr\/wp-json\/wp\/v2\/types\/product"}],"replies":[{"embeddable":true,"href":"https:\/\/x-peptides.com\/fr\/wp-json\/wp\/v2\/comments?post=10973"}],"wp:featuredmedia":[{"embeddable":true,"href":"https:\/\/x-peptides.com\/fr\/wp-json\/wp\/v2\/media\/7919"}],"wp:attachment":[{"href":"https:\/\/x-peptides.com\/fr\/wp-json\/wp\/v2\/media?parent=10973"}],"wp:term":[{"taxonomy":"product_brand","embeddable":true,"href":"https:\/\/x-peptides.com\/fr\/wp-json\/wp\/v2\/product_brand?post=10973"},{"taxonomy":"product_cat","embeddable":true,"href":"https:\/\/x-peptides.com\/fr\/wp-json\/wp\/v2\/product_cat?post=10973"},{"taxonomy":"product_tag","embeddable":true,"href":"https:\/\/x-peptides.com\/fr\/wp-json\/wp\/v2\/product_tag?post=10973"}],"curies":[{"name":"wp","href":"https:\/\/api.w.org\/{rel}","templated":true}]}}