{"id":10933,"date":"2025-03-21T13:44:24","date_gmt":"2025-03-21T12:44:24","guid":{"rendered":"https:\/\/x-peptides.com\/produkt\/colostrum-45-en-poudre\/"},"modified":"2025-03-21T13:44:24","modified_gmt":"2025-03-21T12:44:24","slug":"colostrum-45-en-poudre","status":"publish","type":"product","link":"https:\/\/x-peptides.com\/fr\/produkt\/colostrum-45-en-poudre\/","title":{"rendered":"COLOSTRUM 45% EN POUDRE"},"content":{"rendered":"<p data-start=\"34\" data-end=\"199\"><strong>Colostrum de<\/strong> haute qualit\u00e9 riche en immunoglobulines, lactoferrine et facteurs de croissance. Une source naturelle de soutien \u00e0 l&rsquo;immunit\u00e9, \u00e0 la r\u00e9g\u00e9n\u00e9ration cellulaire et \u00e0 la sant\u00e9 intestinale. <\/p>\n<p data-start=\"201\" data-end=\"318\">\u2714 Exempt d&rsquo;additifs inutiles<br data-start=\"234\" data-end=\"237\">\u2714 Biodisponibilit\u00e9 et puret\u00e9 \u00e9lev\u00e9es<br data-start=\"270\" data-end=\"273\">\u2714 Colostrum naturel provenant de sources contr\u00f4l\u00e9es<\/p>\n","protected":false},"excerpt":{"rendered":"<p>Colostrum de haute qualit\u00e9 riche en immunoglobulines, lactoferrine et facteurs de croissance. Une source naturelle de soutien \u00e0 l&rsquo;immunit\u00e9, \u00e0 la r\u00e9g\u00e9n\u00e9ration cellulaire et \u00e0 la sant\u00e9 intestinale. \u2714 Exempt d&rsquo;additifs inutiles\u2714 Biodisponibilit\u00e9 et puret\u00e9 \u00e9lev\u00e9es\u2714 Colostrum naturel provenant de sources contr\u00f4l\u00e9es<\/p>\n","protected":false},"featured_media":7920,"comment_status":"open","ping_status":"closed","template":"","meta":{"_kadence_starter_templates_imported_post":false,"_kad_post_transparent":"","_kad_post_title":"","_kad_post_layout":"","_kad_post_sidebar_id":"","_kad_post_content_style":"","_kad_post_vertical_padding":"","_kad_post_feature":"","_kad_post_feature_position":"","_kad_post_header":false,"_kad_post_footer":false,"_kad_post_classname":""},"product_brand":[],"product_cat":[109,134,107,138,106,105],"product_tag":[],"class_list":{"0":"post-10933","1":"product","2":"type-product","3":"status-publish","4":"has-post-thumbnail","6":"product_cat-anti-age","7":"product_cat-articulations-et-tendons","8":"product_cat-cerveau-memoire-et-concentration","9":"product_cat-peau-cheveux-ongles","10":"product_cat-recuperation","11":"product_cat-supplements","13":"first","14":"instock","15":"shipping-taxable","16":"purchasable","17":"product-type-simple","18":"entry","19":"content-bg","20":"loop-entry"},"_links":{"self":[{"href":"https:\/\/x-peptides.com\/fr\/wp-json\/wp\/v2\/product\/10933","targetHints":{"allow":["GET"]}}],"collection":[{"href":"https:\/\/x-peptides.com\/fr\/wp-json\/wp\/v2\/product"}],"about":[{"href":"https:\/\/x-peptides.com\/fr\/wp-json\/wp\/v2\/types\/product"}],"replies":[{"embeddable":true,"href":"https:\/\/x-peptides.com\/fr\/wp-json\/wp\/v2\/comments?post=10933"}],"wp:featuredmedia":[{"embeddable":true,"href":"https:\/\/x-peptides.com\/fr\/wp-json\/wp\/v2\/media\/7920"}],"wp:attachment":[{"href":"https:\/\/x-peptides.com\/fr\/wp-json\/wp\/v2\/media?parent=10933"}],"wp:term":[{"taxonomy":"product_brand","embeddable":true,"href":"https:\/\/x-peptides.com\/fr\/wp-json\/wp\/v2\/product_brand?post=10933"},{"taxonomy":"product_cat","embeddable":true,"href":"https:\/\/x-peptides.com\/fr\/wp-json\/wp\/v2\/product_cat?post=10933"},{"taxonomy":"product_tag","embeddable":true,"href":"https:\/\/x-peptides.com\/fr\/wp-json\/wp\/v2\/product_tag?post=10933"}],"curies":[{"name":"wp","href":"https:\/\/api.w.org\/{rel}","templated":true}]}}