{"id":10913,"date":"2025-03-21T13:29:04","date_gmt":"2025-03-21T12:29:04","guid":{"rendered":"https:\/\/x-peptides.com\/produkt\/cna\/"},"modified":"2025-03-21T13:29:04","modified_gmt":"2025-03-21T12:29:04","slug":"cna","status":"publish","type":"product","link":"https:\/\/x-peptides.com\/fr\/produkt\/cna\/","title":{"rendered":"CNA"},"content":{"rendered":"<p data-start=\"56\" data-end=\"313\"><strong data-start=\"56\" data-end=\"313\">NAC de grande puret\u00e9 et stabilit\u00e9, utilis\u00e9e dans la recherche sur la fonction cognitive, le soutien immunitaire et la protection cellulaire. La NAC est un pr\u00e9curseur du glutathion, un antioxydant puissant qui peut contribuer \u00e0 la sant\u00e9 du syst\u00e8me nerveux et aux processus de d\u00e9toxification de l&rsquo;organisme. <\/strong><\/p>\n<p data-start=\"315\" data-end=\"455\">\u2714 Sans additifs inutiles<br data-start=\"348\" data-end=\"351\">\u2714 Concentration optimale et biodisponibilit\u00e9 \u00e9lev\u00e9e<br data-start=\"399\" data-end=\"402\">\u2714 Destin\u00e9 \u00e0 la recherche et aux applications industrielles<\/p>\n","protected":false},"excerpt":{"rendered":"<p>NAC de grande puret\u00e9 et stabilit\u00e9, utilis\u00e9e dans la recherche sur la fonction cognitive, le soutien immunitaire et la protection cellulaire. La NAC est un pr\u00e9curseur du glutathion, un antioxydant puissant qui peut contribuer \u00e0 la sant\u00e9 du syst\u00e8me nerveux et aux processus de d\u00e9toxification de l&rsquo;organisme. \u2714 Sans additifs inutiles\u2714 Concentration optimale et biodisponibilit\u00e9&#8230;<\/p>\n","protected":false},"featured_media":7922,"comment_status":"open","ping_status":"closed","template":"","meta":{"_kadence_starter_templates_imported_post":false,"_kad_post_transparent":"","_kad_post_title":"","_kad_post_layout":"","_kad_post_sidebar_id":"","_kad_post_content_style":"","_kad_post_vertical_padding":"","_kad_post_feature":"","_kad_post_feature_position":"","_kad_post_header":false,"_kad_post_footer":false,"_kad_post_classname":""},"product_brand":[],"product_cat":[107,87,106,108,105],"product_tag":[],"class_list":{"0":"post-10913","1":"product","2":"type-product","3":"status-publish","4":"has-post-thumbnail","6":"product_cat-cerveau-memoire-et-concentration","7":"product_cat-non-classe","8":"product_cat-recuperation","9":"product_cat-sommeil-et-relaxation","10":"product_cat-supplements","12":"first","13":"instock","14":"shipping-taxable","15":"purchasable","16":"product-type-variable","17":"has-default-attributes","18":"entry","19":"content-bg","20":"loop-entry"},"_links":{"self":[{"href":"https:\/\/x-peptides.com\/fr\/wp-json\/wp\/v2\/product\/10913","targetHints":{"allow":["GET"]}}],"collection":[{"href":"https:\/\/x-peptides.com\/fr\/wp-json\/wp\/v2\/product"}],"about":[{"href":"https:\/\/x-peptides.com\/fr\/wp-json\/wp\/v2\/types\/product"}],"replies":[{"embeddable":true,"href":"https:\/\/x-peptides.com\/fr\/wp-json\/wp\/v2\/comments?post=10913"}],"wp:featuredmedia":[{"embeddable":true,"href":"https:\/\/x-peptides.com\/fr\/wp-json\/wp\/v2\/media\/7922"}],"wp:attachment":[{"href":"https:\/\/x-peptides.com\/fr\/wp-json\/wp\/v2\/media?parent=10913"}],"wp:term":[{"taxonomy":"product_brand","embeddable":true,"href":"https:\/\/x-peptides.com\/fr\/wp-json\/wp\/v2\/product_brand?post=10913"},{"taxonomy":"product_cat","embeddable":true,"href":"https:\/\/x-peptides.com\/fr\/wp-json\/wp\/v2\/product_cat?post=10913"},{"taxonomy":"product_tag","embeddable":true,"href":"https:\/\/x-peptides.com\/fr\/wp-json\/wp\/v2\/product_tag?post=10913"}],"curies":[{"name":"wp","href":"https:\/\/api.w.org\/{rel}","templated":true}]}}