{"id":10752,"date":"2025-12-19T10:22:41","date_gmt":"2025-12-19T09:22:41","guid":{"rendered":"https:\/\/x-peptides.com\/produkt\/bpc-157tb-500ghk-cukpv-melange-klow\/"},"modified":"2026-03-04T19:10:58","modified_gmt":"2026-03-04T18:10:58","slug":"bpc-157tb-500ghk-cukpv-melange-klow","status":"publish","type":"product","link":"https:\/\/x-peptides.com\/fr\/produkt\/bpc-157tb-500ghk-cukpv-melange-klow\/","title":{"rendered":"BPC-157+TB 500+GHK-Cu+KPV &#8211; M\u00e9lange Klow"},"content":{"rendered":"<p data-start=\"162\" data-end=\"587\">Klow Blend est une formulation composite de quatre peptides synth\u00e9tiques de haute puret\u00e9, fournie sous forme de poudre lyophilis\u00e9e et destin\u00e9e <strong data-start=\"286\" data-end=\"334\">exclusivement \u00e0 la recherche in vitro en laboratoire<\/strong>. Les composants sont \u00e9tudi\u00e9s pour leurs r\u00f4les compl\u00e9mentaires dans les voies biochimiques li\u00e9es \u00e0 la dynamique du cytosquelette, \u00e0 la signalisation angiog\u00e9nique, aux marqueurs de la r\u00e9ponse inflammatoire et aux processus de remodelage des tissus dans des mod\u00e8les exp\u00e9rimentaux de recherche r\u00e9g\u00e9n\u00e9rative.<\/p>\n<p data-start=\"589\" data-end=\"620\"><strong data-start=\"589\" data-end=\"620\">Composition (Total : 80 mg) :<\/strong><\/p>\n<ul data-start=\"621\" data-end=\"719\">\n<li data-start=\"621\" data-end=\"639\">\n<p data-start=\"623\" data-end=\"639\">GHK-Cu &#8211; 50 mg<\/p>\n<\/li>\n<li data-start=\"640\" data-end=\"659\">\n<p data-start=\"642\" data-end=\"659\">BPC-157 &#8211; 10 mg<\/p>\n<\/li>\n<li data-start=\"660\" data-end=\"703\">\n<p data-start=\"662\" data-end=\"703\">TB-4 (fragment de thymosine b\u00eata-4) &#8211; 10 mg<\/p>\n<\/li>\n<li data-start=\"704\" data-end=\"719\">\n<p data-start=\"706\" data-end=\"719\">KPV &#8211; 10 mg<\/p>\n<\/li>\n<\/ul>\n<p><strong data-start=\"382\" data-end=\"433\">R\u00e9actif de laboratoire &#8211; \u00e0 des fins de recherche uniquement<\/strong><br data-start=\"433\" data-end=\"436\" \/>Ce produit est class\u00e9 comme un r\u00e9actif chimique \u00e0 usage de recherche exclusivement et doit \u00eatre manipul\u00e9 par des professionnels qualifi\u00e9s dans des conditions de laboratoire. Il ne s&rsquo;agit pas d&rsquo;un compl\u00e9ment alimentaire, d&rsquo;un m\u00e9dicament ou d&rsquo;un produit alimentaire, et il n&rsquo;est pas destin\u00e9 \u00e0 la consommation humaine. Toutes les informations fournies le sont \u00e0 des fins \u00e9ducatives uniquement.<\/p>\n","protected":false},"excerpt":{"rendered":"<p>Klow Blend est une formulation composite de quatre peptides synth\u00e9tiques de haute puret\u00e9, fournie sous forme de poudre lyophilis\u00e9e et destin\u00e9e exclusivement \u00e0 la recherche in vitro en laboratoire. Les composants sont \u00e9tudi\u00e9s pour leurs r\u00f4les compl\u00e9mentaires dans les voies biochimiques li\u00e9es \u00e0 la dynamique du cytosquelette, \u00e0 la signalisation angiog\u00e9nique, aux marqueurs de la&#8230;<\/p>\n","protected":false},"featured_media":10754,"comment_status":"open","ping_status":"closed","template":"","meta":{"_kadence_starter_templates_imported_post":false,"_kad_post_transparent":"default","_kad_post_title":"","_kad_post_layout":"default","_kad_post_sidebar_id":"","_kad_post_content_style":"default","_kad_post_vertical_padding":"default","_kad_post_feature":"","_kad_post_feature_position":"","_kad_post_header":false,"_kad_post_footer":false,"_kad_post_classname":""},"product_brand":[],"product_cat":[109,134,113,87,111,106],"product_tag":[],"class_list":{"0":"post-10752","1":"product","2":"type-product","3":"status-publish","4":"has-post-thumbnail","6":"product_cat-anti-age","7":"product_cat-articulations-et-tendons","8":"product_cat-fioles","9":"product_cat-non-classe","10":"product_cat-peptides","11":"product_cat-recuperation","13":"first","14":"instock","15":"shipping-taxable","16":"purchasable","17":"product-type-simple","18":"entry","19":"content-bg","20":"loop-entry"},"_links":{"self":[{"href":"https:\/\/x-peptides.com\/fr\/wp-json\/wp\/v2\/product\/10752","targetHints":{"allow":["GET"]}}],"collection":[{"href":"https:\/\/x-peptides.com\/fr\/wp-json\/wp\/v2\/product"}],"about":[{"href":"https:\/\/x-peptides.com\/fr\/wp-json\/wp\/v2\/types\/product"}],"replies":[{"embeddable":true,"href":"https:\/\/x-peptides.com\/fr\/wp-json\/wp\/v2\/comments?post=10752"}],"wp:featuredmedia":[{"embeddable":true,"href":"https:\/\/x-peptides.com\/fr\/wp-json\/wp\/v2\/media\/10754"}],"wp:attachment":[{"href":"https:\/\/x-peptides.com\/fr\/wp-json\/wp\/v2\/media?parent=10752"}],"wp:term":[{"taxonomy":"product_brand","embeddable":true,"href":"https:\/\/x-peptides.com\/fr\/wp-json\/wp\/v2\/product_brand?post=10752"},{"taxonomy":"product_cat","embeddable":true,"href":"https:\/\/x-peptides.com\/fr\/wp-json\/wp\/v2\/product_cat?post=10752"},{"taxonomy":"product_tag","embeddable":true,"href":"https:\/\/x-peptides.com\/fr\/wp-json\/wp\/v2\/product_tag?post=10752"}],"curies":[{"name":"wp","href":"https:\/\/api.w.org\/{rel}","templated":true}]}}