{"id":10190,"date":"2025-08-25T11:26:32","date_gmt":"2025-08-25T09:26:32","guid":{"rendered":"https:\/\/x-peptides.com\/produkt\/pe-22-28-10-mg\/"},"modified":"2025-08-25T11:26:32","modified_gmt":"2025-08-25T09:26:32","slug":"pe-22-28-10-mg","status":"publish","type":"product","link":"https:\/\/x-peptides.com\/fr\/produkt\/pe-22-28-10-mg\/","title":{"rendered":"PE-22-28 10 mg"},"content":{"rendered":"<p data-start=\"133\" data-end=\"464\"><strong data-start=\"133\" data-end=\"464\">PE-22-28 10 mg <\/strong>est un peptide de recherche synth\u00e9tique d\u00e9riv\u00e9 de la spadine, un fragment peptidique naturel de la prot\u00e9ine sortiline. Il agit comme un antagoniste du r\u00e9cepteur TREK-1 (un canal potassique de la famille TWIK), qui a \u00e9t\u00e9 identifi\u00e9 comme une cible th\u00e9rapeutique potentielle dans la recherche sur la d\u00e9pression et la modulation de la neurogen\u00e8se. <\/p>\n<p data-start=\"466\" data-end=\"603\">Ce compos\u00e9 est utilis\u00e9 dans des \u00e9tudes exp\u00e9rimentales portant sur le syst\u00e8me nerveux, la plasticit\u00e9 synaptique et les processus de r\u00e9g\u00e9n\u00e9ration neuronale.<\/p>\n<p data-start=\"605\" data-end=\"675\">Dans les \u00e9tudes pr\u00e9cliniques, on a observ\u00e9 que le PE-22-28 pouvait potentiellement :<\/p>\n<ul data-start=\"677\" data-end=\"1037\">\n<li data-start=\"677\" data-end=\"748\">\n<p data-start=\"679\" data-end=\"748\">bloquent le r\u00e9cepteur TREK-1 plus efficacement que la spadine naturelle,<\/p>\n<\/li>\n<li data-start=\"749\" data-end=\"811\">\n<p data-start=\"751\" data-end=\"811\">pr\u00e9sentent des propri\u00e9t\u00e9s antid\u00e9pressives et neuroprotectrices,<\/p>\n<\/li>\n<li data-start=\"812\" data-end=\"878\">\n<p data-start=\"814\" data-end=\"878\">induisent la neurogen\u00e8se quelques jours seulement apr\u00e8s l&rsquo;application,<\/p>\n<\/li>\n<li data-start=\"879\" data-end=\"938\">\n<p data-start=\"881\" data-end=\"938\">soutenir la recherche sur les m\u00e9canismes d&rsquo;apprentissage et de m\u00e9moire,<\/p>\n<\/li>\n<li data-start=\"939\" data-end=\"1037\">\n<p data-start=\"941\" data-end=\"1037\">\u00eatre \u00e9valu\u00e9s en vue d&rsquo;une utilisation potentielle dans la r\u00e9g\u00e9n\u00e9ration post-AVC et les conditions neurod\u00e9g\u00e9n\u00e9ratives.<\/p>\n<\/li>\n<\/ul>\n<p data-start=\"1039\" data-end=\"1401\"><strong data-start=\"1039\" data-end=\"1091\">R\u00e9actif de laboratoire &#8211; \u00e0 des fins de recherche uniquement.<\/strong><br data-start=\"1091\" data-end=\"1094\">Ce produit est class\u00e9 comme un r\u00e9actif chimique strictement destin\u00e9 \u00e0 la recherche et doit \u00eatre manipul\u00e9 par des professionnels qualifi\u00e9s dans des conditions de laboratoire. Il ne s&rsquo;agit pas d&rsquo;un compl\u00e9ment alimentaire, d&rsquo;un m\u00e9dicament ou d&rsquo;un produit alimentaire et il n&rsquo;est pas destin\u00e9 \u00e0 la consommation humaine. Toutes les informations fournies le sont \u00e0 des fins \u00e9ducatives uniquement.  <\/p>\n","protected":false},"excerpt":{"rendered":"<p>PE-22-28 10 mg est un peptide de recherche synth\u00e9tique d\u00e9riv\u00e9 de la spadine, un fragment peptidique naturel de la prot\u00e9ine sortiline. Il agit comme un antagoniste du r\u00e9cepteur TREK-1 (un canal potassique de la famille TWIK), qui a \u00e9t\u00e9 identifi\u00e9 comme une cible th\u00e9rapeutique potentielle dans la recherche sur la d\u00e9pression et la modulation de&#8230;<\/p>\n","protected":false},"featured_media":10194,"comment_status":"open","ping_status":"closed","template":"","meta":{"_kadence_starter_templates_imported_post":false,"_kad_post_transparent":"","_kad_post_title":"","_kad_post_layout":"","_kad_post_sidebar_id":"","_kad_post_content_style":"","_kad_post_vertical_padding":"","_kad_post_feature":"","_kad_post_feature_position":"","_kad_post_header":false,"_kad_post_footer":false,"_kad_post_classname":""},"product_brand":[],"product_cat":[107,113,87,111],"product_tag":[],"class_list":{"0":"post-10190","1":"product","2":"type-product","3":"status-publish","4":"has-post-thumbnail","6":"product_cat-cerveau-memoire-et-concentration","7":"product_cat-fioles","8":"product_cat-non-classe","9":"product_cat-peptides","11":"first","12":"outofstock","13":"shipping-taxable","14":"purchasable","15":"product-type-simple","16":"entry","17":"content-bg","18":"loop-entry"},"_links":{"self":[{"href":"https:\/\/x-peptides.com\/fr\/wp-json\/wp\/v2\/product\/10190","targetHints":{"allow":["GET"]}}],"collection":[{"href":"https:\/\/x-peptides.com\/fr\/wp-json\/wp\/v2\/product"}],"about":[{"href":"https:\/\/x-peptides.com\/fr\/wp-json\/wp\/v2\/types\/product"}],"replies":[{"embeddable":true,"href":"https:\/\/x-peptides.com\/fr\/wp-json\/wp\/v2\/comments?post=10190"}],"wp:featuredmedia":[{"embeddable":true,"href":"https:\/\/x-peptides.com\/fr\/wp-json\/wp\/v2\/media\/10194"}],"wp:attachment":[{"href":"https:\/\/x-peptides.com\/fr\/wp-json\/wp\/v2\/media?parent=10190"}],"wp:term":[{"taxonomy":"product_brand","embeddable":true,"href":"https:\/\/x-peptides.com\/fr\/wp-json\/wp\/v2\/product_brand?post=10190"},{"taxonomy":"product_cat","embeddable":true,"href":"https:\/\/x-peptides.com\/fr\/wp-json\/wp\/v2\/product_cat?post=10190"},{"taxonomy":"product_tag","embeddable":true,"href":"https:\/\/x-peptides.com\/fr\/wp-json\/wp\/v2\/product_tag?post=10190"}],"curies":[{"name":"wp","href":"https:\/\/api.w.org\/{rel}","templated":true}]}}