{"id":10151,"date":"2025-07-09T12:43:18","date_gmt":"2025-07-09T10:43:18","guid":{"rendered":"https:\/\/x-peptides.com\/produkt\/wormageddon\/"},"modified":"2025-07-09T12:43:18","modified_gmt":"2025-07-09T10:43:18","slug":"wormageddon","status":"publish","type":"product","link":"https:\/\/x-peptides.com\/fr\/produkt\/wormageddon\/","title":{"rendered":"Wormageddon"},"content":{"rendered":"<p data-start=\"201\" data-end=\"451\">Cette substance est destin\u00e9e \u00e0 des applications de recherche. Elle contient des compos\u00e9s utilis\u00e9s dans des \u00e9tudes ax\u00e9es sur la lutte contre divers types de parasites, y compris ceux qui peuvent se trouver dans le syst\u00e8me gastro-intestinal des humains et des animaux. <\/p>\n","protected":false},"excerpt":{"rendered":"<p>Cette substance est destin\u00e9e \u00e0 des applications de recherche. Elle contient des compos\u00e9s utilis\u00e9s dans des \u00e9tudes ax\u00e9es sur la lutte contre divers types de parasites, y compris ceux qui peuvent se trouver dans le syst\u00e8me gastro-intestinal des humains et des animaux.<\/p>\n","protected":false},"featured_media":8093,"comment_status":"open","ping_status":"closed","template":"","meta":{"_kadence_starter_templates_imported_post":false,"_kad_post_transparent":"","_kad_post_title":"","_kad_post_layout":"","_kad_post_sidebar_id":"","_kad_post_content_style":"","_kad_post_vertical_padding":"","_kad_post_feature":"","_kad_post_feature_position":"","_kad_post_header":false,"_kad_post_footer":false,"_kad_post_classname":""},"product_brand":[],"product_cat":[134,87,138,106,108],"product_tag":[],"class_list":{"0":"post-10151","1":"product","2":"type-product","3":"status-publish","4":"has-post-thumbnail","6":"product_cat-articulations-et-tendons","7":"product_cat-non-classe","8":"product_cat-peau-cheveux-ongles","9":"product_cat-recuperation","10":"product_cat-sommeil-et-relaxation","12":"first","13":"instock","14":"shipping-taxable","15":"purchasable","16":"product-type-variable","17":"has-default-attributes","18":"entry","19":"content-bg","20":"loop-entry"},"_links":{"self":[{"href":"https:\/\/x-peptides.com\/fr\/wp-json\/wp\/v2\/product\/10151","targetHints":{"allow":["GET"]}}],"collection":[{"href":"https:\/\/x-peptides.com\/fr\/wp-json\/wp\/v2\/product"}],"about":[{"href":"https:\/\/x-peptides.com\/fr\/wp-json\/wp\/v2\/types\/product"}],"replies":[{"embeddable":true,"href":"https:\/\/x-peptides.com\/fr\/wp-json\/wp\/v2\/comments?post=10151"}],"wp:featuredmedia":[{"embeddable":true,"href":"https:\/\/x-peptides.com\/fr\/wp-json\/wp\/v2\/media\/8093"}],"wp:attachment":[{"href":"https:\/\/x-peptides.com\/fr\/wp-json\/wp\/v2\/media?parent=10151"}],"wp:term":[{"taxonomy":"product_brand","embeddable":true,"href":"https:\/\/x-peptides.com\/fr\/wp-json\/wp\/v2\/product_brand?post=10151"},{"taxonomy":"product_cat","embeddable":true,"href":"https:\/\/x-peptides.com\/fr\/wp-json\/wp\/v2\/product_cat?post=10151"},{"taxonomy":"product_tag","embeddable":true,"href":"https:\/\/x-peptides.com\/fr\/wp-json\/wp\/v2\/product_tag?post=10151"}],"curies":[{"name":"wp","href":"https:\/\/api.w.org\/{rel}","templated":true}]}}