{"id":9962,"date":"2025-05-29T14:02:33","date_gmt":"2025-05-29T12:02:33","guid":{"rendered":"https:\/\/x-peptides.com\/produkt\/bor\/"},"modified":"2026-04-17T13:33:53","modified_gmt":"2026-04-17T11:33:53","slug":"bor","status":"publish","type":"product","link":"https:\/\/x-peptides.com\/de\/produkt\/bor\/","title":{"rendered":"Bor"},"content":{"rendered":"<p data-start=\"48\" data-end=\"367\"><strong data-start=\"48\" data-end=\"96\">Bor &#8211; Aminos\u00e4urechelat (Bor-Glycinat)<\/strong><br data-start=\"96\" data-end=\"99\" \/>Bor ist ein Spurenelement, das in Form eines Aminos\u00e4urechelats (Bor-Glycinat) als hochreiner Rohstoff f\u00fcr technische und Laborzwecke dient. Es kann in der Forschung eingesetzt werden, die sich mit dem metabolischen Gleichgewicht, der mineralischen Hom\u00f6ostase und regenerativen Prozessen besch\u00e4ftigt.<\/p>\n<p data-start=\"369\" data-end=\"425\"><strong data-start=\"369\" data-end=\"425\">Dieses Produkt ist nur f\u00fcr Forschungszwecke bestimmt.<\/strong><\/p>\n","protected":false},"excerpt":{"rendered":"<p>Bor &#8211; Aminos\u00e4urechelat (Bor-Glycinat)Bor ist ein Spurenelement, das in Form eines Aminos\u00e4urechelats (Bor-Glycinat) als hochreiner Rohstoff f\u00fcr technische und Laborzwecke dient. Es kann in der Forschung eingesetzt werden, die sich mit dem metabolischen Gleichgewicht, der mineralischen Hom\u00f6ostase und regenerativen Prozessen besch\u00e4ftigt. Dieses Produkt ist nur f\u00fcr Forschungszwecke bestimmt.<\/p>\n","protected":false},"featured_media":9963,"comment_status":"open","ping_status":"closed","template":"","meta":{"_kadence_starter_templates_imported_post":false,"_kad_post_transparent":"default","_kad_post_title":"","_kad_post_layout":"default","_kad_post_sidebar_id":"","_kad_post_content_style":"default","_kad_post_vertical_padding":"default","_kad_post_feature":"","_kad_post_feature_position":"","_kad_post_header":false,"_kad_post_footer":false,"_kad_post_classname":""},"product_brand":[],"product_cat":[104,101,133,88],"product_tag":[],"class_list":{"0":"post-9962","1":"product","2":"type-product","3":"status-publish","4":"has-post-thumbnail","6":"product_cat-anti-aging","7":"product_cat-erholung","8":"product_cat-gelenke-sehnen","9":"product_cat-unkategorisiert","11":"first","12":"instock","13":"shipping-taxable","14":"purchasable","15":"product-type-variable","16":"has-default-attributes","17":"entry","18":"content-bg","19":"loop-entry"},"_links":{"self":[{"href":"https:\/\/x-peptides.com\/de\/wp-json\/wp\/v2\/product\/9962","targetHints":{"allow":["GET"]}}],"collection":[{"href":"https:\/\/x-peptides.com\/de\/wp-json\/wp\/v2\/product"}],"about":[{"href":"https:\/\/x-peptides.com\/de\/wp-json\/wp\/v2\/types\/product"}],"replies":[{"embeddable":true,"href":"https:\/\/x-peptides.com\/de\/wp-json\/wp\/v2\/comments?post=9962"}],"wp:featuredmedia":[{"embeddable":true,"href":"https:\/\/x-peptides.com\/de\/wp-json\/wp\/v2\/media\/9963"}],"wp:attachment":[{"href":"https:\/\/x-peptides.com\/de\/wp-json\/wp\/v2\/media?parent=9962"}],"wp:term":[{"taxonomy":"product_brand","embeddable":true,"href":"https:\/\/x-peptides.com\/de\/wp-json\/wp\/v2\/product_brand?post=9962"},{"taxonomy":"product_cat","embeddable":true,"href":"https:\/\/x-peptides.com\/de\/wp-json\/wp\/v2\/product_cat?post=9962"},{"taxonomy":"product_tag","embeddable":true,"href":"https:\/\/x-peptides.com\/de\/wp-json\/wp\/v2\/product_tag?post=9962"}],"curies":[{"name":"wp","href":"https:\/\/api.w.org\/{rel}","templated":true}]}}