{"id":9894,"date":"2025-04-30T10:40:56","date_gmt":"2025-04-30T08:40:56","guid":{"rendered":"https:\/\/x-peptides.com\/produkt\/tudca\/"},"modified":"2026-04-17T14:14:04","modified_gmt":"2026-04-17T12:14:04","slug":"tudca","status":"publish","type":"product","link":"https:\/\/x-peptides.com\/de\/produkt\/tudca\/","title":{"rendered":"TUDCA"},"content":{"rendered":"<p><strong>TUDCA<\/strong> ist eine nat\u00fcrlich vorkommende Gallens\u00e4ure, die f\u00fcr ihre unterst\u00fctzende Wirkung auf den Schutz und die Regeneration der Zellen bekannt ist. Sie hat einen positiven Einfluss auf die Funktion der Mitochondrien und unterst\u00fctzt Prozesse im Zusammenhang mit der Entgiftung und der Aufrechterhaltung des intrazellul\u00e4ren Gleichgewichts. TUDCA kann auch das Nervensystem unterst\u00fctzen und zum Schutz vor oxidativem Stress beitragen. Es wird f\u00fcr seine Rolle bei der F\u00f6rderung der allgemeinen zellul\u00e4ren Gesundheit und der physiologischen Widerstandsf\u00e4higkeit gesch\u00e4tzt.<\/p>\n","protected":false},"excerpt":{"rendered":"<p>TUDCA ist eine nat\u00fcrlich vorkommende Gallens\u00e4ure, die f\u00fcr ihre unterst\u00fctzende Wirkung auf den Schutz und die Regeneration der Zellen bekannt ist. Sie hat einen positiven Einfluss auf die Funktion der Mitochondrien und unterst\u00fctzt Prozesse im Zusammenhang mit der Entgiftung und der Aufrechterhaltung des intrazellul\u00e4ren Gleichgewichts. TUDCA kann auch das Nervensystem unterst\u00fctzen und zum Schutz vor&#8230;<\/p>\n","protected":false},"featured_media":9896,"comment_status":"open","ping_status":"closed","template":"","meta":{"_kadence_starter_templates_imported_post":false,"_kad_post_transparent":"default","_kad_post_title":"","_kad_post_layout":"default","_kad_post_sidebar_id":"","_kad_post_content_style":"default","_kad_post_vertical_padding":"default","_kad_post_feature":"","_kad_post_feature_position":"","_kad_post_header":false,"_kad_post_footer":false,"_kad_post_classname":""},"product_brand":[],"product_cat":[109,106,126,87],"product_tag":[],"class_list":{"0":"post-9894","1":"product","2":"type-product","3":"status-publish","4":"has-post-thumbnail","6":"product_cat-anti-age","7":"product_cat-recuperation","8":"product_cat-nootropics","9":"product_cat-non-classe","11":"first","12":"instock","13":"shipping-taxable","14":"purchasable","15":"product-type-variable","16":"has-default-attributes","17":"entry","18":"content-bg","19":"loop-entry"},"_links":{"self":[{"href":"https:\/\/x-peptides.com\/de\/wp-json\/wp\/v2\/product\/9894","targetHints":{"allow":["GET"]}}],"collection":[{"href":"https:\/\/x-peptides.com\/de\/wp-json\/wp\/v2\/product"}],"about":[{"href":"https:\/\/x-peptides.com\/de\/wp-json\/wp\/v2\/types\/product"}],"replies":[{"embeddable":true,"href":"https:\/\/x-peptides.com\/de\/wp-json\/wp\/v2\/comments?post=9894"}],"wp:featuredmedia":[{"embeddable":true,"href":"https:\/\/x-peptides.com\/de\/wp-json\/wp\/v2\/media\/9896"}],"wp:attachment":[{"href":"https:\/\/x-peptides.com\/de\/wp-json\/wp\/v2\/media?parent=9894"}],"wp:term":[{"taxonomy":"product_brand","embeddable":true,"href":"https:\/\/x-peptides.com\/de\/wp-json\/wp\/v2\/product_brand?post=9894"},{"taxonomy":"product_cat","embeddable":true,"href":"https:\/\/x-peptides.com\/de\/wp-json\/wp\/v2\/product_cat?post=9894"},{"taxonomy":"product_tag","embeddable":true,"href":"https:\/\/x-peptides.com\/de\/wp-json\/wp\/v2\/product_tag?post=9894"}],"curies":[{"name":"wp","href":"https:\/\/api.w.org\/{rel}","templated":true}]}}