{"id":9863,"date":"2025-04-30T10:35:44","date_gmt":"2025-04-30T08:35:44","guid":{"rendered":"https:\/\/x-peptides.com\/produkt\/methyl-blau\/"},"modified":"2025-04-30T10:35:44","modified_gmt":"2025-04-30T08:35:44","slug":"methyl-blau","status":"publish","type":"product","link":"https:\/\/x-peptides.com\/de\/produkt\/methyl-blau\/","title":{"rendered":"METHYL BLAU"},"content":{"rendered":"<p><strong data-start=\"0\" data-end=\"18\" data-is-only-node=\"\">Methylenblau<\/strong> ist eine Verbindung mit einzigartigen Eigenschaften, die die Gehirnfunktion und die zellul\u00e4re Aktivit\u00e4t auf mitochondrialer Ebene unterst\u00fctzt. Es kann eine positive Wirkung auf Ged\u00e4chtnis, Konzentration und geistige Klarheit haben. Es tr\u00e4gt auch zum Schutz vor oxidativem Stress bei, was zu einer h\u00f6heren Leistungsf\u00e4higkeit und einem besseren kognitiven Wohlbefinden beitr\u00e4gt. Gesch\u00e4tzt f\u00fcr seine Rolle bei der Unterst\u00fctzung der zellul\u00e4ren Energie und der neurologischen Funktion.   <\/p>\n","protected":false},"excerpt":{"rendered":"<p>Methylenblau ist eine Verbindung mit einzigartigen Eigenschaften, die die Gehirnfunktion und die zellul\u00e4re Aktivit\u00e4t auf mitochondrialer Ebene unterst\u00fctzt. Es kann eine positive Wirkung auf Ged\u00e4chtnis, Konzentration und geistige Klarheit haben. Es tr\u00e4gt auch zum Schutz vor oxidativem Stress bei, was zu einer h\u00f6heren Leistungsf\u00e4higkeit und einem besseren kognitiven Wohlbefinden beitr\u00e4gt. Gesch\u00e4tzt f\u00fcr seine Rolle bei&#8230;<\/p>\n","protected":false},"featured_media":7903,"comment_status":"open","ping_status":"closed","template":"","meta":{"_kadence_starter_templates_imported_post":false,"_kad_post_transparent":"","_kad_post_title":"","_kad_post_layout":"","_kad_post_sidebar_id":"","_kad_post_content_style":"","_kad_post_vertical_padding":"","_kad_post_feature":"","_kad_post_feature_position":"","_kad_post_header":false,"_kad_post_footer":false,"_kad_post_classname":""},"product_brand":[],"product_cat":[104,102,125,88],"product_tag":[],"class_list":{"0":"post-9863","1":"product","2":"type-product","3":"status-publish","4":"has-post-thumbnail","6":"product_cat-anti-aging","7":"product_cat-gehirn-gedachtnis-konzentration","8":"product_cat-nootropics","9":"product_cat-unkategorisiert","11":"first","12":"instock","13":"shipping-taxable","14":"purchasable","15":"product-type-variable","16":"has-default-attributes","17":"entry","18":"content-bg","19":"loop-entry"},"_links":{"self":[{"href":"https:\/\/x-peptides.com\/de\/wp-json\/wp\/v2\/product\/9863","targetHints":{"allow":["GET"]}}],"collection":[{"href":"https:\/\/x-peptides.com\/de\/wp-json\/wp\/v2\/product"}],"about":[{"href":"https:\/\/x-peptides.com\/de\/wp-json\/wp\/v2\/types\/product"}],"replies":[{"embeddable":true,"href":"https:\/\/x-peptides.com\/de\/wp-json\/wp\/v2\/comments?post=9863"}],"wp:featuredmedia":[{"embeddable":true,"href":"https:\/\/x-peptides.com\/de\/wp-json\/wp\/v2\/media\/7903"}],"wp:attachment":[{"href":"https:\/\/x-peptides.com\/de\/wp-json\/wp\/v2\/media?parent=9863"}],"wp:term":[{"taxonomy":"product_brand","embeddable":true,"href":"https:\/\/x-peptides.com\/de\/wp-json\/wp\/v2\/product_brand?post=9863"},{"taxonomy":"product_cat","embeddable":true,"href":"https:\/\/x-peptides.com\/de\/wp-json\/wp\/v2\/product_cat?post=9863"},{"taxonomy":"product_tag","embeddable":true,"href":"https:\/\/x-peptides.com\/de\/wp-json\/wp\/v2\/product_tag?post=9863"}],"curies":[{"name":"wp","href":"https:\/\/api.w.org\/{rel}","templated":true}]}}